{"id":6305,"date":"2019-10-07T07:55:32","date_gmt":"2019-10-07T07:55:32","guid":{"rendered":"https:\/\/carney-gmbh.com\/?post_type=product&#038;p=6305"},"modified":"2025-12-29T11:47:34","modified_gmt":"2025-12-29T11:47:34","slug":"ronis-cc","status":"publish","type":"product","link":"https:\/\/carney-gmbh.com\/?product=ronis-cc","title":{"rendered":"Schl\u00fcssel RONIS CC"},"content":{"rendered":"<h1><strong>Schl\u00fcssel RONIS CC<\/strong><\/h1>\n<p>Ersatzschl\u00fcssel, Nachschl\u00fcssel <strong>RONIS CC <\/strong>nach Schl\u00fcsselnummer<\/p>\n<p>Bitte geben Sie uns zur Fertigung f\u00fcr den Ersatzschl\u00fcssel bzw. Nachschl\u00fcssel<strong> RONIS CC <\/strong>Ihre Schl\u00fcsselnummer an.<\/p>\n<p>Bei dem hier angebotenen Schl\u00fcssel RONIS CC handelt es sich um ein vorhandenes Profil aus dem Bereich Industrie. Auf den Fotos abgebildet ist ein Rohling. Wir schneiden Ihr gew\u00fcnschtes Profil in den Rohling und markieren diesen zur Identifikation mit Ihrer Schl\u00fcsselnummer. Ihre Schl\u00fcsselnummer stellt ein fest definiertes Profil innerhalb einer Schlie\u00dfserie dar. Die Schl\u00fcsselnummern werden auch als Schlie\u00dfungen bezeichnet. Bei der Produktion greifen wir auf Datenbanken zu. Dabei wird Ihr Profil im Datenstamm abgeglichen und geschnitten.<\/p>\n<p>Wir stellen Ersatzschl\u00fcssel bzw. Nachschl\u00fcssel der Hersteller RONIS, DOM, BURG, EURO-LOCKS, MLM und CES her. Wir m\u00f6chten dem Kunden damit die h\u00f6chstm\u00f6gliche Qualit\u00e4t zum bestm\u00f6glichen Preis anbieten. Die Schl\u00fcssel werden f\u00fcr Industrieschl\u00f6sser mit 4-10 Zuhaltungen verwendet. Dies sind zumeist Hebel- oder Riegelschl\u00f6sser. \u00dcblicherweise finden diese Anwendung bei B\u00fcro- und Werkstatteinrichtungen. Doch auch in anderen Bereichen werden diese Schl\u00f6sser verwendet. So findet man diese auch bei Umhausungen (Gartenh\u00fctten, Gartenboxen, u. \u00c4.), im Au\u00dfenbereich, bei Krankenh\u00e4usern, bei Automaten, in der Gastronomie, im Flugzeugbau, im Fitness- und Wellness-Bereich sowie im Bereich Automotive.<\/p>\n<p>Die Ersatzschl\u00fcssel RONIS CC bestehen aus einem Schl\u00fcsselbart und einem Schl\u00fcsselkopf. Auf dem Schl\u00fcsselkopf findet man die Herstellerbezeichnung sowie die Kennzeichnung f\u00fcr den Rohling. Wir gravieren zus\u00e4tzlich die entsprechende Schl\u00fcsselnummer in den Schl\u00fcsselkopf. Der Schl\u00fcsselbart stellt das Schl\u00fcsselprofil im fertigen Zustand dar und wird zur \u00d6ffnung des jeweiligen Schlosses verwendet. Je nach Schlie\u00dfserie wird das Profil in nur eine Seite oder in beide Seiten gefr\u00e4st. F\u00fcr jede Schlie\u00dfserie existiert eine feste Anzahl an Zuhaltungen mit entsprechenden Abst\u00e4nden und Einschnittwinkeln. Mit diesen Daten wird Ihr Schl\u00fcssel hergestellt.<\/p>\n<p>Wir bieten hier lediglich einige g\u00e4ngige Schl\u00fcsselserien an. Ben\u00f6tigen Sie eine gr\u00f6\u00dfere Menge oder einen Spezialschl\u00fcssel, k\u00f6nnen Sie uns gerne direkt kontaktieren. Wir &#8211; das Team von der CARNEY GmbH &#8211; finden sicherlich auch eine L\u00f6sung f\u00fcr Sie.<\/p>\n<p><strong>Kontaktformular:<\/strong><\/p>\n\n<div class=\"wpcf7 no-js\" id=\"wpcf7-f706-o1\" lang=\"de-DE\" dir=\"ltr\" data-wpcf7-id=\"706\">\n<div class=\"screen-reader-response\"><p role=\"status\" aria-live=\"polite\" aria-atomic=\"true\"><\/p> <ul><\/ul><\/div>\n<form action=\"\/index.php?rest_route=%2Fwp%2Fv2%2Fproduct%2F6305#wpcf7-f706-o1\" method=\"post\" class=\"wpcf7-form init\" aria-label=\"Kontaktformular\" novalidate=\"novalidate\" data-status=\"init\">\n<fieldset class=\"hidden-fields-container\"><input type=\"hidden\" name=\"_wpcf7\" value=\"706\" \/><input type=\"hidden\" name=\"_wpcf7_version\" value=\"6.1.5\" \/><input type=\"hidden\" name=\"_wpcf7_locale\" value=\"de_DE\" \/><input type=\"hidden\" name=\"_wpcf7_unit_tag\" value=\"wpcf7-f706-o1\" \/><input type=\"hidden\" name=\"_wpcf7_container_post\" value=\"0\" \/><input type=\"hidden\" name=\"_wpcf7_posted_data_hash\" value=\"\" \/>\n<\/fieldset>\n<p><label> Name<br \/>\n<span class=\"wpcf7-form-control-wrap\" data-name=\"your-name\"><input size=\"40\" maxlength=\"400\" class=\"wpcf7-form-control wpcf7-text wpcf7-validates-as-required\" aria-required=\"true\" aria-invalid=\"false\" value=\"\" type=\"text\" name=\"your-name\" \/><\/span> <\/label>\n<\/p>\n<p><label> E-Mail-Adresse<br \/>\n<span class=\"wpcf7-form-control-wrap\" data-name=\"your-email\"><input size=\"40\" maxlength=\"400\" class=\"wpcf7-form-control wpcf7-email wpcf7-validates-as-required wpcf7-text wpcf7-validates-as-email\" aria-required=\"true\" aria-invalid=\"false\" value=\"\" type=\"email\" name=\"your-email\" \/><\/span> <\/label>\n<\/p>\n<p><label> Betreff \/ Subject<br \/>\n<span class=\"wpcf7-form-control-wrap\" data-name=\"your-subject\"><input size=\"40\" maxlength=\"400\" class=\"wpcf7-form-control wpcf7-text\" aria-invalid=\"false\" value=\"\" type=\"text\" name=\"your-subject\" \/><\/span> <\/label>\n<\/p>\n<p><label> Ihre Nachricht \/ Message<br \/>\n<span class=\"wpcf7-form-control-wrap\" data-name=\"your-message\"><textarea cols=\"40\" rows=\"10\" maxlength=\"2000\" class=\"wpcf7-form-control wpcf7-textarea\" aria-invalid=\"false\" name=\"your-message\"><\/textarea><\/span> <\/label>\n<\/p>\n<p><span class=\"wpcf7-form-control-wrap\" data-name=\"checkbox-650\"><span class=\"wpcf7-form-control wpcf7-checkbox wpcf7-validates-as-required\"><span class=\"wpcf7-list-item first last\"><label><input type=\"checkbox\" name=\"checkbox-650[]\" value=\"Mit dem Absenden des Kontaktformulars erkl\u00e4ren Sie sich damit einverstanden, dass Ihre Daten zur Bearbeitung f\u00fcr Ihr Anliegen verwendet werden. Weitere Informationen finden Sie in der Datenschutzerkl\u00e4rung.\" \/><span class=\"wpcf7-list-item-label\">Mit dem Absenden des Kontaktformulars erkl\u00e4ren Sie sich damit einverstanden, dass Ihre Daten zur Bearbeitung f\u00fcr Ihr Anliegen verwendet werden. Weitere Informationen finden Sie in der Datenschutzerkl\u00e4rung.<\/span><\/label><\/span><\/span><\/span>\n<\/p>\n<p><input class=\"wpcf7-form-control wpcf7-submit has-spinner\" type=\"submit\" value=\"Senden \/ Submit\" \/>\n<\/p><div class=\"wpcf7-response-output\" aria-hidden=\"true\"><\/div>\n<\/form>\n<\/div>\n\n<p>&nbsp;<\/p>\n<p><span class=\"col col_shortcode\"><a class=\"maxbutton-1 maxbutton maxbutton-zuruck-zum-shop\" href=\"\/?page_id=33\"><span class='mb-text'>Zur\u00fcck zum SHOP<\/span><\/a> <\/span><\/p>\n<p><span class=\"col col_shortcode\"><a class=\"maxbutton-2 maxbutton maxbutton-amazon\" href=\"https:\/\/www.amazon.de\/sp?_encoding=UTF8&amp;asin=B081QCH3RG&amp;isAmazonFulfilled=&amp;isCBA=&amp;marketplaceID=A1PA6795UKMFR9&amp;orderID=&amp;seller=A2416VTVE31AMX&amp;tab=home&amp;vasStoreID=\"><span class='mb-text'>AMAZON<\/span><\/a><\/span><\/p>\n","protected":false},"excerpt":{"rendered":"<p>Industrieschl\u00fcssel<br \/>\nErsatzschl\u00fcssel bzw. Nachschl\u00fcssel f\u00fcr bestehende Schl\u00f6sser<br \/>\nZuhaltungen 4-10<\/p>\n<p style=\"text-align: center;\"><strong>G\u00fcltige Werte:<br \/>\n0001-4000<\/strong><\/p>\n","protected":false},"featured_media":6312,"template":"","meta":[],"product_brand":[],"product_cat":[115],"product_tag":[102,666,119,117],"class_list":{"0":"post-6305","1":"product","2":"type-product","3":"status-publish","4":"has-post-thumbnail","6":"product_cat-ronis-schluessel","7":"product_tag-ronis","8":"product_tag-ronis-cc","9":"product_tag-ronis-schluessel","10":"product_tag-schluessel","12":"first","13":"instock","14":"taxable","15":"shipping-taxable","16":"purchasable","17":"product-type-simple"},"yoast_head":"<!-- This site is optimized with the Yoast SEO Premium plugin v27.3 (Yoast SEO v27.3) - https:\/\/yoast.com\/product\/yoast-seo-premium-wordpress\/ -->\n<title>RONIS CC Schl\u00fcssel - g\u00fcnstig bestellen bei CARNEY GmbH<\/title>\n<meta name=\"description\" content=\"Schl\u00fcssel RONIS CC bestellen. Alle weiteren Informationen in der Produktbeschreibung. Ersatzschl\u00fcssel nach Schl\u00fcsselnummer.\" \/>\n<meta name=\"robots\" content=\"index, follow, max-snippet:-1, max-image-preview:large, max-video-preview:-1\" \/>\n<link rel=\"canonical\" href=\"https:\/\/carney-gmbh.com\/?product=ronis-cc\" \/>\n<meta property=\"og:locale\" content=\"de_DE\" \/>\n<meta property=\"og:type\" content=\"article\" \/>\n<meta property=\"og:title\" content=\"Schl\u00fcssel RONIS CC\" \/>\n<meta property=\"og:description\" content=\"Schl\u00fcssel RONIS CC bestellen. Alle weiteren Informationen in der Produktbeschreibung. Ersatzschl\u00fcssel nach Schl\u00fcsselnummer.\" \/>\n<meta property=\"og:url\" content=\"https:\/\/carney-gmbh.com\/?product=ronis-cc\" \/>\n<meta property=\"og:site_name\" content=\"CARNEY GmbH\" \/>\n<meta property=\"article:modified_time\" content=\"2025-12-29T11:47:34+00:00\" \/>\n<meta property=\"og:image\" content=\"https:\/\/carney-gmbh.com\/wp-content\/uploads\/2019\/10\/CC-0001-4000.jpg\" \/>\n\t<meta property=\"og:image:width\" content=\"1880\" \/>\n\t<meta property=\"og:image:height\" content=\"1140\" \/>\n\t<meta property=\"og:image:type\" content=\"image\/jpeg\" \/>\n<meta name=\"twitter:card\" content=\"summary_large_image\" \/>\n<meta name=\"twitter:label1\" content=\"Gesch\u00e4tzte Lesezeit\" \/>\n\t<meta name=\"twitter:data1\" content=\"2\u00a0Minuten\" \/>\n<script type=\"application\/ld+json\" class=\"yoast-schema-graph\">{\"@context\":\"https:\\\/\\\/schema.org\",\"@graph\":[{\"@type\":\"WebPage\",\"@id\":\"https:\\\/\\\/carney-gmbh.com\\\/?product=ronis-cc\",\"url\":\"https:\\\/\\\/carney-gmbh.com\\\/?product=ronis-cc\",\"name\":\"RONIS CC Schl\u00fcssel - g\u00fcnstig bestellen bei CARNEY GmbH\",\"isPartOf\":{\"@id\":\"https:\\\/\\\/carney-gmbh.com\\\/#website\"},\"primaryImageOfPage\":{\"@id\":\"https:\\\/\\\/carney-gmbh.com\\\/?product=ronis-cc#primaryimage\"},\"image\":{\"@id\":\"https:\\\/\\\/carney-gmbh.com\\\/?product=ronis-cc#primaryimage\"},\"thumbnailUrl\":\"https:\\\/\\\/carney-gmbh.com\\\/wp-content\\\/uploads\\\/2019\\\/10\\\/CC-0001-4000.jpg\",\"datePublished\":\"2019-10-07T07:55:32+00:00\",\"dateModified\":\"2025-12-29T11:47:34+00:00\",\"description\":\"Schl\u00fcssel RONIS CC bestellen. Alle weiteren Informationen in der Produktbeschreibung. Ersatzschl\u00fcssel nach Schl\u00fcsselnummer.\",\"breadcrumb\":{\"@id\":\"https:\\\/\\\/carney-gmbh.com\\\/?product=ronis-cc#breadcrumb\"},\"inLanguage\":\"de\",\"potentialAction\":[{\"@type\":\"ReadAction\",\"target\":[\"https:\\\/\\\/carney-gmbh.com\\\/?product=ronis-cc\"]}]},{\"@type\":\"ImageObject\",\"inLanguage\":\"de\",\"@id\":\"https:\\\/\\\/carney-gmbh.com\\\/?product=ronis-cc#primaryimage\",\"url\":\"https:\\\/\\\/carney-gmbh.com\\\/wp-content\\\/uploads\\\/2019\\\/10\\\/CC-0001-4000.jpg\",\"contentUrl\":\"https:\\\/\\\/carney-gmbh.com\\\/wp-content\\\/uploads\\\/2019\\\/10\\\/CC-0001-4000.jpg\",\"width\":1880,\"height\":1140,\"caption\":\"Schl\u00fcssel RONIS CC\"},{\"@type\":\"BreadcrumbList\",\"@id\":\"https:\\\/\\\/carney-gmbh.com\\\/?product=ronis-cc#breadcrumb\",\"itemListElement\":[{\"@type\":\"ListItem\",\"position\":1,\"name\":\"Startseite\",\"item\":\"https:\\\/\\\/carney-gmbh.com\\\/\"},{\"@type\":\"ListItem\",\"position\":2,\"name\":\"Shop\",\"item\":\"https:\\\/\\\/carney-gmbh.com\\\/?page_id=33\"},{\"@type\":\"ListItem\",\"position\":3,\"name\":\"Schl\u00fcssel RONIS CC\"}]},{\"@type\":\"WebSite\",\"@id\":\"https:\\\/\\\/carney-gmbh.com\\\/#website\",\"url\":\"https:\\\/\\\/carney-gmbh.com\\\/\",\"name\":\"CARNEY GmbH\",\"description\":\"RONIS | DOM | BURG | EURO-LOCKS | TITAN LOCKS | CES | MLM\",\"potentialAction\":[{\"@type\":\"SearchAction\",\"target\":{\"@type\":\"EntryPoint\",\"urlTemplate\":\"https:\\\/\\\/carney-gmbh.com\\\/?s={search_term_string}\"},\"query-input\":{\"@type\":\"PropertyValueSpecification\",\"valueRequired\":true,\"valueName\":\"search_term_string\"}}],\"inLanguage\":\"de\"}]}<\/script>\n<!-- \/ Yoast SEO Premium plugin. -->","yoast_head_json":{"title":"RONIS CC Schl\u00fcssel - g\u00fcnstig bestellen bei CARNEY GmbH","description":"Schl\u00fcssel RONIS CC bestellen. Alle weiteren Informationen in der Produktbeschreibung. Ersatzschl\u00fcssel nach Schl\u00fcsselnummer.","robots":{"index":"index","follow":"follow","max-snippet":"max-snippet:-1","max-image-preview":"max-image-preview:large","max-video-preview":"max-video-preview:-1"},"canonical":"https:\/\/carney-gmbh.com\/?product=ronis-cc","og_locale":"de_DE","og_type":"article","og_title":"Schl\u00fcssel RONIS CC","og_description":"Schl\u00fcssel RONIS CC bestellen. Alle weiteren Informationen in der Produktbeschreibung. Ersatzschl\u00fcssel nach Schl\u00fcsselnummer.","og_url":"https:\/\/carney-gmbh.com\/?product=ronis-cc","og_site_name":"CARNEY GmbH","article_modified_time":"2025-12-29T11:47:34+00:00","og_image":[{"width":1880,"height":1140,"url":"https:\/\/carney-gmbh.com\/wp-content\/uploads\/2019\/10\/CC-0001-4000.jpg","type":"image\/jpeg"}],"twitter_card":"summary_large_image","twitter_misc":{"Gesch\u00e4tzte Lesezeit":"2\u00a0Minuten"},"schema":{"@context":"https:\/\/schema.org","@graph":[{"@type":"WebPage","@id":"https:\/\/carney-gmbh.com\/?product=ronis-cc","url":"https:\/\/carney-gmbh.com\/?product=ronis-cc","name":"RONIS CC Schl\u00fcssel - g\u00fcnstig bestellen bei CARNEY GmbH","isPartOf":{"@id":"https:\/\/carney-gmbh.com\/#website"},"primaryImageOfPage":{"@id":"https:\/\/carney-gmbh.com\/?product=ronis-cc#primaryimage"},"image":{"@id":"https:\/\/carney-gmbh.com\/?product=ronis-cc#primaryimage"},"thumbnailUrl":"https:\/\/carney-gmbh.com\/wp-content\/uploads\/2019\/10\/CC-0001-4000.jpg","datePublished":"2019-10-07T07:55:32+00:00","dateModified":"2025-12-29T11:47:34+00:00","description":"Schl\u00fcssel RONIS CC bestellen. Alle weiteren Informationen in der Produktbeschreibung. Ersatzschl\u00fcssel nach Schl\u00fcsselnummer.","breadcrumb":{"@id":"https:\/\/carney-gmbh.com\/?product=ronis-cc#breadcrumb"},"inLanguage":"de","potentialAction":[{"@type":"ReadAction","target":["https:\/\/carney-gmbh.com\/?product=ronis-cc"]}]},{"@type":"ImageObject","inLanguage":"de","@id":"https:\/\/carney-gmbh.com\/?product=ronis-cc#primaryimage","url":"https:\/\/carney-gmbh.com\/wp-content\/uploads\/2019\/10\/CC-0001-4000.jpg","contentUrl":"https:\/\/carney-gmbh.com\/wp-content\/uploads\/2019\/10\/CC-0001-4000.jpg","width":1880,"height":1140,"caption":"Schl\u00fcssel RONIS CC"},{"@type":"BreadcrumbList","@id":"https:\/\/carney-gmbh.com\/?product=ronis-cc#breadcrumb","itemListElement":[{"@type":"ListItem","position":1,"name":"Startseite","item":"https:\/\/carney-gmbh.com\/"},{"@type":"ListItem","position":2,"name":"Shop","item":"https:\/\/carney-gmbh.com\/?page_id=33"},{"@type":"ListItem","position":3,"name":"Schl\u00fcssel RONIS CC"}]},{"@type":"WebSite","@id":"https:\/\/carney-gmbh.com\/#website","url":"https:\/\/carney-gmbh.com\/","name":"CARNEY GmbH","description":"RONIS | DOM | BURG | EURO-LOCKS | TITAN LOCKS | CES | MLM","potentialAction":[{"@type":"SearchAction","target":{"@type":"EntryPoint","urlTemplate":"https:\/\/carney-gmbh.com\/?s={search_term_string}"},"query-input":{"@type":"PropertyValueSpecification","valueRequired":true,"valueName":"search_term_string"}}],"inLanguage":"de"}]}},"_links":{"self":[{"href":"https:\/\/carney-gmbh.com\/index.php?rest_route=\/wp\/v2\/product\/6305","targetHints":{"allow":["GET"]}}],"collection":[{"href":"https:\/\/carney-gmbh.com\/index.php?rest_route=\/wp\/v2\/product"}],"about":[{"href":"https:\/\/carney-gmbh.com\/index.php?rest_route=\/wp\/v2\/types\/product"}],"wp:featuredmedia":[{"embeddable":true,"href":"https:\/\/carney-gmbh.com\/index.php?rest_route=\/wp\/v2\/media\/6312"}],"wp:attachment":[{"href":"https:\/\/carney-gmbh.com\/index.php?rest_route=%2Fwp%2Fv2%2Fmedia&parent=6305"}],"wp:term":[{"taxonomy":"product_brand","embeddable":true,"href":"https:\/\/carney-gmbh.com\/index.php?rest_route=%2Fwp%2Fv2%2Fproduct_brand&post=6305"},{"taxonomy":"product_cat","embeddable":true,"href":"https:\/\/carney-gmbh.com\/index.php?rest_route=%2Fwp%2Fv2%2Fproduct_cat&post=6305"},{"taxonomy":"product_tag","embeddable":true,"href":"https:\/\/carney-gmbh.com\/index.php?rest_route=%2Fwp%2Fv2%2Fproduct_tag&post=6305"}],"curies":[{"name":"wp","href":"https:\/\/api.w.org\/{rel}","templated":true}]}}