{"id":426,"date":"2019-08-31T16:39:39","date_gmt":"2019-08-31T16:39:39","guid":{"rendered":"https:\/\/carney-gmbh.com\/?post_type=product&#038;p=426"},"modified":"2025-01-02T11:55:58","modified_gmt":"2025-01-02T11:55:58","slug":"euro-locks-c330","status":"publish","type":"product","link":"https:\/\/carney-gmbh.com\/?product=euro-locks-c330","title":{"rendered":"Hebelschloss EURO-LOCKS C330"},"content":{"rendered":"<h1><strong>Hebelschloss EURO-LOCKS C330<\/strong><\/h1>\n<p>Hebelschloss, Hebelzylinder, T\u00fcrschloss, Spindschloss<strong> EURO-LOCKS C330 <\/strong>verschiedenschlie\u00dfend oder gleichschlie\u00dfend mit Schl\u00fcsseln und Anbauteilen (Hebel, Befestigungsmaterial)<\/p>\n<p>Bei dem hier angebotenen Hebelschloss, Spindschloss, T\u00fcrschloss <strong>EURO-LOCKS C330 <\/strong>handelt es sich um einen Lagerartikel aus dem Bereich Industrie. Wir vertreiben ausschlie\u00dflich Schl\u00f6sser unserer Hersteller RONIS, DOM, BURG und EURO-LOCKS. Wir m\u00f6chten dem Kunden damit die h\u00f6chstm\u00f6gliche Qualit\u00e4t zum bestm\u00f6glichen Preis anbieten. Bei den Schl\u00f6ssern handelt es sich zumeist um Hebelschl\u00f6sser oder Riegelschl\u00f6sser. \u00dcblicherweise finden diese Anwendung bei B\u00fcro- und Werkstatteinrichtungen. Doch auch in anderen Bereichen werden diese Schl\u00f6sser verwendet. So findet man diese auch bei Umhausungen (Gartenh\u00fctten, Gartenboxen, u. \u00c4.), im Au\u00dfenbereich, bei Krankenh\u00e4usern, bei Automaten, in der Gastronomie, im Flugzeugbau, im Fitness- und Wellness-Bereich sowie im Bereich Automotive.<\/p>\n<p>Die Schl\u00f6sser bestehen aus einem Zylinderkern und einem Geh\u00e4use bzw. einem Griff. Der Zylinder besteht aus 4-10 Zuhaltungen, die durch Einf\u00fchren des Schl\u00fcssels eingefahren werden und somit eine Drehung des Zylinders erm\u00f6glichen. Das Schloss ist somit entsperrt. Es handelt sich bei den Zylindern um sogenannte Pl\u00e4ttchenzylinder. Im geschlossenen Zustand sind diese Pl\u00e4ttchen ausgefahren und sperren den Zylinder. Bei Hebelschl\u00f6ssern wie dem Hebelzylinder EURO-LOCKS C330 umfasst das Geh\u00e4use den Zylinder und l\u00e4sst die Drehbewegung zu, um das Objekt \u00f6ffnen zu k\u00f6nnen. Zus\u00e4tzlich zu Kern und Geh\u00e4use existieren je nach Schlosstyp weitere Anbauteile. Bei Riegelschl\u00f6ssern ist der Kern hingegen in einen Griff eingefasst, der durch \u00d6ffnen des Zylinders umgelegt werden kann. Durch das Umlegen des Griffs wird ein Hebel in Bewegung gesetzt, der durch eine Rotationsbewegung Schubstangen oben und unten verschiebt und so die T\u00fcre \u00f6ffnet. Bei Hebelschl\u00f6ssern ist der Hebel direkt an das Geh\u00e4use montiert und \u00f6ffnet das Objekt durch Drehung des Schlosses und somit des Hebels.<\/p>\n<p>Wir bieten hier lediglich einige g\u00e4ngige Lagerartikel wie beispielsweise den Hebelzylinder EURO-LOCKS C330 an. Ben\u00f6tigen Sie eine gr\u00f6\u00dfere Menge oder ein Spezialschloss, k\u00f6nnen Sie sich vorab unseren Katalog anschauen oder uns direkt anschreiben. Wir &#8211; das Team von der CARNEY GmbH &#8211; finden sicherlich eine L\u00f6sung f\u00fcr Sie.<\/p>\n<p>Datenblatt Hebelschloss EURO-LOCKS C330:<\/p>\n<p><a href=\"https:\/\/carney-gmbh.com\/wp-content\/uploads\/2019\/11\/Hebelschloss-C330-BL_-11.0mm.pdf\" target=\"_blank\" rel=\"noopener noreferrer\"><img decoding=\"async\" class=\"alignnone wp-image-6642 \" src=\"https:\/\/carney-gmbh.com\/wp-content\/uploads\/2019\/10\/PDF-Download-1.jpg\" alt=\"\" width=\"116\" height=\"152\" \/><\/a><\/p>\n<p>&nbsp;<\/p>\n<p><span class=\"col col_shortcode\"><a class=\"maxbutton-1 maxbutton maxbutton-zuruck-zum-shop\" href=\"\/?page_id=33\"><span class='mb-text'>Zur\u00fcck zum SHOP<\/span><\/a> <\/span><\/p>\n<p><span class=\"col col_shortcode\"><a class=\"maxbutton-2 maxbutton maxbutton-amazon\" href=\"https:\/\/www.amazon.de\/sp?_encoding=UTF8&amp;asin=B081QCH3RG&amp;isAmazonFulfilled=&amp;isCBA=&amp;marketplaceID=A1PA6795UKMFR9&amp;orderID=&amp;seller=A2416VTVE31AMX&amp;tab=home&amp;vasStoreID=\"><span class='mb-text'>AMAZON<\/span><\/a><\/span><\/p>\n","protected":false},"excerpt":{"rendered":"<p>Vernickelte 11 mm-Hebelschl\u00f6sser C330 f\u00fcr Befestigungsl\u00f6cher in Doppel-D-Form. Ein ideales Hebelschloss f\u00fcr viele Anwendungen einschlie\u00dflich im Automomobil-Bereich und f\u00fcr Umhausungen.<\/p>\n","protected":false},"featured_media":21196,"template":"","meta":[],"product_brand":[],"product_cat":[60],"product_tag":[94,679,681,98,96],"class_list":{"0":"post-426","1":"product","2":"type-product","3":"status-publish","4":"has-post-thumbnail","6":"product_cat-euro-locks-schloesser","7":"product_tag-euro-locks","8":"product_tag-euro-locks-c330","9":"product_tag-euro-locks-schloesser","10":"product_tag-hebelschloss","11":"product_tag-schloss","12":"pa_hebel-hebel25-0","13":"pa_hebel-hebel25-3","14":"pa_hebel-hebel25-5","15":"pa_schliessweg-180-2-abz-de","16":"pa_schliessweg-90-rc-lo-1-abz","17":"pa_schliessweg-90-ro-lc-1-abz","19":"first","20":"instock","21":"taxable","22":"shipping-taxable","23":"purchasable","24":"product-type-variable"},"yoast_head":"<!-- This site is optimized with the Yoast SEO Premium plugin v27.3 (Yoast SEO v27.3) - https:\/\/yoast.com\/product\/yoast-seo-premium-wordpress\/ -->\n<title>EURO-LOCKS C330 Hebelschloss - bei CARNEY GmbH<\/title>\n<meta name=\"description\" content=\"Hebelschloss, Hebelzylinder EURO-LOCKS C330 mit Hebel und Schl\u00fcsseln hier bestellen. Info in der Produktbeschreibung. Spindschloss.\" \/>\n<meta name=\"robots\" content=\"index, follow, max-snippet:-1, max-image-preview:large, max-video-preview:-1\" \/>\n<link rel=\"canonical\" href=\"https:\/\/carney-gmbh.com\/?product=euro-locks-c330\" \/>\n<meta property=\"og:locale\" content=\"de_DE\" \/>\n<meta property=\"og:type\" content=\"article\" \/>\n<meta property=\"og:title\" content=\"Hebelschloss EURO-LOCKS C330\" \/>\n<meta property=\"og:description\" content=\"Hebelschloss, Hebelzylinder EURO-LOCKS C330 mit Hebel und Schl\u00fcsseln hier bestellen. Info in der Produktbeschreibung. Spindschloss.\" \/>\n<meta property=\"og:url\" content=\"https:\/\/carney-gmbh.com\/?product=euro-locks-c330\" \/>\n<meta property=\"og:site_name\" content=\"CARNEY GmbH\" \/>\n<meta property=\"article:modified_time\" content=\"2025-01-02T11:55:58+00:00\" \/>\n<meta property=\"og:image\" content=\"https:\/\/carney-gmbh.com\/wp-content\/uploads\/2019\/08\/Euro-Locks-C330.jpg\" \/>\n\t<meta property=\"og:image:width\" content=\"1880\" \/>\n\t<meta property=\"og:image:height\" content=\"1140\" \/>\n\t<meta property=\"og:image:type\" content=\"image\/jpeg\" \/>\n<meta name=\"twitter:card\" content=\"summary_large_image\" \/>\n<meta name=\"twitter:label1\" content=\"Gesch\u00e4tzte Lesezeit\" \/>\n\t<meta name=\"twitter:data1\" content=\"3\u00a0Minuten\" \/>\n<script type=\"application\/ld+json\" class=\"yoast-schema-graph\">{\"@context\":\"https:\\\/\\\/schema.org\",\"@graph\":[{\"@type\":\"WebPage\",\"@id\":\"https:\\\/\\\/carney-gmbh.com\\\/?product=euro-locks-c330\",\"url\":\"https:\\\/\\\/carney-gmbh.com\\\/?product=euro-locks-c330\",\"name\":\"EURO-LOCKS C330 Hebelschloss - bei CARNEY GmbH\",\"isPartOf\":{\"@id\":\"https:\\\/\\\/carney-gmbh.com\\\/#website\"},\"primaryImageOfPage\":{\"@id\":\"https:\\\/\\\/carney-gmbh.com\\\/?product=euro-locks-c330#primaryimage\"},\"image\":{\"@id\":\"https:\\\/\\\/carney-gmbh.com\\\/?product=euro-locks-c330#primaryimage\"},\"thumbnailUrl\":\"https:\\\/\\\/carney-gmbh.com\\\/wp-content\\\/uploads\\\/2019\\\/08\\\/Euro-Locks-C330.jpg\",\"datePublished\":\"2019-08-31T16:39:39+00:00\",\"dateModified\":\"2025-01-02T11:55:58+00:00\",\"description\":\"Hebelschloss, Hebelzylinder EURO-LOCKS C330 mit Hebel und Schl\u00fcsseln hier bestellen. Info in der Produktbeschreibung. Spindschloss.\",\"breadcrumb\":{\"@id\":\"https:\\\/\\\/carney-gmbh.com\\\/?product=euro-locks-c330#breadcrumb\"},\"inLanguage\":\"de\",\"potentialAction\":[{\"@type\":\"ReadAction\",\"target\":[\"https:\\\/\\\/carney-gmbh.com\\\/?product=euro-locks-c330\"]}]},{\"@type\":\"ImageObject\",\"inLanguage\":\"de\",\"@id\":\"https:\\\/\\\/carney-gmbh.com\\\/?product=euro-locks-c330#primaryimage\",\"url\":\"https:\\\/\\\/carney-gmbh.com\\\/wp-content\\\/uploads\\\/2019\\\/08\\\/Euro-Locks-C330.jpg\",\"contentUrl\":\"https:\\\/\\\/carney-gmbh.com\\\/wp-content\\\/uploads\\\/2019\\\/08\\\/Euro-Locks-C330.jpg\",\"width\":1880,\"height\":1140,\"caption\":\"EURO-LOCKS C330\"},{\"@type\":\"BreadcrumbList\",\"@id\":\"https:\\\/\\\/carney-gmbh.com\\\/?product=euro-locks-c330#breadcrumb\",\"itemListElement\":[{\"@type\":\"ListItem\",\"position\":1,\"name\":\"Startseite\",\"item\":\"https:\\\/\\\/carney-gmbh.com\\\/\"},{\"@type\":\"ListItem\",\"position\":2,\"name\":\"Shop\",\"item\":\"https:\\\/\\\/carney-gmbh.com\\\/?page_id=33\"},{\"@type\":\"ListItem\",\"position\":3,\"name\":\"Hebelschloss EURO-LOCKS C330\"}]},{\"@type\":\"WebSite\",\"@id\":\"https:\\\/\\\/carney-gmbh.com\\\/#website\",\"url\":\"https:\\\/\\\/carney-gmbh.com\\\/\",\"name\":\"CARNEY GmbH\",\"description\":\"RONIS | DOM | BURG | EURO-LOCKS | TITAN LOCKS | CES | MLM\",\"potentialAction\":[{\"@type\":\"SearchAction\",\"target\":{\"@type\":\"EntryPoint\",\"urlTemplate\":\"https:\\\/\\\/carney-gmbh.com\\\/?s={search_term_string}\"},\"query-input\":{\"@type\":\"PropertyValueSpecification\",\"valueRequired\":true,\"valueName\":\"search_term_string\"}}],\"inLanguage\":\"de\"}]}<\/script>\n<!-- \/ Yoast SEO Premium plugin. -->","yoast_head_json":{"title":"EURO-LOCKS C330 Hebelschloss - bei CARNEY GmbH","description":"Hebelschloss, Hebelzylinder EURO-LOCKS C330 mit Hebel und Schl\u00fcsseln hier bestellen. Info in der Produktbeschreibung. Spindschloss.","robots":{"index":"index","follow":"follow","max-snippet":"max-snippet:-1","max-image-preview":"max-image-preview:large","max-video-preview":"max-video-preview:-1"},"canonical":"https:\/\/carney-gmbh.com\/?product=euro-locks-c330","og_locale":"de_DE","og_type":"article","og_title":"Hebelschloss EURO-LOCKS C330","og_description":"Hebelschloss, Hebelzylinder EURO-LOCKS C330 mit Hebel und Schl\u00fcsseln hier bestellen. Info in der Produktbeschreibung. Spindschloss.","og_url":"https:\/\/carney-gmbh.com\/?product=euro-locks-c330","og_site_name":"CARNEY GmbH","article_modified_time":"2025-01-02T11:55:58+00:00","og_image":[{"width":1880,"height":1140,"url":"https:\/\/carney-gmbh.com\/wp-content\/uploads\/2019\/08\/Euro-Locks-C330.jpg","type":"image\/jpeg"}],"twitter_card":"summary_large_image","twitter_misc":{"Gesch\u00e4tzte Lesezeit":"3\u00a0Minuten"},"schema":{"@context":"https:\/\/schema.org","@graph":[{"@type":"WebPage","@id":"https:\/\/carney-gmbh.com\/?product=euro-locks-c330","url":"https:\/\/carney-gmbh.com\/?product=euro-locks-c330","name":"EURO-LOCKS C330 Hebelschloss - bei CARNEY GmbH","isPartOf":{"@id":"https:\/\/carney-gmbh.com\/#website"},"primaryImageOfPage":{"@id":"https:\/\/carney-gmbh.com\/?product=euro-locks-c330#primaryimage"},"image":{"@id":"https:\/\/carney-gmbh.com\/?product=euro-locks-c330#primaryimage"},"thumbnailUrl":"https:\/\/carney-gmbh.com\/wp-content\/uploads\/2019\/08\/Euro-Locks-C330.jpg","datePublished":"2019-08-31T16:39:39+00:00","dateModified":"2025-01-02T11:55:58+00:00","description":"Hebelschloss, Hebelzylinder EURO-LOCKS C330 mit Hebel und Schl\u00fcsseln hier bestellen. Info in der Produktbeschreibung. Spindschloss.","breadcrumb":{"@id":"https:\/\/carney-gmbh.com\/?product=euro-locks-c330#breadcrumb"},"inLanguage":"de","potentialAction":[{"@type":"ReadAction","target":["https:\/\/carney-gmbh.com\/?product=euro-locks-c330"]}]},{"@type":"ImageObject","inLanguage":"de","@id":"https:\/\/carney-gmbh.com\/?product=euro-locks-c330#primaryimage","url":"https:\/\/carney-gmbh.com\/wp-content\/uploads\/2019\/08\/Euro-Locks-C330.jpg","contentUrl":"https:\/\/carney-gmbh.com\/wp-content\/uploads\/2019\/08\/Euro-Locks-C330.jpg","width":1880,"height":1140,"caption":"EURO-LOCKS C330"},{"@type":"BreadcrumbList","@id":"https:\/\/carney-gmbh.com\/?product=euro-locks-c330#breadcrumb","itemListElement":[{"@type":"ListItem","position":1,"name":"Startseite","item":"https:\/\/carney-gmbh.com\/"},{"@type":"ListItem","position":2,"name":"Shop","item":"https:\/\/carney-gmbh.com\/?page_id=33"},{"@type":"ListItem","position":3,"name":"Hebelschloss EURO-LOCKS C330"}]},{"@type":"WebSite","@id":"https:\/\/carney-gmbh.com\/#website","url":"https:\/\/carney-gmbh.com\/","name":"CARNEY GmbH","description":"RONIS | DOM | BURG | EURO-LOCKS | TITAN LOCKS | CES | MLM","potentialAction":[{"@type":"SearchAction","target":{"@type":"EntryPoint","urlTemplate":"https:\/\/carney-gmbh.com\/?s={search_term_string}"},"query-input":{"@type":"PropertyValueSpecification","valueRequired":true,"valueName":"search_term_string"}}],"inLanguage":"de"}]}},"_links":{"self":[{"href":"https:\/\/carney-gmbh.com\/index.php?rest_route=\/wp\/v2\/product\/426","targetHints":{"allow":["GET"]}}],"collection":[{"href":"https:\/\/carney-gmbh.com\/index.php?rest_route=\/wp\/v2\/product"}],"about":[{"href":"https:\/\/carney-gmbh.com\/index.php?rest_route=\/wp\/v2\/types\/product"}],"wp:featuredmedia":[{"embeddable":true,"href":"https:\/\/carney-gmbh.com\/index.php?rest_route=\/wp\/v2\/media\/21196"}],"wp:attachment":[{"href":"https:\/\/carney-gmbh.com\/index.php?rest_route=%2Fwp%2Fv2%2Fmedia&parent=426"}],"wp:term":[{"taxonomy":"product_brand","embeddable":true,"href":"https:\/\/carney-gmbh.com\/index.php?rest_route=%2Fwp%2Fv2%2Fproduct_brand&post=426"},{"taxonomy":"product_cat","embeddable":true,"href":"https:\/\/carney-gmbh.com\/index.php?rest_route=%2Fwp%2Fv2%2Fproduct_cat&post=426"},{"taxonomy":"product_tag","embeddable":true,"href":"https:\/\/carney-gmbh.com\/index.php?rest_route=%2Fwp%2Fv2%2Fproduct_tag&post=426"}],"curies":[{"name":"wp","href":"https:\/\/api.w.org\/{rel}","templated":true}]}}