{"id":399,"date":"2019-08-31T13:15:20","date_gmt":"2019-08-31T13:15:20","guid":{"rendered":"https:\/\/carney-gmbh.com\/?page_id=399"},"modified":"2022-03-18T09:23:24","modified_gmt":"2022-03-18T09:23:24","slug":"ultra-track","status":"publish","type":"page","link":"https:\/\/carney-gmbh.com\/?page_id=399","title":{"rendered":"Ultra-Track"},"content":{"rendered":"\t\t<div data-elementor-type=\"wp-page\" data-elementor-id=\"399\" class=\"elementor elementor-399\">\n\t\t\t\t\t\t<section class=\"elementor-section elementor-top-section elementor-element elementor-element-468d985 elementor-section-stretched elementor-section-boxed elementor-section-height-default elementor-section-height-default\" data-id=\"468d985\" data-element_type=\"section\" data-e-type=\"section\" data-settings=\"{&quot;stretch_section&quot;:&quot;section-stretched&quot;,&quot;background_background&quot;:&quot;classic&quot;}\">\n\t\t\t\t\t\t\t<div class=\"elementor-background-overlay\"><\/div>\n\t\t\t\t\t\t\t<div class=\"elementor-container elementor-column-gap-default\">\n\t\t\t\t\t<div class=\"elementor-column elementor-col-100 elementor-top-column elementor-element elementor-element-8d2e3d2\" data-id=\"8d2e3d2\" data-element_type=\"column\" data-e-type=\"column\">\n\t\t\t<div class=\"elementor-widget-wrap elementor-element-populated\">\n\t\t\t\t\t\t<div class=\"elementor-element elementor-element-a9c42cb elementor-widget elementor-widget-spacer\" data-id=\"a9c42cb\" data-element_type=\"widget\" data-e-type=\"widget\" data-widget_type=\"spacer.default\">\n\t\t\t\t<div class=\"elementor-widget-container\">\n\t\t\t\t\t\t\t<div class=\"elementor-spacer\">\n\t\t\t<div class=\"elementor-spacer-inner\"><\/div>\n\t\t<\/div>\n\t\t\t\t\t\t<\/div>\n\t\t\t\t<\/div>\n\t\t\t\t<section class=\"elementor-section elementor-inner-section elementor-element elementor-element-5d5c73e elementor-section-boxed elementor-section-height-default elementor-section-height-default\" data-id=\"5d5c73e\" data-element_type=\"section\" data-e-type=\"section\">\n\t\t\t\t\t\t<div class=\"elementor-container elementor-column-gap-default\">\n\t\t\t\t\t<div class=\"elementor-column elementor-col-100 elementor-inner-column elementor-element elementor-element-3d58607\" data-id=\"3d58607\" data-element_type=\"column\" data-e-type=\"column\" data-settings=\"{&quot;background_background&quot;:&quot;classic&quot;}\">\n\t\t\t<div class=\"elementor-widget-wrap elementor-element-populated\">\n\t\t\t\t\t\t<div class=\"elementor-element elementor-element-d7eb23f elementor-widget elementor-widget-text-editor\" data-id=\"d7eb23f\" data-element_type=\"widget\" data-e-type=\"widget\" data-widget_type=\"text-editor.default\">\n\t\t\t\t<div class=\"elementor-widget-container\">\n\t\t\t\t\t\t\t\t\t<p><strong>RONIS ULTRA-TRACK<\/strong> ist eine robuste und effiziente Auszugssperre f\u00fcr Metall- und Holzm\u00f6bel, die ein Sicherheitsverriegelungssystem mit modularer Technik bietet. <strong>ULTRA-TRACK<\/strong> ist auf jede Gr\u00f6\u00dfe bis zu 3m und jede Anzahl von Schubladen bis zu 20 erweiterbar. Dieses System kann an der R\u00fcckwand oder Seite Ihres Produkts angebracht werden. Es wurde im Rahmen der BIFMA-Normen gepr\u00fcft und ist von einem europ\u00e4ischen Patent gesch\u00fctzt.<\/p>\t\t\t\t\t\t\t\t<\/div>\n\t\t\t\t<\/div>\n\t\t\t\t\t<\/div>\n\t\t<\/div>\n\t\t\t\t\t<\/div>\n\t\t<\/section>\n\t\t\t\t<div class=\"elementor-element elementor-element-feae0f5 elementor-widget elementor-widget-spacer\" data-id=\"feae0f5\" data-element_type=\"widget\" data-e-type=\"widget\" data-widget_type=\"spacer.default\">\n\t\t\t\t<div class=\"elementor-widget-container\">\n\t\t\t\t\t\t\t<div class=\"elementor-spacer\">\n\t\t\t<div class=\"elementor-spacer-inner\"><\/div>\n\t\t<\/div>\n\t\t\t\t\t\t<\/div>\n\t\t\t\t<\/div>\n\t\t\t\t<section class=\"elementor-section elementor-inner-section elementor-element elementor-element-b16cb0a elementor-section-boxed elementor-section-height-default elementor-section-height-default\" data-id=\"b16cb0a\" data-element_type=\"section\" data-e-type=\"section\">\n\t\t\t\t\t\t<div class=\"elementor-container elementor-column-gap-default\">\n\t\t\t\t\t<div class=\"elementor-column elementor-col-100 elementor-inner-column elementor-element elementor-element-1a832dc\" data-id=\"1a832dc\" data-element_type=\"column\" data-e-type=\"column\" data-settings=\"{&quot;background_background&quot;:&quot;classic&quot;}\">\n\t\t\t<div class=\"elementor-widget-wrap elementor-element-populated\">\n\t\t\t\t\t\t<div class=\"elementor-element elementor-element-30d6756 elementor-widget elementor-widget-text-editor\" data-id=\"30d6756\" data-element_type=\"widget\" data-e-type=\"widget\" data-widget_type=\"text-editor.default\">\n\t\t\t\t<div class=\"elementor-widget-container\">\n\t\t\t\t\t\t\t\t\t<h2>Download <strong>ULTRA-TRACK<\/strong> PDF<\/h2>\t\t\t\t\t\t\t\t<\/div>\n\t\t\t\t<\/div>\n\t\t\t\t<div class=\"elementor-element elementor-element-a961b97 elementor-widget elementor-widget-image\" data-id=\"a961b97\" data-element_type=\"widget\" data-e-type=\"widget\" data-widget_type=\"image.default\">\n\t\t\t\t<div class=\"elementor-widget-container\">\n\t\t\t\t\t\t\t\t\t\t\t\t\t\t\t\t<a href=\"\/wp-content\/uploads\/2019\/09\/475-484.pdf\" target=\"_blank\">\n\t\t\t\t\t\t\t<img fetchpriority=\"high\" decoding=\"async\" width=\"900\" height=\"972\" src=\"https:\/\/carney-gmbh.com\/wp-content\/uploads\/2019\/10\/Download_UT.png\" class=\"elementor-animation-grow attachment-large size-large wp-image-4072\" alt=\"\" srcset=\"https:\/\/carney-gmbh.com\/wp-content\/uploads\/2019\/10\/Download_UT.png 900w, https:\/\/carney-gmbh.com\/wp-content\/uploads\/2019\/10\/Download_UT-278x300.png 278w, https:\/\/carney-gmbh.com\/wp-content\/uploads\/2019\/10\/Download_UT-768x829.png 768w, https:\/\/carney-gmbh.com\/wp-content\/uploads\/2019\/10\/Download_UT-800x864.png 800w, https:\/\/carney-gmbh.com\/wp-content\/uploads\/2019\/10\/Download_UT-600x648.png 600w\" sizes=\"(max-width: 900px) 100vw, 900px\" \/>\t\t\t\t\t\t\t\t<\/a>\n\t\t\t\t\t\t\t\t\t\t\t\t\t\t\t<\/div>\n\t\t\t\t<\/div>\n\t\t\t\t\t<\/div>\n\t\t<\/div>\n\t\t\t\t\t<\/div>\n\t\t<\/section>\n\t\t\t\t<div class=\"elementor-element elementor-element-200c597 elementor-widget elementor-widget-spacer\" data-id=\"200c597\" data-element_type=\"widget\" data-e-type=\"widget\" data-widget_type=\"spacer.default\">\n\t\t\t\t<div class=\"elementor-widget-container\">\n\t\t\t\t\t\t\t<div class=\"elementor-spacer\">\n\t\t\t<div class=\"elementor-spacer-inner\"><\/div>\n\t\t<\/div>\n\t\t\t\t\t\t<\/div>\n\t\t\t\t<\/div>\n\t\t\t\t\t<\/div>\n\t\t<\/div>\n\t\t\t\t\t<\/div>\n\t\t<\/section>\n\t\t\t\t<\/div>\n\t\t","protected":false},"excerpt":{"rendered":"<p>RONIS ULTRA-TRACK ist eine robuste und effiziente Auszugssperre f\u00fcr Metall- und Holzm\u00f6bel, die ein Sicherheitsverriegelungssystem mit modularer Technik bietet. ULTRA-TRACK ist auf jede Gr\u00f6\u00dfe bis zu 3m und jede Anzahl von Schubladen bis zu 20 erweiterbar. Dieses System kann an der R\u00fcckwand oder Seite Ihres Produkts angebracht werden. Es wurde im Rahmen der BIFMA-Normen gepr\u00fcft und ist von einem europ\u00e4ischen<\/p>\n<p><a class=\"more-link\" href=\"https:\/\/carney-gmbh.com\/?page_id=399\">Weiterlesen<\/a><\/p>\n","protected":false},"author":1,"featured_media":0,"parent":0,"menu_order":0,"comment_status":"closed","ping_status":"closed","template":"elementor_header_footer","meta":{"footnotes":""},"class_list":["post-399","page","type-page","status-publish","hentry"],"yoast_head":"<!-- This site is optimized with the Yoast SEO Premium plugin v27.5 (Yoast SEO v27.5) - https:\/\/yoast.com\/product\/yoast-seo-premium-wordpress\/ -->\n<title>Ultra-Track - Alle Informationen rund um das System - CARNEY GmbH<\/title>\n<meta name=\"description\" content=\"RONIS ULTRA-TRACK ist eine robuste und effiziente Auszugssperre, die ein Sicherheitsverriegelungssystem mit modularer Technik bietet.\" \/>\n<meta name=\"robots\" content=\"index, follow, max-snippet:-1, max-image-preview:large, max-video-preview:-1\" \/>\n<link rel=\"canonical\" href=\"https:\/\/carney-gmbh.com\/?page_id=399\" \/>\n<meta property=\"og:locale\" content=\"de_DE\" \/>\n<meta property=\"og:type\" content=\"article\" \/>\n<meta property=\"og:title\" content=\"Ultra-Track\" \/>\n<meta property=\"og:description\" content=\"RONIS ULTRA-TRACK ist eine robuste und effiziente Auszugssperre, die ein Sicherheitsverriegelungssystem mit modularer Technik bietet.\" \/>\n<meta property=\"og:url\" content=\"https:\/\/carney-gmbh.com\/?page_id=399\" \/>\n<meta property=\"og:site_name\" content=\"CARNEY GmbH\" \/>\n<meta property=\"article:modified_time\" content=\"2022-03-18T09:23:24+00:00\" \/>\n<meta property=\"og:image\" content=\"https:\/\/carney-gmbh.com\/wp-content\/uploads\/2019\/10\/Download_UT.png\" \/>\n<meta name=\"twitter:card\" content=\"summary_large_image\" \/>\n<meta name=\"twitter:label1\" content=\"Gesch\u00e4tzte Lesezeit\" \/>\n\t<meta name=\"twitter:data1\" content=\"1\u00a0Minute\" \/>\n<script type=\"application\/ld+json\" class=\"yoast-schema-graph\">{\"@context\":\"https:\\\/\\\/schema.org\",\"@graph\":[{\"@type\":\"WebPage\",\"@id\":\"https:\\\/\\\/carney-gmbh.com\\\/?page_id=399\",\"url\":\"https:\\\/\\\/carney-gmbh.com\\\/?page_id=399\",\"name\":\"Ultra-Track - Alle Informationen rund um das System - CARNEY GmbH\",\"isPartOf\":{\"@id\":\"https:\\\/\\\/carney-gmbh.com\\\/#website\"},\"primaryImageOfPage\":{\"@id\":\"https:\\\/\\\/carney-gmbh.com\\\/?page_id=399#primaryimage\"},\"image\":{\"@id\":\"https:\\\/\\\/carney-gmbh.com\\\/?page_id=399#primaryimage\"},\"thumbnailUrl\":\"https:\\\/\\\/carney-gmbh.com\\\/wp-content\\\/uploads\\\/2019\\\/10\\\/Download_UT.png\",\"datePublished\":\"2019-08-31T13:15:20+00:00\",\"dateModified\":\"2022-03-18T09:23:24+00:00\",\"description\":\"RONIS ULTRA-TRACK ist eine robuste und effiziente Auszugssperre, die ein Sicherheitsverriegelungssystem mit modularer Technik bietet.\",\"breadcrumb\":{\"@id\":\"https:\\\/\\\/carney-gmbh.com\\\/?page_id=399#breadcrumb\"},\"inLanguage\":\"de\",\"potentialAction\":[{\"@type\":\"ReadAction\",\"target\":[\"https:\\\/\\\/carney-gmbh.com\\\/?page_id=399\"]}]},{\"@type\":\"ImageObject\",\"inLanguage\":\"de\",\"@id\":\"https:\\\/\\\/carney-gmbh.com\\\/?page_id=399#primaryimage\",\"url\":\"https:\\\/\\\/carney-gmbh.com\\\/wp-content\\\/uploads\\\/2019\\\/10\\\/Download_UT.png\",\"contentUrl\":\"https:\\\/\\\/carney-gmbh.com\\\/wp-content\\\/uploads\\\/2019\\\/10\\\/Download_UT.png\",\"width\":900,\"height\":972},{\"@type\":\"BreadcrumbList\",\"@id\":\"https:\\\/\\\/carney-gmbh.com\\\/?page_id=399#breadcrumb\",\"itemListElement\":[{\"@type\":\"ListItem\",\"position\":1,\"name\":\"Startseite\",\"item\":\"https:\\\/\\\/carney-gmbh.com\\\/\"},{\"@type\":\"ListItem\",\"position\":2,\"name\":\"Ultra-Track\"}]},{\"@type\":\"WebSite\",\"@id\":\"https:\\\/\\\/carney-gmbh.com\\\/#website\",\"url\":\"https:\\\/\\\/carney-gmbh.com\\\/\",\"name\":\"CARNEY GmbH\",\"description\":\"RONIS | DOM | BURG | EURO-LOCKS | TITAN LOCKS | CES | MLM\",\"potentialAction\":[{\"@type\":\"SearchAction\",\"target\":{\"@type\":\"EntryPoint\",\"urlTemplate\":\"https:\\\/\\\/carney-gmbh.com\\\/?s={search_term_string}\"},\"query-input\":{\"@type\":\"PropertyValueSpecification\",\"valueRequired\":true,\"valueName\":\"search_term_string\"}}],\"inLanguage\":\"de\"}]}<\/script>\n<!-- \/ Yoast SEO Premium plugin. -->","yoast_head_json":{"title":"Ultra-Track - Alle Informationen rund um das System - CARNEY GmbH","description":"RONIS ULTRA-TRACK ist eine robuste und effiziente Auszugssperre, die ein Sicherheitsverriegelungssystem mit modularer Technik bietet.","robots":{"index":"index","follow":"follow","max-snippet":"max-snippet:-1","max-image-preview":"max-image-preview:large","max-video-preview":"max-video-preview:-1"},"canonical":"https:\/\/carney-gmbh.com\/?page_id=399","og_locale":"de_DE","og_type":"article","og_title":"Ultra-Track","og_description":"RONIS ULTRA-TRACK ist eine robuste und effiziente Auszugssperre, die ein Sicherheitsverriegelungssystem mit modularer Technik bietet.","og_url":"https:\/\/carney-gmbh.com\/?page_id=399","og_site_name":"CARNEY GmbH","article_modified_time":"2022-03-18T09:23:24+00:00","og_image":[{"url":"https:\/\/carney-gmbh.com\/wp-content\/uploads\/2019\/10\/Download_UT.png","type":"","width":"","height":""}],"twitter_card":"summary_large_image","twitter_misc":{"Gesch\u00e4tzte Lesezeit":"1\u00a0Minute"},"schema":{"@context":"https:\/\/schema.org","@graph":[{"@type":"WebPage","@id":"https:\/\/carney-gmbh.com\/?page_id=399","url":"https:\/\/carney-gmbh.com\/?page_id=399","name":"Ultra-Track - Alle Informationen rund um das System - CARNEY GmbH","isPartOf":{"@id":"https:\/\/carney-gmbh.com\/#website"},"primaryImageOfPage":{"@id":"https:\/\/carney-gmbh.com\/?page_id=399#primaryimage"},"image":{"@id":"https:\/\/carney-gmbh.com\/?page_id=399#primaryimage"},"thumbnailUrl":"https:\/\/carney-gmbh.com\/wp-content\/uploads\/2019\/10\/Download_UT.png","datePublished":"2019-08-31T13:15:20+00:00","dateModified":"2022-03-18T09:23:24+00:00","description":"RONIS ULTRA-TRACK ist eine robuste und effiziente Auszugssperre, die ein Sicherheitsverriegelungssystem mit modularer Technik bietet.","breadcrumb":{"@id":"https:\/\/carney-gmbh.com\/?page_id=399#breadcrumb"},"inLanguage":"de","potentialAction":[{"@type":"ReadAction","target":["https:\/\/carney-gmbh.com\/?page_id=399"]}]},{"@type":"ImageObject","inLanguage":"de","@id":"https:\/\/carney-gmbh.com\/?page_id=399#primaryimage","url":"https:\/\/carney-gmbh.com\/wp-content\/uploads\/2019\/10\/Download_UT.png","contentUrl":"https:\/\/carney-gmbh.com\/wp-content\/uploads\/2019\/10\/Download_UT.png","width":900,"height":972},{"@type":"BreadcrumbList","@id":"https:\/\/carney-gmbh.com\/?page_id=399#breadcrumb","itemListElement":[{"@type":"ListItem","position":1,"name":"Startseite","item":"https:\/\/carney-gmbh.com\/"},{"@type":"ListItem","position":2,"name":"Ultra-Track"}]},{"@type":"WebSite","@id":"https:\/\/carney-gmbh.com\/#website","url":"https:\/\/carney-gmbh.com\/","name":"CARNEY GmbH","description":"RONIS | DOM | BURG | EURO-LOCKS | TITAN LOCKS | CES | MLM","potentialAction":[{"@type":"SearchAction","target":{"@type":"EntryPoint","urlTemplate":"https:\/\/carney-gmbh.com\/?s={search_term_string}"},"query-input":{"@type":"PropertyValueSpecification","valueRequired":true,"valueName":"search_term_string"}}],"inLanguage":"de"}]}},"_links":{"self":[{"href":"https:\/\/carney-gmbh.com\/index.php?rest_route=\/wp\/v2\/pages\/399","targetHints":{"allow":["GET"]}}],"collection":[{"href":"https:\/\/carney-gmbh.com\/index.php?rest_route=\/wp\/v2\/pages"}],"about":[{"href":"https:\/\/carney-gmbh.com\/index.php?rest_route=\/wp\/v2\/types\/page"}],"author":[{"embeddable":true,"href":"https:\/\/carney-gmbh.com\/index.php?rest_route=\/wp\/v2\/users\/1"}],"replies":[{"embeddable":true,"href":"https:\/\/carney-gmbh.com\/index.php?rest_route=%2Fwp%2Fv2%2Fcomments&post=399"}],"version-history":[{"count":0,"href":"https:\/\/carney-gmbh.com\/index.php?rest_route=\/wp\/v2\/pages\/399\/revisions"}],"wp:attachment":[{"href":"https:\/\/carney-gmbh.com\/index.php?rest_route=%2Fwp%2Fv2%2Fmedia&parent=399"}],"curies":[{"name":"wp","href":"https:\/\/api.w.org\/{rel}","templated":true}]}}