{"id":26229,"date":"2021-06-16T15:15:44","date_gmt":"2021-06-16T15:15:44","guid":{"rendered":"https:\/\/carney-gmbh.com\/?page_id=26229"},"modified":"2022-03-18T09:19:01","modified_gmt":"2022-03-18T09:19:01","slug":"ronis-interlocking","status":"publish","type":"page","link":"https:\/\/carney-gmbh.com\/?page_id=26229","title":{"rendered":"RONIS INTERLOCKING"},"content":{"rendered":"\t\t<div data-elementor-type=\"wp-page\" data-elementor-id=\"26229\" class=\"elementor elementor-26229\">\n\t\t\t\t\t\t<section class=\"elementor-section elementor-top-section elementor-element elementor-element-1c397752 elementor-section-stretched elementor-section-boxed elementor-section-height-default elementor-section-height-default\" data-id=\"1c397752\" data-element_type=\"section\" data-e-type=\"section\" data-settings=\"{&quot;stretch_section&quot;:&quot;section-stretched&quot;,&quot;background_background&quot;:&quot;classic&quot;}\">\n\t\t\t\t\t\t\t<div class=\"elementor-background-overlay\"><\/div>\n\t\t\t\t\t\t\t<div class=\"elementor-container elementor-column-gap-default\">\n\t\t\t\t\t<div class=\"elementor-column elementor-col-100 elementor-top-column elementor-element elementor-element-4e546af2\" data-id=\"4e546af2\" data-element_type=\"column\" data-e-type=\"column\">\n\t\t\t<div class=\"elementor-widget-wrap elementor-element-populated\">\n\t\t\t\t\t\t<div class=\"elementor-element elementor-element-2e72cc0 elementor-widget elementor-widget-spacer\" data-id=\"2e72cc0\" data-element_type=\"widget\" data-e-type=\"widget\" data-widget_type=\"spacer.default\">\n\t\t\t\t<div class=\"elementor-widget-container\">\n\t\t\t\t\t\t\t<div class=\"elementor-spacer\">\n\t\t\t<div class=\"elementor-spacer-inner\"><\/div>\n\t\t<\/div>\n\t\t\t\t\t\t<\/div>\n\t\t\t\t<\/div>\n\t\t\t\t<section class=\"elementor-section elementor-inner-section elementor-element elementor-element-7e28ffb8 elementor-section-boxed elementor-section-height-default elementor-section-height-default\" data-id=\"7e28ffb8\" data-element_type=\"section\" data-e-type=\"section\">\n\t\t\t\t\t\t<div class=\"elementor-container elementor-column-gap-default\">\n\t\t\t\t\t<div class=\"elementor-column elementor-col-100 elementor-inner-column elementor-element elementor-element-15eae4f\" data-id=\"15eae4f\" data-element_type=\"column\" data-e-type=\"column\" data-settings=\"{&quot;background_background&quot;:&quot;classic&quot;}\">\n\t\t\t<div class=\"elementor-widget-wrap elementor-element-populated\">\n\t\t\t\t\t\t<div class=\"elementor-element elementor-element-668a2d7e elementor-widget elementor-widget-text-editor\" data-id=\"668a2d7e\" data-element_type=\"widget\" data-e-type=\"widget\" data-widget_type=\"text-editor.default\">\n\t\t\t\t<div class=\"elementor-widget-container\">\n\t\t\t\t\t\t\t\t\t<div data-canvas-width=\"184.98323999999997\">Das Interverriegelungssystem von <strong>RONIS<\/strong> wurde entwickelt, um maximale Sicherheit bei der Intervention an Maschinen oder an Mittel- und Hochspannungsanlagen w\u00e4hrend Kontroll-, Wartungs-, Reparatur- oder sonstigen Tuning-Ma\u00dfnahmen zu gew\u00e4hrleisten und um die Gefahr menschlichen Versagens zu minimieren.<\/div><div class=\"default-style\" data-canvas-width=\"184.98323999999997\">\u00a0<\/div><div data-canvas-width=\"469.2798600000001\">Unter einem ablaufkritischen Prozess verstehen wir einen Vorgang, bei dem die Reihenfolge der einzelnen Handlungsschritte von entscheidender Bedeutung ist. Eine Abweichung von dieser Reihenfolge kann Gefahr sowohl f\u00fcr den Menschen als auch f\u00fcr die Maschine bedeuten. Es ist deshalb von zentraler Wichtigkeit, die Reihenfolge der Handlungsschritte pr\u00e4zise einzuhalten \u2013 und genau das garantiert das Interverriegelungssystem von<\/div><div data-canvas-width=\"45.906000000000006\"><b>RONIS<\/b>. Indem f\u00fcr jeden Handlungsschritt ein <b>RONIS-Schl\u00fcssel<\/b> ben\u00f6tigt wird und indem jeweils nur eine definierte Anzahl von RONIS-Schl\u00fcsseln gleichzeitig frei sind, w\u00e4hrend alle anderen <b>RONIS-Schl\u00fcssel<\/b> gesperrt sind, kann sichergestellt werden, dass kritische Handlungsschritte nicht gleichzeitig ausgef\u00fchrt werden.<\/div><div class=\"default-style\" data-canvas-width=\"45.906000000000006\">\u00a0<\/div><div data-canvas-width=\"180.37650000000002\">Das Interverriegelungssystem von <b>RONIS<\/b> ist voll mechanisch. Die verwendeten Materialen sind von h\u00f6chster Qualit\u00e4t, ob nun der <b>RONIS-Schl\u00fcssel<\/b>, der zu 100% aus Messing besteht, oder die zugeh\u00f6rigen Schl\u00f6sser, die alle \u00fcber ein robustes Edelstahlgeh\u00e4use verf\u00fcgen. Und das Beste: Das Interverriegelungssystem ist v\u00f6llig flexibel und erlaubt eine Vielzahl unterschiedlicher Schlie\u00dfm\u00f6glichkeiten.<\/div><p><span style=\"font-size: 14pt; font-family: Raleway;\">\u00a0<\/span><\/p>\t\t\t\t\t\t\t\t<\/div>\n\t\t\t\t<\/div>\n\t\t\t\t\t<\/div>\n\t\t<\/div>\n\t\t\t\t\t<\/div>\n\t\t<\/section>\n\t\t\t\t<div class=\"elementor-element elementor-element-7f0d945d elementor-widget elementor-widget-spacer\" data-id=\"7f0d945d\" data-element_type=\"widget\" data-e-type=\"widget\" data-widget_type=\"spacer.default\">\n\t\t\t\t<div class=\"elementor-widget-container\">\n\t\t\t\t\t\t\t<div class=\"elementor-spacer\">\n\t\t\t<div class=\"elementor-spacer-inner\"><\/div>\n\t\t<\/div>\n\t\t\t\t\t\t<\/div>\n\t\t\t\t<\/div>\n\t\t\t\t<div class=\"elementor-element elementor-element-1582e63d elementor-widget elementor-widget-text-editor\" data-id=\"1582e63d\" data-element_type=\"widget\" data-e-type=\"widget\" data-widget_type=\"text-editor.default\">\n\t\t\t\t<div class=\"elementor-widget-container\">\n\t\t\t\t\t\t\t\t\t<h2><span style=\"font-size: 18pt;\">Download <strong>RONIS INTERLOCKING <\/strong>Brosch\u00fcre<strong><br \/><\/strong><\/span><\/h2>\t\t\t\t\t\t\t\t<\/div>\n\t\t\t\t<\/div>\n\t\t\t\t<section class=\"elementor-section elementor-inner-section elementor-element elementor-element-7b2ab03e elementor-section-boxed elementor-section-height-default elementor-section-height-default\" data-id=\"7b2ab03e\" data-element_type=\"section\" data-e-type=\"section\">\n\t\t\t\t\t\t<div class=\"elementor-container elementor-column-gap-default\">\n\t\t\t\t\t<div class=\"elementor-column elementor-col-100 elementor-inner-column elementor-element elementor-element-2542d77\" data-id=\"2542d77\" data-element_type=\"column\" data-e-type=\"column\" data-settings=\"{&quot;background_background&quot;:&quot;classic&quot;}\">\n\t\t\t<div class=\"elementor-widget-wrap elementor-element-populated\">\n\t\t\t\t\t\t<div class=\"elementor-element elementor-element-55b0685f elementor-widget elementor-widget-image\" data-id=\"55b0685f\" data-element_type=\"widget\" data-e-type=\"widget\" data-widget_type=\"image.default\">\n\t\t\t\t<div class=\"elementor-widget-container\">\n\t\t\t\t\t\t\t\t\t\t\t\t\t\t\t\t<a href=\"\/wp-content\/uploads\/2021\/06\/RONIS-Interverriegelungssysteme.pdf\" target=\"_blank\">\n\t\t\t\t\t\t\t<img fetchpriority=\"high\" decoding=\"async\" width=\"472\" height=\"510\" src=\"https:\/\/carney-gmbh.com\/wp-content\/uploads\/2021\/06\/Download-Interlocking.png\" class=\"elementor-animation-grow attachment-medium_large size-medium_large wp-image-26233\" alt=\"\" srcset=\"https:\/\/carney-gmbh.com\/wp-content\/uploads\/2021\/06\/Download-Interlocking.png 472w, https:\/\/carney-gmbh.com\/wp-content\/uploads\/2021\/06\/Download-Interlocking-278x300.png 278w\" sizes=\"(max-width: 472px) 100vw, 472px\" \/>\t\t\t\t\t\t\t\t<\/a>\n\t\t\t\t\t\t\t\t\t\t\t\t\t\t\t<\/div>\n\t\t\t\t<\/div>\n\t\t\t\t\t<\/div>\n\t\t<\/div>\n\t\t\t\t\t<\/div>\n\t\t<\/section>\n\t\t\t\t<div class=\"elementor-element elementor-element-399e740 elementor-widget elementor-widget-spacer\" data-id=\"399e740\" data-element_type=\"widget\" data-e-type=\"widget\" data-widget_type=\"spacer.default\">\n\t\t\t\t<div class=\"elementor-widget-container\">\n\t\t\t\t\t\t\t<div class=\"elementor-spacer\">\n\t\t\t<div class=\"elementor-spacer-inner\"><\/div>\n\t\t<\/div>\n\t\t\t\t\t\t<\/div>\n\t\t\t\t<\/div>\n\t\t\t\t\t<\/div>\n\t\t<\/div>\n\t\t\t\t\t<\/div>\n\t\t<\/section>\n\t\t\t\t<\/div>\n\t\t","protected":false},"excerpt":{"rendered":"<p>Das Interverriegelungssystem von RONIS wurde entwickelt, um maximale Sicherheit bei der Intervention an Maschinen oder an Mittel- und Hochspannungsanlagen w\u00e4hrend Kontroll-, Wartungs-, Reparatur- oder sonstigen Tuning-Ma\u00dfnahmen zu gew\u00e4hrleisten und um die Gefahr menschlichen Versagens zu minimieren.\u00a0Unter einem ablaufkritischen Prozess verstehen wir einen Vorgang, bei dem die Reihenfolge der einzelnen Handlungsschritte von entscheidender Bedeutung ist. Eine Abweichung von dieser Reihenfolge kann<\/p>\n<p><a class=\"more-link\" href=\"https:\/\/carney-gmbh.com\/?page_id=26229\">Weiterlesen<\/a><\/p>\n","protected":false},"author":1,"featured_media":0,"parent":0,"menu_order":0,"comment_status":"closed","ping_status":"closed","template":"elementor_header_footer","meta":{"footnotes":""},"class_list":["post-26229","page","type-page","status-publish","hentry"],"yoast_head":"<!-- This site is optimized with the Yoast SEO Premium plugin v27.3 (Yoast SEO v27.3) - https:\/\/yoast.com\/product\/yoast-seo-premium-wordpress\/ -->\n<title>RONIS INTERLOCKING - Verriegelungssystem - CARNEY GmbH<\/title>\n<meta name=\"description\" content=\"RONIS Interverriegelungssystem f\u00fcr maximale Sicherheit bei der Intervention an Maschinen oder an Mittel- und Hochspannungsanlagen.\" \/>\n<meta name=\"robots\" content=\"index, follow, max-snippet:-1, max-image-preview:large, max-video-preview:-1\" \/>\n<link rel=\"canonical\" href=\"https:\/\/carney-gmbh.com\/?page_id=26229\" \/>\n<meta property=\"og:locale\" content=\"de_DE\" \/>\n<meta property=\"og:type\" content=\"article\" \/>\n<meta property=\"og:title\" content=\"RONIS INTERLOCKING\" \/>\n<meta property=\"og:description\" content=\"RONIS Interverriegelungssystem f\u00fcr maximale Sicherheit bei der Intervention an Maschinen oder an Mittel- und Hochspannungsanlagen.\" \/>\n<meta property=\"og:url\" content=\"https:\/\/carney-gmbh.com\/?page_id=26229\" \/>\n<meta property=\"og:site_name\" content=\"CARNEY GmbH\" \/>\n<meta property=\"article:modified_time\" content=\"2022-03-18T09:19:01+00:00\" \/>\n<meta property=\"og:image\" content=\"https:\/\/carney-gmbh.com\/wp-content\/uploads\/2021\/06\/Download-Interlocking.png\" \/>\n<meta name=\"twitter:card\" content=\"summary_large_image\" \/>\n<meta name=\"twitter:label1\" content=\"Gesch\u00e4tzte Lesezeit\" \/>\n\t<meta name=\"twitter:data1\" content=\"2\u00a0Minuten\" \/>\n<script type=\"application\/ld+json\" class=\"yoast-schema-graph\">{\"@context\":\"https:\\\/\\\/schema.org\",\"@graph\":[{\"@type\":\"WebPage\",\"@id\":\"https:\\\/\\\/carney-gmbh.com\\\/?page_id=26229\",\"url\":\"https:\\\/\\\/carney-gmbh.com\\\/?page_id=26229\",\"name\":\"RONIS INTERLOCKING - Verriegelungssystem - CARNEY GmbH\",\"isPartOf\":{\"@id\":\"https:\\\/\\\/carney-gmbh.com\\\/#website\"},\"primaryImageOfPage\":{\"@id\":\"https:\\\/\\\/carney-gmbh.com\\\/?page_id=26229#primaryimage\"},\"image\":{\"@id\":\"https:\\\/\\\/carney-gmbh.com\\\/?page_id=26229#primaryimage\"},\"thumbnailUrl\":\"https:\\\/\\\/carney-gmbh.com\\\/wp-content\\\/uploads\\\/2021\\\/06\\\/Download-Interlocking.png\",\"datePublished\":\"2021-06-16T15:15:44+00:00\",\"dateModified\":\"2022-03-18T09:19:01+00:00\",\"description\":\"RONIS Interverriegelungssystem f\u00fcr maximale Sicherheit bei der Intervention an Maschinen oder an Mittel- und Hochspannungsanlagen.\",\"breadcrumb\":{\"@id\":\"https:\\\/\\\/carney-gmbh.com\\\/?page_id=26229#breadcrumb\"},\"inLanguage\":\"de\",\"potentialAction\":[{\"@type\":\"ReadAction\",\"target\":[\"https:\\\/\\\/carney-gmbh.com\\\/?page_id=26229\"]}]},{\"@type\":\"ImageObject\",\"inLanguage\":\"de\",\"@id\":\"https:\\\/\\\/carney-gmbh.com\\\/?page_id=26229#primaryimage\",\"url\":\"https:\\\/\\\/carney-gmbh.com\\\/wp-content\\\/uploads\\\/2021\\\/06\\\/Download-Interlocking.png\",\"contentUrl\":\"https:\\\/\\\/carney-gmbh.com\\\/wp-content\\\/uploads\\\/2021\\\/06\\\/Download-Interlocking.png\",\"width\":472,\"height\":510},{\"@type\":\"BreadcrumbList\",\"@id\":\"https:\\\/\\\/carney-gmbh.com\\\/?page_id=26229#breadcrumb\",\"itemListElement\":[{\"@type\":\"ListItem\",\"position\":1,\"name\":\"Startseite\",\"item\":\"https:\\\/\\\/carney-gmbh.com\\\/\"},{\"@type\":\"ListItem\",\"position\":2,\"name\":\"RONIS INTERLOCKING\"}]},{\"@type\":\"WebSite\",\"@id\":\"https:\\\/\\\/carney-gmbh.com\\\/#website\",\"url\":\"https:\\\/\\\/carney-gmbh.com\\\/\",\"name\":\"CARNEY GmbH\",\"description\":\"RONIS | DOM | BURG | EURO-LOCKS | TITAN LOCKS | CES | MLM\",\"potentialAction\":[{\"@type\":\"SearchAction\",\"target\":{\"@type\":\"EntryPoint\",\"urlTemplate\":\"https:\\\/\\\/carney-gmbh.com\\\/?s={search_term_string}\"},\"query-input\":{\"@type\":\"PropertyValueSpecification\",\"valueRequired\":true,\"valueName\":\"search_term_string\"}}],\"inLanguage\":\"de\"}]}<\/script>\n<!-- \/ Yoast SEO Premium plugin. -->","yoast_head_json":{"title":"RONIS INTERLOCKING - Verriegelungssystem - CARNEY GmbH","description":"RONIS Interverriegelungssystem f\u00fcr maximale Sicherheit bei der Intervention an Maschinen oder an Mittel- und Hochspannungsanlagen.","robots":{"index":"index","follow":"follow","max-snippet":"max-snippet:-1","max-image-preview":"max-image-preview:large","max-video-preview":"max-video-preview:-1"},"canonical":"https:\/\/carney-gmbh.com\/?page_id=26229","og_locale":"de_DE","og_type":"article","og_title":"RONIS INTERLOCKING","og_description":"RONIS Interverriegelungssystem f\u00fcr maximale Sicherheit bei der Intervention an Maschinen oder an Mittel- und Hochspannungsanlagen.","og_url":"https:\/\/carney-gmbh.com\/?page_id=26229","og_site_name":"CARNEY GmbH","article_modified_time":"2022-03-18T09:19:01+00:00","og_image":[{"url":"https:\/\/carney-gmbh.com\/wp-content\/uploads\/2021\/06\/Download-Interlocking.png","type":"","width":"","height":""}],"twitter_card":"summary_large_image","twitter_misc":{"Gesch\u00e4tzte Lesezeit":"2\u00a0Minuten"},"schema":{"@context":"https:\/\/schema.org","@graph":[{"@type":"WebPage","@id":"https:\/\/carney-gmbh.com\/?page_id=26229","url":"https:\/\/carney-gmbh.com\/?page_id=26229","name":"RONIS INTERLOCKING - Verriegelungssystem - CARNEY GmbH","isPartOf":{"@id":"https:\/\/carney-gmbh.com\/#website"},"primaryImageOfPage":{"@id":"https:\/\/carney-gmbh.com\/?page_id=26229#primaryimage"},"image":{"@id":"https:\/\/carney-gmbh.com\/?page_id=26229#primaryimage"},"thumbnailUrl":"https:\/\/carney-gmbh.com\/wp-content\/uploads\/2021\/06\/Download-Interlocking.png","datePublished":"2021-06-16T15:15:44+00:00","dateModified":"2022-03-18T09:19:01+00:00","description":"RONIS Interverriegelungssystem f\u00fcr maximale Sicherheit bei der Intervention an Maschinen oder an Mittel- und Hochspannungsanlagen.","breadcrumb":{"@id":"https:\/\/carney-gmbh.com\/?page_id=26229#breadcrumb"},"inLanguage":"de","potentialAction":[{"@type":"ReadAction","target":["https:\/\/carney-gmbh.com\/?page_id=26229"]}]},{"@type":"ImageObject","inLanguage":"de","@id":"https:\/\/carney-gmbh.com\/?page_id=26229#primaryimage","url":"https:\/\/carney-gmbh.com\/wp-content\/uploads\/2021\/06\/Download-Interlocking.png","contentUrl":"https:\/\/carney-gmbh.com\/wp-content\/uploads\/2021\/06\/Download-Interlocking.png","width":472,"height":510},{"@type":"BreadcrumbList","@id":"https:\/\/carney-gmbh.com\/?page_id=26229#breadcrumb","itemListElement":[{"@type":"ListItem","position":1,"name":"Startseite","item":"https:\/\/carney-gmbh.com\/"},{"@type":"ListItem","position":2,"name":"RONIS INTERLOCKING"}]},{"@type":"WebSite","@id":"https:\/\/carney-gmbh.com\/#website","url":"https:\/\/carney-gmbh.com\/","name":"CARNEY GmbH","description":"RONIS | DOM | BURG | EURO-LOCKS | TITAN LOCKS | CES | MLM","potentialAction":[{"@type":"SearchAction","target":{"@type":"EntryPoint","urlTemplate":"https:\/\/carney-gmbh.com\/?s={search_term_string}"},"query-input":{"@type":"PropertyValueSpecification","valueRequired":true,"valueName":"search_term_string"}}],"inLanguage":"de"}]}},"_links":{"self":[{"href":"https:\/\/carney-gmbh.com\/index.php?rest_route=\/wp\/v2\/pages\/26229","targetHints":{"allow":["GET"]}}],"collection":[{"href":"https:\/\/carney-gmbh.com\/index.php?rest_route=\/wp\/v2\/pages"}],"about":[{"href":"https:\/\/carney-gmbh.com\/index.php?rest_route=\/wp\/v2\/types\/page"}],"author":[{"embeddable":true,"href":"https:\/\/carney-gmbh.com\/index.php?rest_route=\/wp\/v2\/users\/1"}],"replies":[{"embeddable":true,"href":"https:\/\/carney-gmbh.com\/index.php?rest_route=%2Fwp%2Fv2%2Fcomments&post=26229"}],"version-history":[{"count":0,"href":"https:\/\/carney-gmbh.com\/index.php?rest_route=\/wp\/v2\/pages\/26229\/revisions"}],"wp:attachment":[{"href":"https:\/\/carney-gmbh.com\/index.php?rest_route=%2Fwp%2Fv2%2Fmedia&parent=26229"}],"curies":[{"name":"wp","href":"https:\/\/api.w.org\/{rel}","templated":true}]}}