{"id":25488,"date":"2020-10-20T13:09:06","date_gmt":"2020-10-20T13:09:06","guid":{"rendered":"https:\/\/carney-gmbh.com\/?page_id=25488"},"modified":"2023-04-01T13:45:42","modified_gmt":"2023-04-01T13:45:42","slug":"start","status":"publish","type":"page","link":"https:\/\/carney-gmbh.com\/","title":{"rendered":"Start"},"content":{"rendered":"\t\t<div data-elementor-type=\"wp-page\" data-elementor-id=\"25488\" class=\"elementor elementor-25488\">\n\t\t\t\t\t\t<section class=\"elementor-section elementor-top-section elementor-element elementor-element-1bb0b05 elementor-section-full_width elementor-section-stretched elementor-section-content-top elementor-section-height-default elementor-section-height-default\" data-id=\"1bb0b05\" data-element_type=\"section\" data-e-type=\"section\" data-settings=\"{&quot;stretch_section&quot;:&quot;section-stretched&quot;}\">\n\t\t\t\t\t\t<div class=\"elementor-container elementor-column-gap-default\">\n\t\t\t\t\t<div class=\"elementor-column elementor-col-100 elementor-top-column elementor-element elementor-element-0977417\" data-id=\"0977417\" data-element_type=\"column\" data-e-type=\"column\">\n\t\t\t<div class=\"elementor-widget-wrap elementor-element-populated\">\n\t\t\t\t\t\t<div class=\"elementor-element elementor-element-eae8810 elementor-widget elementor-widget-text-editor\" data-id=\"eae8810\" data-element_type=\"widget\" data-e-type=\"widget\" data-widget_type=\"text-editor.default\">\n\t\t\t\t<div class=\"elementor-widget-container\">\n\t\t\t\t\t\t\t\t\t<div class=\"n2_ss_slider_publish__option_code\" dir=\"ltr\" data-mode=\"id\"><\/div>\t\t\t\t\t\t\t\t<\/div>\n\t\t\t\t<\/div>\n\t\t\t\t\t<\/div>\n\t\t<\/div>\n\t\t\t\t\t<\/div>\n\t\t<\/section>\n\t\t\t\t<section class=\"elementor-section elementor-top-section elementor-element elementor-element-cf2a182 elementor-section-full_width elementor-section-stretched animated-slow elementor-section-height-default elementor-section-height-default elementor-invisible\" data-id=\"cf2a182\" data-element_type=\"section\" data-e-type=\"section\" data-settings=\"{&quot;stretch_section&quot;:&quot;section-stretched&quot;,&quot;animation&quot;:&quot;fadeInUp&quot;}\">\n\t\t\t\t\t\t<div class=\"elementor-container elementor-column-gap-wide\">\n\t\t\t\t\t<div class=\"elementor-column elementor-col-25 elementor-top-column elementor-element elementor-element-dccb564\" data-id=\"dccb564\" data-element_type=\"column\" data-e-type=\"column\">\n\t\t\t<div class=\"elementor-widget-wrap elementor-element-populated\">\n\t\t\t\t\t\t<div class=\"elementor-element elementor-element-42e0a32 elementor-view-default elementor-widget elementor-widget-icon\" data-id=\"42e0a32\" data-element_type=\"widget\" data-e-type=\"widget\" data-widget_type=\"icon.default\">\n\t\t\t\t<div class=\"elementor-widget-container\">\n\t\t\t\t\t\t\t<div class=\"elementor-icon-wrapper\">\n\t\t\t<a class=\"elementor-icon elementor-animation-grow\" href=\"\/?page_id=42\">\n\t\t\t<i aria-hidden=\"true\" class=\"fas fa-tachometer-alt\"><\/i>\t\t\t<\/a>\n\t\t<\/div>\n\t\t\t\t\t\t<\/div>\n\t\t\t\t<\/div>\n\t\t\t\t<div class=\"elementor-element elementor-element-923f89d elementor-widget elementor-widget-text-editor\" data-id=\"923f89d\" data-element_type=\"widget\" data-e-type=\"widget\" data-widget_type=\"text-editor.default\">\n\t\t\t\t<div class=\"elementor-widget-container\">\n\t\t\t\t\t\t\t\t\t<h1 class=\"default-style\"><strong>SERVICE CENTER<\/strong><\/h1><div class=\"default-style\">Wir liefern originale Schl\u00fcssel und Schl\u00f6sser f\u00fcr RONIS, DOM, BURG, EURO-LOCKS, CES und MLM preisg\u00fcnstig und postwendend seit 1963. Der Service steht bei uns im Vordergrund. Z\u00f6gern Sie also nicht, uns bei Fragen zu kontaktieren.<\/div>\t\t\t\t\t\t\t\t<\/div>\n\t\t\t\t<\/div>\n\t\t\t\t\t<\/div>\n\t\t<\/div>\n\t\t\t\t<div class=\"elementor-column elementor-col-25 elementor-top-column elementor-element elementor-element-56fc920\" data-id=\"56fc920\" data-element_type=\"column\" data-e-type=\"column\">\n\t\t\t<div class=\"elementor-widget-wrap elementor-element-populated\">\n\t\t\t\t\t\t<div class=\"elementor-element elementor-element-f38ac50 elementor-view-default elementor-widget elementor-widget-icon\" data-id=\"f38ac50\" data-element_type=\"widget\" data-e-type=\"widget\" data-widget_type=\"icon.default\">\n\t\t\t\t<div class=\"elementor-widget-container\">\n\t\t\t\t\t\t\t<div class=\"elementor-icon-wrapper\">\n\t\t\t<a class=\"elementor-icon elementor-animation-grow\" href=\"\/?page_id=15574\">\n\t\t\t<i aria-hidden=\"true\" class=\"fas fa-key\"><\/i>\t\t\t<\/a>\n\t\t<\/div>\n\t\t\t\t\t\t<\/div>\n\t\t\t\t<\/div>\n\t\t\t\t<div class=\"elementor-element elementor-element-91030be elementor-widget elementor-widget-text-editor\" data-id=\"91030be\" data-element_type=\"widget\" data-e-type=\"widget\" data-widget_type=\"text-editor.default\">\n\t\t\t\t<div class=\"elementor-widget-container\">\n\t\t\t\t\t\t\t\t\t<h1 class=\"default-style\"><strong>SCHL\u00dcSSEL<\/strong><\/h1><div class=\"default-style\">Ersatzschl\u00fcssel und Nachschl\u00fcssel nach Schl\u00fcsselnummer, Schlie\u00dfsysteme, Schlie\u00dfserien, Industrieschl\u00fcssel, Schl\u00fcsselrohlinge, Hauptschl\u00fcssel, Master Keys, RONIS, DOM, BURG, EURO-LOCKS, CES, MLM<\/div>\t\t\t\t\t\t\t\t<\/div>\n\t\t\t\t<\/div>\n\t\t\t\t\t<\/div>\n\t\t<\/div>\n\t\t\t\t<div class=\"elementor-column elementor-col-25 elementor-top-column elementor-element elementor-element-ad7ef58\" data-id=\"ad7ef58\" data-element_type=\"column\" data-e-type=\"column\">\n\t\t\t<div class=\"elementor-widget-wrap elementor-element-populated\">\n\t\t\t\t\t\t<div class=\"elementor-element elementor-element-569e49b elementor-view-default elementor-widget elementor-widget-icon\" data-id=\"569e49b\" data-element_type=\"widget\" data-e-type=\"widget\" data-widget_type=\"icon.default\">\n\t\t\t\t<div class=\"elementor-widget-container\">\n\t\t\t\t\t\t\t<div class=\"elementor-icon-wrapper\">\n\t\t\t<a class=\"elementor-icon elementor-animation-grow\" href=\"\/?page_id=15606\">\n\t\t\t<i aria-hidden=\"true\" class=\"fas fa-lock\"><\/i>\t\t\t<\/a>\n\t\t<\/div>\n\t\t\t\t\t\t<\/div>\n\t\t\t\t<\/div>\n\t\t\t\t<div class=\"elementor-element elementor-element-67328aa elementor-widget elementor-widget-text-editor\" data-id=\"67328aa\" data-element_type=\"widget\" data-e-type=\"widget\" data-widget_type=\"text-editor.default\">\n\t\t\t\t<div class=\"elementor-widget-container\">\n\t\t\t\t\t\t\t\t\t<h1 class=\"default-style\"><strong>SCHL\u00d6SSER<\/strong><\/h1><div class=\"default-style\">Geb\u00e4udesicherheit, Sicherheitstechnik, Schlie\u00dfsysteme, B\u00fcroausstattung, Werkstatteinrichtung, RONIS, Ultra-Track, Interlocking, DOM, Modular V, KESSLER, RENZ, BURG, EURO-LOCKS<\/div>\t\t\t\t\t\t\t\t<\/div>\n\t\t\t\t<\/div>\n\t\t\t\t\t<\/div>\n\t\t<\/div>\n\t\t\t\t<div class=\"elementor-column elementor-col-25 elementor-top-column elementor-element elementor-element-c3669d9\" data-id=\"c3669d9\" data-element_type=\"column\" data-e-type=\"column\">\n\t\t\t<div class=\"elementor-widget-wrap elementor-element-populated\">\n\t\t\t\t\t\t<div class=\"elementor-element elementor-element-01246f3 elementor-view-default elementor-widget elementor-widget-icon\" data-id=\"01246f3\" data-element_type=\"widget\" data-e-type=\"widget\" data-widget_type=\"icon.default\">\n\t\t\t\t<div class=\"elementor-widget-container\">\n\t\t\t\t\t\t\t<div class=\"elementor-icon-wrapper\">\n\t\t\t<a class=\"elementor-icon elementor-animation-grow\" href=\"https:\/\/www.amazon.de\/sp?_encoding=UTF8&#038;asin=B081QCH3RG&#038;isAmazonFulfilled=&#038;isCBA=&#038;marketplaceID=A1PA6795UKMFR9&#038;orderID=&#038;seller=A2416VTVE31AMX&#038;tab=home&#038;vasStoreID=\" target=\"_blank\">\n\t\t\t<i aria-hidden=\"true\" class=\"fab fa-amazon\"><\/i>\t\t\t<\/a>\n\t\t<\/div>\n\t\t\t\t\t\t<\/div>\n\t\t\t\t<\/div>\n\t\t\t\t<div class=\"elementor-element elementor-element-742f748 elementor-widget elementor-widget-text-editor\" data-id=\"742f748\" data-element_type=\"widget\" data-e-type=\"widget\" data-widget_type=\"text-editor.default\">\n\t\t\t\t<div class=\"elementor-widget-container\">\n\t\t\t\t\t\t\t\t\t<h1 class=\"default-style\"><strong>AMAZON<\/strong><\/h1><div class=\"default-style\">Finden Sie eine Vielzahl unserer Standard-Produkte auch bei AMAZON. Der Versandhandel Nummer 1 weltweit.<\/div>\t\t\t\t\t\t\t\t<\/div>\n\t\t\t\t<\/div>\n\t\t\t\t\t<\/div>\n\t\t<\/div>\n\t\t\t\t\t<\/div>\n\t\t<\/section>\n\t\t\t\t<section class=\"elementor-section elementor-top-section elementor-element elementor-element-5d5c38a elementor-section-full_width elementor-section-stretched elementor-reverse-tablet elementor-section-height-default elementor-section-height-default\" data-id=\"5d5c38a\" data-element_type=\"section\" data-e-type=\"section\" data-settings=\"{&quot;stretch_section&quot;:&quot;section-stretched&quot;,&quot;background_background&quot;:&quot;video&quot;,&quot;background_video_link&quot;:&quot;\\\/wp-content\\\/uploads\\\/2023\\\/04\\\/IMG_3456.mp4&quot;}\">\n\t\t\t\t\t\t\t\t<div class=\"elementor-background-video-container elementor-hidden-mobile\">\n\t\t\t\t\t\t\t\t\t\t\t\t\t<video class=\"elementor-background-video-hosted\" role=\"presentation\" autoplay muted playsinline loop><\/video>\n\t\t\t\t\t\t\t\t\t\t\t<\/div>\n\t\t\t\t\t\t\t\t<div class=\"elementor-container elementor-column-gap-default\">\n\t\t\t\t\t<div class=\"elementor-column elementor-col-100 elementor-top-column elementor-element elementor-element-532a0fa\" data-id=\"532a0fa\" data-element_type=\"column\" data-e-type=\"column\">\n\t\t\t<div class=\"elementor-widget-wrap elementor-element-populated\">\n\t\t\t\t\t\t<div class=\"elementor-element elementor-element-70c0b3a elementor-widget elementor-widget-spacer\" data-id=\"70c0b3a\" data-element_type=\"widget\" data-e-type=\"widget\" data-widget_type=\"spacer.default\">\n\t\t\t\t<div class=\"elementor-widget-container\">\n\t\t\t\t\t\t\t<div class=\"elementor-spacer\">\n\t\t\t<div class=\"elementor-spacer-inner\"><\/div>\n\t\t<\/div>\n\t\t\t\t\t\t<\/div>\n\t\t\t\t<\/div>\n\t\t\t\t<div class=\"elementor-element elementor-element-acbcb72 elementor-align-center elementor-widget elementor-widget-button\" data-id=\"acbcb72\" data-element_type=\"widget\" data-e-type=\"widget\" data-widget_type=\"button.default\">\n\t\t\t\t<div class=\"elementor-widget-container\">\n\t\t\t\t\t\t\t\t\t<div class=\"elementor-button-wrapper\">\n\t\t\t\t\t<a class=\"elementor-button elementor-button-link elementor-size-sm\" href=\"\/?page_id=42#meilenstein\">\n\t\t\t\t\t\t<span class=\"elementor-button-content-wrapper\">\n\t\t\t\t\t\t\t\t\t<span class=\"elementor-button-text\">Unsere Firmengeschichte<\/span>\n\t\t\t\t\t<\/span>\n\t\t\t\t\t<\/a>\n\t\t\t\t<\/div>\n\t\t\t\t\t\t\t\t<\/div>\n\t\t\t\t<\/div>\n\t\t\t\t<div class=\"elementor-element elementor-element-fdfebc1 elementor-widget elementor-widget-spacer\" data-id=\"fdfebc1\" data-element_type=\"widget\" data-e-type=\"widget\" data-widget_type=\"spacer.default\">\n\t\t\t\t<div class=\"elementor-widget-container\">\n\t\t\t\t\t\t\t<div class=\"elementor-spacer\">\n\t\t\t<div class=\"elementor-spacer-inner\"><\/div>\n\t\t<\/div>\n\t\t\t\t\t\t<\/div>\n\t\t\t\t<\/div>\n\t\t\t\t\t<\/div>\n\t\t<\/div>\n\t\t\t\t\t<\/div>\n\t\t<\/section>\n\t\t\t\t<\/div>\n\t\t","protected":false},"excerpt":{"rendered":"<p>SERVICE CENTER Wir liefern originale Schl\u00fcssel und Schl\u00f6sser f\u00fcr RONIS, DOM, BURG, EURO-LOCKS, CES und MLM preisg\u00fcnstig und postwendend seit 1963. Der Service steht bei uns im Vordergrund. Z\u00f6gern Sie also nicht, uns bei Fragen zu kontaktieren. SCHL\u00dcSSEL Ersatzschl\u00fcssel und Nachschl\u00fcssel nach Schl\u00fcsselnummer, Schlie\u00dfsysteme, Schlie\u00dfserien, Industrieschl\u00fcssel, Schl\u00fcsselrohlinge, Hauptschl\u00fcssel, Master Keys, RONIS, DOM, BURG, EURO-LOCKS, CES, MLM SCHL\u00d6SSER Geb\u00e4udesicherheit, Sicherheitstechnik, Schlie\u00dfsysteme,<\/p>\n<p><a class=\"more-link\" href=\"https:\/\/carney-gmbh.com\/\">Weiterlesen<\/a><\/p>\n","protected":false},"author":1,"featured_media":0,"parent":0,"menu_order":0,"comment_status":"closed","ping_status":"closed","template":"elementor_header_footer","meta":{"footnotes":""},"class_list":["post-25488","page","type-page","status-publish","hentry"],"yoast_head":"<!-- This site is optimized with the Yoast SEO Premium plugin v27.3 (Yoast SEO v27.3) - https:\/\/yoast.com\/product\/yoast-seo-premium-wordpress\/ -->\n<title>Start - CARNEY GmbH<\/title>\n<meta name=\"robots\" content=\"index, follow, max-snippet:-1, max-image-preview:large, max-video-preview:-1\" \/>\n<link rel=\"canonical\" href=\"https:\/\/carney-gmbh.com\/\" \/>\n<meta property=\"og:locale\" content=\"de_DE\" \/>\n<meta property=\"og:type\" content=\"article\" \/>\n<meta property=\"og:title\" content=\"Start\" \/>\n<meta property=\"og:description\" content=\"SERVICE CENTER Wir liefern originale Schl\u00fcssel und Schl\u00f6sser f\u00fcr RONIS, DOM, BURG, EURO-LOCKS, CES und MLM preisg\u00fcnstig und postwendend seit 1963. Der Service steht bei uns im Vordergrund. Z\u00f6gern Sie also nicht, uns bei Fragen zu kontaktieren. SCHL\u00dcSSEL Ersatzschl\u00fcssel und Nachschl\u00fcssel nach Schl\u00fcsselnummer, Schlie\u00dfsysteme, Schlie\u00dfserien, Industrieschl\u00fcssel, Schl\u00fcsselrohlinge, Hauptschl\u00fcssel, Master Keys, RONIS, DOM, BURG, EURO-LOCKS, CES, MLM SCHL\u00d6SSER Geb\u00e4udesicherheit, Sicherheitstechnik, Schlie\u00dfsysteme,Weiterlesen\" \/>\n<meta property=\"og:url\" content=\"https:\/\/carney-gmbh.com\/\" \/>\n<meta property=\"og:site_name\" content=\"CARNEY GmbH\" \/>\n<meta property=\"article:modified_time\" content=\"2023-04-01T13:45:42+00:00\" \/>\n<meta name=\"twitter:card\" content=\"summary_large_image\" \/>\n<meta name=\"twitter:label1\" content=\"Gesch\u00e4tzte Lesezeit\" \/>\n\t<meta name=\"twitter:data1\" content=\"1\u00a0Minute\" \/>\n<script type=\"application\/ld+json\" class=\"yoast-schema-graph\">{\"@context\":\"https:\\\/\\\/schema.org\",\"@graph\":[{\"@type\":\"WebPage\",\"@id\":\"https:\\\/\\\/carney-gmbh.com\\\/\",\"url\":\"https:\\\/\\\/carney-gmbh.com\\\/\",\"name\":\"Start - CARNEY GmbH\",\"isPartOf\":{\"@id\":\"https:\\\/\\\/carney-gmbh.com\\\/#website\"},\"datePublished\":\"2020-10-20T13:09:06+00:00\",\"dateModified\":\"2023-04-01T13:45:42+00:00\",\"breadcrumb\":{\"@id\":\"https:\\\/\\\/carney-gmbh.com\\\/#breadcrumb\"},\"inLanguage\":\"de\",\"potentialAction\":[{\"@type\":\"ReadAction\",\"target\":[\"https:\\\/\\\/carney-gmbh.com\\\/\"]}]},{\"@type\":\"BreadcrumbList\",\"@id\":\"https:\\\/\\\/carney-gmbh.com\\\/#breadcrumb\",\"itemListElement\":[{\"@type\":\"ListItem\",\"position\":1,\"name\":\"Startseite\",\"item\":\"https:\\\/\\\/carney-gmbh.com\\\/\"},{\"@type\":\"ListItem\",\"position\":2,\"name\":\"Start\"}]},{\"@type\":\"WebSite\",\"@id\":\"https:\\\/\\\/carney-gmbh.com\\\/#website\",\"url\":\"https:\\\/\\\/carney-gmbh.com\\\/\",\"name\":\"CARNEY GmbH\",\"description\":\"RONIS | DOM | BURG | EURO-LOCKS | TITAN LOCKS | CES | MLM\",\"potentialAction\":[{\"@type\":\"SearchAction\",\"target\":{\"@type\":\"EntryPoint\",\"urlTemplate\":\"https:\\\/\\\/carney-gmbh.com\\\/?s={search_term_string}\"},\"query-input\":{\"@type\":\"PropertyValueSpecification\",\"valueRequired\":true,\"valueName\":\"search_term_string\"}}],\"inLanguage\":\"de\"}]}<\/script>\n<!-- \/ Yoast SEO Premium plugin. -->","yoast_head_json":{"title":"Start - CARNEY GmbH","robots":{"index":"index","follow":"follow","max-snippet":"max-snippet:-1","max-image-preview":"max-image-preview:large","max-video-preview":"max-video-preview:-1"},"canonical":"https:\/\/carney-gmbh.com\/","og_locale":"de_DE","og_type":"article","og_title":"Start","og_description":"SERVICE CENTER Wir liefern originale Schl\u00fcssel und Schl\u00f6sser f\u00fcr RONIS, DOM, BURG, EURO-LOCKS, CES und MLM preisg\u00fcnstig und postwendend seit 1963. Der Service steht bei uns im Vordergrund. Z\u00f6gern Sie also nicht, uns bei Fragen zu kontaktieren. SCHL\u00dcSSEL Ersatzschl\u00fcssel und Nachschl\u00fcssel nach Schl\u00fcsselnummer, Schlie\u00dfsysteme, Schlie\u00dfserien, Industrieschl\u00fcssel, Schl\u00fcsselrohlinge, Hauptschl\u00fcssel, Master Keys, RONIS, DOM, BURG, EURO-LOCKS, CES, MLM SCHL\u00d6SSER Geb\u00e4udesicherheit, Sicherheitstechnik, Schlie\u00dfsysteme,Weiterlesen","og_url":"https:\/\/carney-gmbh.com\/","og_site_name":"CARNEY GmbH","article_modified_time":"2023-04-01T13:45:42+00:00","twitter_card":"summary_large_image","twitter_misc":{"Gesch\u00e4tzte Lesezeit":"1\u00a0Minute"},"schema":{"@context":"https:\/\/schema.org","@graph":[{"@type":"WebPage","@id":"https:\/\/carney-gmbh.com\/","url":"https:\/\/carney-gmbh.com\/","name":"Start - CARNEY GmbH","isPartOf":{"@id":"https:\/\/carney-gmbh.com\/#website"},"datePublished":"2020-10-20T13:09:06+00:00","dateModified":"2023-04-01T13:45:42+00:00","breadcrumb":{"@id":"https:\/\/carney-gmbh.com\/#breadcrumb"},"inLanguage":"de","potentialAction":[{"@type":"ReadAction","target":["https:\/\/carney-gmbh.com\/"]}]},{"@type":"BreadcrumbList","@id":"https:\/\/carney-gmbh.com\/#breadcrumb","itemListElement":[{"@type":"ListItem","position":1,"name":"Startseite","item":"https:\/\/carney-gmbh.com\/"},{"@type":"ListItem","position":2,"name":"Start"}]},{"@type":"WebSite","@id":"https:\/\/carney-gmbh.com\/#website","url":"https:\/\/carney-gmbh.com\/","name":"CARNEY GmbH","description":"RONIS | DOM | BURG | EURO-LOCKS | TITAN LOCKS | CES | MLM","potentialAction":[{"@type":"SearchAction","target":{"@type":"EntryPoint","urlTemplate":"https:\/\/carney-gmbh.com\/?s={search_term_string}"},"query-input":{"@type":"PropertyValueSpecification","valueRequired":true,"valueName":"search_term_string"}}],"inLanguage":"de"}]}},"_links":{"self":[{"href":"https:\/\/carney-gmbh.com\/index.php?rest_route=\/wp\/v2\/pages\/25488","targetHints":{"allow":["GET"]}}],"collection":[{"href":"https:\/\/carney-gmbh.com\/index.php?rest_route=\/wp\/v2\/pages"}],"about":[{"href":"https:\/\/carney-gmbh.com\/index.php?rest_route=\/wp\/v2\/types\/page"}],"author":[{"embeddable":true,"href":"https:\/\/carney-gmbh.com\/index.php?rest_route=\/wp\/v2\/users\/1"}],"replies":[{"embeddable":true,"href":"https:\/\/carney-gmbh.com\/index.php?rest_route=%2Fwp%2Fv2%2Fcomments&post=25488"}],"version-history":[{"count":0,"href":"https:\/\/carney-gmbh.com\/index.php?rest_route=\/wp\/v2\/pages\/25488\/revisions"}],"wp:attachment":[{"href":"https:\/\/carney-gmbh.com\/index.php?rest_route=%2Fwp%2Fv2%2Fmedia&parent=25488"}],"curies":[{"name":"wp","href":"https:\/\/api.w.org\/{rel}","templated":true}]}}