{"id":25053,"date":"2020-05-02T11:15:20","date_gmt":"2020-05-02T11:15:20","guid":{"rendered":"https:\/\/carney-gmbh.com\/?page_id=25053"},"modified":"2025-01-02T17:16:22","modified_gmt":"2025-01-02T17:16:22","slug":"download","status":"publish","type":"page","link":"https:\/\/carney-gmbh.com\/?page_id=25053","title":{"rendered":"Downloads"},"content":{"rendered":"\t\t<div data-elementor-type=\"wp-page\" data-elementor-id=\"25053\" class=\"elementor elementor-25053\">\n\t\t\t\t\t\t<section class=\"elementor-section elementor-top-section elementor-element elementor-element-cfc3c0f elementor-section-stretched elementor-section-full_width elementor-section-height-default elementor-section-height-default\" data-id=\"cfc3c0f\" data-element_type=\"section\" data-e-type=\"section\" data-settings=\"{&quot;stretch_section&quot;:&quot;section-stretched&quot;,&quot;background_background&quot;:&quot;classic&quot;}\">\n\t\t\t\t\t\t<div class=\"elementor-container elementor-column-gap-default\">\n\t\t\t\t\t<div class=\"elementor-column elementor-col-100 elementor-top-column elementor-element elementor-element-44bd645\" data-id=\"44bd645\" data-element_type=\"column\" data-e-type=\"column\">\n\t\t\t<div class=\"elementor-widget-wrap elementor-element-populated\">\n\t\t\t\t\t\t<div class=\"elementor-element elementor-element-ad3e132 elementor-widget elementor-widget-spacer\" data-id=\"ad3e132\" data-element_type=\"widget\" data-e-type=\"widget\" data-widget_type=\"spacer.default\">\n\t\t\t\t<div class=\"elementor-widget-container\">\n\t\t\t\t\t\t\t<div class=\"elementor-spacer\">\n\t\t\t<div class=\"elementor-spacer-inner\"><\/div>\n\t\t<\/div>\n\t\t\t\t\t\t<\/div>\n\t\t\t\t<\/div>\n\t\t\t\t<section class=\"elementor-section elementor-inner-section elementor-element elementor-element-22fb7db elementor-section-boxed elementor-section-height-default elementor-section-height-default\" data-id=\"22fb7db\" data-element_type=\"section\" data-e-type=\"section\">\n\t\t\t\t\t\t<div class=\"elementor-container elementor-column-gap-default\">\n\t\t\t\t\t<div class=\"elementor-column elementor-col-50 elementor-inner-column elementor-element elementor-element-2563096\" data-id=\"2563096\" data-element_type=\"column\" data-e-type=\"column\">\n\t\t\t<div class=\"elementor-widget-wrap\">\n\t\t\t\t\t\t\t<\/div>\n\t\t<\/div>\n\t\t\t\t<div class=\"elementor-column elementor-col-50 elementor-inner-column elementor-element elementor-element-66871cc\" data-id=\"66871cc\" data-element_type=\"column\" data-e-type=\"column\" data-settings=\"{&quot;background_background&quot;:&quot;classic&quot;}\">\n\t\t\t<div class=\"elementor-widget-wrap elementor-element-populated\">\n\t\t\t\t\t\t<div class=\"elementor-element elementor-element-9d72d0c elementor-widget elementor-widget-text-editor\" data-id=\"9d72d0c\" data-element_type=\"widget\" data-e-type=\"widget\" data-widget_type=\"text-editor.default\">\n\t\t\t\t<div class=\"elementor-widget-container\">\n\t\t\t\t\t\t\t\t\t<p>Willkommen im Download-Center der CARNEY GmbH.<\/p><p>Klicken Sie auf ein Logo um zu der entsprechenden Download-Seite zu gelangen. F\u00fcr Fragen stehen wir Ihnen nat\u00fcrlich zur Verf\u00fcgung.<\/p>\t\t\t\t\t\t\t\t<\/div>\n\t\t\t\t<\/div>\n\t\t\t\t\t<\/div>\n\t\t<\/div>\n\t\t\t\t\t<\/div>\n\t\t<\/section>\n\t\t\t\t<section class=\"elementor-section elementor-inner-section elementor-element elementor-element-a5f4105 elementor-section-boxed elementor-section-height-default elementor-section-height-default\" data-id=\"a5f4105\" data-element_type=\"section\" data-e-type=\"section\">\n\t\t\t\t\t\t<div class=\"elementor-container elementor-column-gap-default\">\n\t\t\t\t\t<div class=\"elementor-column elementor-col-50 elementor-inner-column elementor-element elementor-element-9d99b5a\" data-id=\"9d99b5a\" data-element_type=\"column\" data-e-type=\"column\">\n\t\t\t<div class=\"elementor-widget-wrap\">\n\t\t\t\t\t\t\t<\/div>\n\t\t<\/div>\n\t\t\t\t<div class=\"elementor-column elementor-col-50 elementor-inner-column elementor-element elementor-element-22a49a0\" data-id=\"22a49a0\" data-element_type=\"column\" data-e-type=\"column\" data-settings=\"{&quot;background_background&quot;:&quot;classic&quot;}\">\n\t\t\t<div class=\"elementor-widget-wrap\">\n\t\t\t\t\t\t\t<\/div>\n\t\t<\/div>\n\t\t\t\t\t<\/div>\n\t\t<\/section>\n\t\t\t\t<section class=\"elementor-section elementor-inner-section elementor-element elementor-element-964923a elementor-section-boxed elementor-section-height-default elementor-section-height-default\" data-id=\"964923a\" data-element_type=\"section\" data-e-type=\"section\">\n\t\t\t\t\t\t<div class=\"elementor-container elementor-column-gap-default\">\n\t\t\t\t\t<div class=\"elementor-column elementor-col-50 elementor-inner-column elementor-element elementor-element-b5ec9d5\" data-id=\"b5ec9d5\" data-element_type=\"column\" data-e-type=\"column\">\n\t\t\t<div class=\"elementor-widget-wrap\">\n\t\t\t\t\t\t\t<\/div>\n\t\t<\/div>\n\t\t\t\t<div class=\"elementor-column elementor-col-50 elementor-inner-column elementor-element elementor-element-b857730\" data-id=\"b857730\" data-element_type=\"column\" data-e-type=\"column\" data-settings=\"{&quot;background_background&quot;:&quot;classic&quot;}\">\n\t\t\t<div class=\"elementor-widget-wrap elementor-element-populated\">\n\t\t\t\t\t\t<div class=\"elementor-element elementor-element-2b26a69 elementor-widget elementor-widget-image\" data-id=\"2b26a69\" data-element_type=\"widget\" data-e-type=\"widget\" data-widget_type=\"image.default\">\n\t\t\t\t<div class=\"elementor-widget-container\">\n\t\t\t\t\t\t\t\t\t\t\t\t\t\t\t\t<a href=\"\/?page_id=395\">\n\t\t\t\t\t\t\t<img fetchpriority=\"high\" decoding=\"async\" width=\"300\" height=\"300\" src=\"https:\/\/carney-gmbh.com\/wp-content\/uploads\/2019\/08\/RONIS05-300x300.jpg\" class=\"elementor-animation-grow attachment-medium size-medium wp-image-79\" alt=\"\" srcset=\"https:\/\/carney-gmbh.com\/wp-content\/uploads\/2019\/08\/RONIS05-300x300.jpg 300w, https:\/\/carney-gmbh.com\/wp-content\/uploads\/2019\/08\/RONIS05-150x150.jpg 150w, https:\/\/carney-gmbh.com\/wp-content\/uploads\/2019\/08\/RONIS05-100x100.jpg 100w, https:\/\/carney-gmbh.com\/wp-content\/uploads\/2019\/08\/RONIS05.jpg 450w\" sizes=\"(max-width: 300px) 100vw, 300px\" \/>\t\t\t\t\t\t\t\t<\/a>\n\t\t\t\t\t\t\t\t\t\t\t\t\t\t\t<\/div>\n\t\t\t\t<\/div>\n\t\t\t\t\t<\/div>\n\t\t<\/div>\n\t\t\t\t\t<\/div>\n\t\t<\/section>\n\t\t\t\t<section class=\"elementor-section elementor-inner-section elementor-element elementor-element-bee4070 elementor-section-boxed elementor-section-height-default elementor-section-height-default\" data-id=\"bee4070\" data-element_type=\"section\" data-e-type=\"section\">\n\t\t\t\t\t\t<div class=\"elementor-container elementor-column-gap-default\">\n\t\t\t\t\t<div class=\"elementor-column elementor-col-50 elementor-inner-column elementor-element elementor-element-7565d8e\" data-id=\"7565d8e\" data-element_type=\"column\" data-e-type=\"column\">\n\t\t\t<div class=\"elementor-widget-wrap\">\n\t\t\t\t\t\t\t<\/div>\n\t\t<\/div>\n\t\t\t\t<div class=\"elementor-column elementor-col-50 elementor-inner-column elementor-element elementor-element-36085f1\" data-id=\"36085f1\" data-element_type=\"column\" data-e-type=\"column\" data-settings=\"{&quot;background_background&quot;:&quot;classic&quot;}\">\n\t\t\t<div class=\"elementor-widget-wrap elementor-element-populated\">\n\t\t\t\t\t\t<div class=\"elementor-element elementor-element-37221c7 elementor-widget elementor-widget-image\" data-id=\"37221c7\" data-element_type=\"widget\" data-e-type=\"widget\" data-widget_type=\"image.default\">\n\t\t\t\t<div class=\"elementor-widget-container\">\n\t\t\t\t\t\t\t\t\t\t\t\t\t\t\t\t<a href=\"\/?page_id=395\">\n\t\t\t\t\t\t\t<img decoding=\"async\" width=\"300\" height=\"300\" src=\"https:\/\/carney-gmbh.com\/wp-content\/uploads\/2019\/08\/Dom03-300x300.jpg\" class=\"elementor-animation-grow attachment-medium size-medium wp-image-80\" alt=\"\" srcset=\"https:\/\/carney-gmbh.com\/wp-content\/uploads\/2019\/08\/Dom03-300x300.jpg 300w, https:\/\/carney-gmbh.com\/wp-content\/uploads\/2019\/08\/Dom03-150x150.jpg 150w, https:\/\/carney-gmbh.com\/wp-content\/uploads\/2019\/08\/Dom03-100x100.jpg 100w, https:\/\/carney-gmbh.com\/wp-content\/uploads\/2019\/08\/Dom03.jpg 450w\" sizes=\"(max-width: 300px) 100vw, 300px\" \/>\t\t\t\t\t\t\t\t<\/a>\n\t\t\t\t\t\t\t\t\t\t\t\t\t\t\t<\/div>\n\t\t\t\t<\/div>\n\t\t\t\t\t<\/div>\n\t\t<\/div>\n\t\t\t\t\t<\/div>\n\t\t<\/section>\n\t\t\t\t<section class=\"elementor-section elementor-inner-section elementor-element elementor-element-651e388 elementor-section-boxed elementor-section-height-default elementor-section-height-default\" data-id=\"651e388\" data-element_type=\"section\" data-e-type=\"section\">\n\t\t\t\t\t\t<div class=\"elementor-container elementor-column-gap-default\">\n\t\t\t\t\t<div class=\"elementor-column elementor-col-50 elementor-inner-column elementor-element elementor-element-ae581f9\" data-id=\"ae581f9\" data-element_type=\"column\" data-e-type=\"column\">\n\t\t\t<div class=\"elementor-widget-wrap\">\n\t\t\t\t\t\t\t<\/div>\n\t\t<\/div>\n\t\t\t\t<div class=\"elementor-column elementor-col-50 elementor-inner-column elementor-element elementor-element-8b03c51\" data-id=\"8b03c51\" data-element_type=\"column\" data-e-type=\"column\" data-settings=\"{&quot;background_background&quot;:&quot;classic&quot;}\">\n\t\t\t<div class=\"elementor-widget-wrap elementor-element-populated\">\n\t\t\t\t\t\t<div class=\"elementor-element elementor-element-20c11bc elementor-widget elementor-widget-image\" data-id=\"20c11bc\" data-element_type=\"widget\" data-e-type=\"widget\" data-widget_type=\"image.default\">\n\t\t\t\t<div class=\"elementor-widget-container\">\n\t\t\t\t\t\t\t\t\t\t\t\t\t\t\t\t<a href=\"\/?page_id=25051\">\n\t\t\t\t\t\t\t<img decoding=\"async\" width=\"300\" height=\"300\" src=\"https:\/\/carney-gmbh.com\/wp-content\/uploads\/2020\/09\/EL03-300x300-1-300x300.jpg\" class=\"elementor-animation-grow attachment-medium size-medium wp-image-25418\" alt=\"\" srcset=\"https:\/\/carney-gmbh.com\/wp-content\/uploads\/2020\/09\/EL03-300x300-1.jpg 300w, https:\/\/carney-gmbh.com\/wp-content\/uploads\/2020\/09\/EL03-300x300-1-150x150.jpg 150w, https:\/\/carney-gmbh.com\/wp-content\/uploads\/2020\/09\/EL03-300x300-1-100x100.jpg 100w\" sizes=\"(max-width: 300px) 100vw, 300px\" \/>\t\t\t\t\t\t\t\t<\/a>\n\t\t\t\t\t\t\t\t\t\t\t\t\t\t\t<\/div>\n\t\t\t\t<\/div>\n\t\t\t\t\t<\/div>\n\t\t<\/div>\n\t\t\t\t\t<\/div>\n\t\t<\/section>\n\t\t\t\t<div class=\"elementor-element elementor-element-0b07d2f elementor-widget elementor-widget-spacer\" data-id=\"0b07d2f\" data-element_type=\"widget\" data-e-type=\"widget\" data-widget_type=\"spacer.default\">\n\t\t\t\t<div class=\"elementor-widget-container\">\n\t\t\t\t\t\t\t<div class=\"elementor-spacer\">\n\t\t\t<div class=\"elementor-spacer-inner\"><\/div>\n\t\t<\/div>\n\t\t\t\t\t\t<\/div>\n\t\t\t\t<\/div>\n\t\t\t\t\t<\/div>\n\t\t<\/div>\n\t\t\t\t\t<\/div>\n\t\t<\/section>\n\t\t\t\t<\/div>\n\t\t","protected":false},"excerpt":{"rendered":"<p>Willkommen im Download-Center der CARNEY GmbH. Klicken Sie auf ein Logo um zu der entsprechenden Download-Seite zu gelangen. F\u00fcr Fragen stehen wir Ihnen nat\u00fcrlich zur Verf\u00fcgung.<\/p>\n","protected":false},"author":1,"featured_media":0,"parent":0,"menu_order":0,"comment_status":"closed","ping_status":"closed","template":"","meta":{"footnotes":""},"class_list":["post-25053","page","type-page","status-publish","hentry"],"yoast_head":"<!-- This site is optimized with the Yoast SEO Premium plugin v27.3 (Yoast SEO v27.3) - https:\/\/yoast.com\/product\/yoast-seo-premium-wordpress\/ -->\n<title>Download-Center f\u00fcr Kataloge &amp; Preislisten - CARNEY GmbH<\/title>\n<meta name=\"description\" content=\"Download-Center f\u00fcr Kataloge und Preislisten von RONIS, DOM und STRENGER-EMKA. Alle gezeigten Produkte sind \u00fcber uns lieferbar.\" \/>\n<meta name=\"robots\" content=\"index, follow, max-snippet:-1, max-image-preview:large, max-video-preview:-1\" \/>\n<link rel=\"canonical\" href=\"https:\/\/carney-gmbh.com\/?page_id=25053\" \/>\n<meta property=\"og:locale\" content=\"de_DE\" \/>\n<meta property=\"og:type\" content=\"article\" \/>\n<meta property=\"og:title\" content=\"Downloads\" \/>\n<meta property=\"og:description\" content=\"Download-Center f\u00fcr Kataloge und Preislisten von RONIS, DOM und STRENGER-EMKA. Alle gezeigten Produkte sind \u00fcber uns lieferbar.\" \/>\n<meta property=\"og:url\" content=\"https:\/\/carney-gmbh.com\/?page_id=25053\" \/>\n<meta property=\"og:site_name\" content=\"CARNEY GmbH\" \/>\n<meta property=\"article:modified_time\" content=\"2025-01-02T17:16:22+00:00\" \/>\n<meta property=\"og:image\" content=\"https:\/\/carney-gmbh.com\/wp-content\/uploads\/2019\/08\/RONIS05.jpg\" \/>\n\t<meta property=\"og:image:width\" content=\"450\" \/>\n\t<meta property=\"og:image:height\" content=\"450\" \/>\n\t<meta property=\"og:image:type\" content=\"image\/jpeg\" \/>\n<meta name=\"twitter:card\" content=\"summary_large_image\" \/>\n<meta name=\"twitter:label1\" content=\"Gesch\u00e4tzte Lesezeit\" \/>\n\t<meta name=\"twitter:data1\" content=\"1\u00a0Minute\" \/>\n<script type=\"application\/ld+json\" class=\"yoast-schema-graph\">{\"@context\":\"https:\\\/\\\/schema.org\",\"@graph\":[{\"@type\":\"WebPage\",\"@id\":\"https:\\\/\\\/carney-gmbh.com\\\/?page_id=25053\",\"url\":\"https:\\\/\\\/carney-gmbh.com\\\/?page_id=25053\",\"name\":\"Download-Center f\u00fcr Kataloge & Preislisten - CARNEY GmbH\",\"isPartOf\":{\"@id\":\"https:\\\/\\\/carney-gmbh.com\\\/#website\"},\"primaryImageOfPage\":{\"@id\":\"https:\\\/\\\/carney-gmbh.com\\\/?page_id=25053#primaryimage\"},\"image\":{\"@id\":\"https:\\\/\\\/carney-gmbh.com\\\/?page_id=25053#primaryimage\"},\"thumbnailUrl\":\"https:\\\/\\\/carney-gmbh.com\\\/wp-content\\\/uploads\\\/2019\\\/08\\\/RONIS05-300x300.jpg\",\"datePublished\":\"2020-05-02T11:15:20+00:00\",\"dateModified\":\"2025-01-02T17:16:22+00:00\",\"description\":\"Download-Center f\u00fcr Kataloge und Preislisten von RONIS, DOM und STRENGER-EMKA. Alle gezeigten Produkte sind \u00fcber uns lieferbar.\",\"breadcrumb\":{\"@id\":\"https:\\\/\\\/carney-gmbh.com\\\/?page_id=25053#breadcrumb\"},\"inLanguage\":\"de\",\"potentialAction\":[{\"@type\":\"ReadAction\",\"target\":[\"https:\\\/\\\/carney-gmbh.com\\\/?page_id=25053\"]}]},{\"@type\":\"ImageObject\",\"inLanguage\":\"de\",\"@id\":\"https:\\\/\\\/carney-gmbh.com\\\/?page_id=25053#primaryimage\",\"url\":\"https:\\\/\\\/carney-gmbh.com\\\/wp-content\\\/uploads\\\/2019\\\/08\\\/RONIS05-300x300.jpg\",\"contentUrl\":\"https:\\\/\\\/carney-gmbh.com\\\/wp-content\\\/uploads\\\/2019\\\/08\\\/RONIS05-300x300.jpg\"},{\"@type\":\"BreadcrumbList\",\"@id\":\"https:\\\/\\\/carney-gmbh.com\\\/?page_id=25053#breadcrumb\",\"itemListElement\":[{\"@type\":\"ListItem\",\"position\":1,\"name\":\"Startseite\",\"item\":\"https:\\\/\\\/carney-gmbh.com\\\/\"},{\"@type\":\"ListItem\",\"position\":2,\"name\":\"Downloads\"}]},{\"@type\":\"WebSite\",\"@id\":\"https:\\\/\\\/carney-gmbh.com\\\/#website\",\"url\":\"https:\\\/\\\/carney-gmbh.com\\\/\",\"name\":\"CARNEY GmbH\",\"description\":\"RONIS | DOM | BURG | EURO-LOCKS | TITAN LOCKS | CES | MLM\",\"potentialAction\":[{\"@type\":\"SearchAction\",\"target\":{\"@type\":\"EntryPoint\",\"urlTemplate\":\"https:\\\/\\\/carney-gmbh.com\\\/?s={search_term_string}\"},\"query-input\":{\"@type\":\"PropertyValueSpecification\",\"valueRequired\":true,\"valueName\":\"search_term_string\"}}],\"inLanguage\":\"de\"}]}<\/script>\n<!-- \/ Yoast SEO Premium plugin. -->","yoast_head_json":{"title":"Download-Center f\u00fcr Kataloge & Preislisten - CARNEY GmbH","description":"Download-Center f\u00fcr Kataloge und Preislisten von RONIS, DOM und STRENGER-EMKA. Alle gezeigten Produkte sind \u00fcber uns lieferbar.","robots":{"index":"index","follow":"follow","max-snippet":"max-snippet:-1","max-image-preview":"max-image-preview:large","max-video-preview":"max-video-preview:-1"},"canonical":"https:\/\/carney-gmbh.com\/?page_id=25053","og_locale":"de_DE","og_type":"article","og_title":"Downloads","og_description":"Download-Center f\u00fcr Kataloge und Preislisten von RONIS, DOM und STRENGER-EMKA. Alle gezeigten Produkte sind \u00fcber uns lieferbar.","og_url":"https:\/\/carney-gmbh.com\/?page_id=25053","og_site_name":"CARNEY GmbH","article_modified_time":"2025-01-02T17:16:22+00:00","og_image":[{"width":450,"height":450,"url":"https:\/\/carney-gmbh.com\/wp-content\/uploads\/2019\/08\/RONIS05.jpg","type":"image\/jpeg"}],"twitter_card":"summary_large_image","twitter_misc":{"Gesch\u00e4tzte Lesezeit":"1\u00a0Minute"},"schema":{"@context":"https:\/\/schema.org","@graph":[{"@type":"WebPage","@id":"https:\/\/carney-gmbh.com\/?page_id=25053","url":"https:\/\/carney-gmbh.com\/?page_id=25053","name":"Download-Center f\u00fcr Kataloge & Preislisten - CARNEY GmbH","isPartOf":{"@id":"https:\/\/carney-gmbh.com\/#website"},"primaryImageOfPage":{"@id":"https:\/\/carney-gmbh.com\/?page_id=25053#primaryimage"},"image":{"@id":"https:\/\/carney-gmbh.com\/?page_id=25053#primaryimage"},"thumbnailUrl":"https:\/\/carney-gmbh.com\/wp-content\/uploads\/2019\/08\/RONIS05-300x300.jpg","datePublished":"2020-05-02T11:15:20+00:00","dateModified":"2025-01-02T17:16:22+00:00","description":"Download-Center f\u00fcr Kataloge und Preislisten von RONIS, DOM und STRENGER-EMKA. Alle gezeigten Produkte sind \u00fcber uns lieferbar.","breadcrumb":{"@id":"https:\/\/carney-gmbh.com\/?page_id=25053#breadcrumb"},"inLanguage":"de","potentialAction":[{"@type":"ReadAction","target":["https:\/\/carney-gmbh.com\/?page_id=25053"]}]},{"@type":"ImageObject","inLanguage":"de","@id":"https:\/\/carney-gmbh.com\/?page_id=25053#primaryimage","url":"https:\/\/carney-gmbh.com\/wp-content\/uploads\/2019\/08\/RONIS05-300x300.jpg","contentUrl":"https:\/\/carney-gmbh.com\/wp-content\/uploads\/2019\/08\/RONIS05-300x300.jpg"},{"@type":"BreadcrumbList","@id":"https:\/\/carney-gmbh.com\/?page_id=25053#breadcrumb","itemListElement":[{"@type":"ListItem","position":1,"name":"Startseite","item":"https:\/\/carney-gmbh.com\/"},{"@type":"ListItem","position":2,"name":"Downloads"}]},{"@type":"WebSite","@id":"https:\/\/carney-gmbh.com\/#website","url":"https:\/\/carney-gmbh.com\/","name":"CARNEY GmbH","description":"RONIS | DOM | BURG | EURO-LOCKS | TITAN LOCKS | CES | MLM","potentialAction":[{"@type":"SearchAction","target":{"@type":"EntryPoint","urlTemplate":"https:\/\/carney-gmbh.com\/?s={search_term_string}"},"query-input":{"@type":"PropertyValueSpecification","valueRequired":true,"valueName":"search_term_string"}}],"inLanguage":"de"}]}},"_links":{"self":[{"href":"https:\/\/carney-gmbh.com\/index.php?rest_route=\/wp\/v2\/pages\/25053","targetHints":{"allow":["GET"]}}],"collection":[{"href":"https:\/\/carney-gmbh.com\/index.php?rest_route=\/wp\/v2\/pages"}],"about":[{"href":"https:\/\/carney-gmbh.com\/index.php?rest_route=\/wp\/v2\/types\/page"}],"author":[{"embeddable":true,"href":"https:\/\/carney-gmbh.com\/index.php?rest_route=\/wp\/v2\/users\/1"}],"replies":[{"embeddable":true,"href":"https:\/\/carney-gmbh.com\/index.php?rest_route=%2Fwp%2Fv2%2Fcomments&post=25053"}],"version-history":[{"count":0,"href":"https:\/\/carney-gmbh.com\/index.php?rest_route=\/wp\/v2\/pages\/25053\/revisions"}],"wp:attachment":[{"href":"https:\/\/carney-gmbh.com\/index.php?rest_route=%2Fwp%2Fv2%2Fmedia&parent=25053"}],"curies":[{"name":"wp","href":"https:\/\/api.w.org\/{rel}","templated":true}]}}