{"id":25051,"date":"2020-05-02T10:48:55","date_gmt":"2020-05-02T10:48:55","guid":{"rendered":"https:\/\/carney-gmbh.com\/?page_id=25051"},"modified":"2022-03-18T09:54:58","modified_gmt":"2022-03-18T09:54:58","slug":"euro-locks-katalog","status":"publish","type":"page","link":"https:\/\/carney-gmbh.com\/?page_id=25051","title":{"rendered":"EURO-LOCKS Katalog"},"content":{"rendered":"\t\t<div data-elementor-type=\"wp-page\" data-elementor-id=\"25051\" class=\"elementor elementor-25051\">\n\t\t\t\t\t\t<section class=\"elementor-section elementor-top-section elementor-element elementor-element-31d39a98 elementor-section-stretched elementor-section-boxed elementor-section-height-default elementor-section-height-default\" data-id=\"31d39a98\" data-element_type=\"section\" data-e-type=\"section\" data-settings=\"{&quot;stretch_section&quot;:&quot;section-stretched&quot;,&quot;background_background&quot;:&quot;classic&quot;}\">\n\t\t\t\t\t\t\t<div class=\"elementor-background-overlay\"><\/div>\n\t\t\t\t\t\t\t<div class=\"elementor-container elementor-column-gap-default\">\n\t\t\t\t\t<div class=\"elementor-column elementor-col-100 elementor-top-column elementor-element elementor-element-6178d37b\" data-id=\"6178d37b\" data-element_type=\"column\" data-e-type=\"column\">\n\t\t\t<div class=\"elementor-widget-wrap elementor-element-populated\">\n\t\t\t\t\t\t<div class=\"elementor-element elementor-element-31691fb elementor-widget elementor-widget-spacer\" data-id=\"31691fb\" data-element_type=\"widget\" data-e-type=\"widget\" data-widget_type=\"spacer.default\">\n\t\t\t\t<div class=\"elementor-widget-container\">\n\t\t\t\t\t\t\t<div class=\"elementor-spacer\">\n\t\t\t<div class=\"elementor-spacer-inner\"><\/div>\n\t\t<\/div>\n\t\t\t\t\t\t<\/div>\n\t\t\t\t<\/div>\n\t\t\t\t<section class=\"elementor-section elementor-inner-section elementor-element elementor-element-6b6bf3db elementor-section-boxed elementor-section-height-default elementor-section-height-default\" data-id=\"6b6bf3db\" data-element_type=\"section\" data-e-type=\"section\">\n\t\t\t\t\t\t<div class=\"elementor-container elementor-column-gap-default\">\n\t\t\t\t\t<div class=\"elementor-column elementor-col-100 elementor-inner-column elementor-element elementor-element-697ee194\" data-id=\"697ee194\" data-element_type=\"column\" data-e-type=\"column\" data-settings=\"{&quot;background_background&quot;:&quot;classic&quot;}\">\n\t\t\t<div class=\"elementor-widget-wrap elementor-element-populated\">\n\t\t\t\t\t\t<div class=\"elementor-element elementor-element-6639eafd elementor-widget elementor-widget-text-editor\" data-id=\"6639eafd\" data-element_type=\"widget\" data-e-type=\"widget\" data-widget_type=\"text-editor.default\">\n\t\t\t\t<div class=\"elementor-widget-container\">\n\t\t\t\t\t\t\t\t\t<p><span style=\"font-size: 14pt; font-family: Raleway;\"><strong>EURO-LOCKS<\/strong> ist spezialisiert auf die Entwicklung und Herstellung von Schlie\u00dfsystemen und bietet eine breite Palette an Schl\u00f6ssern f\u00fcr industrielle und OEM-Anwendungen an. <strong>EURO-LOCKS<\/strong> liefert jedes Jahr \u00fcber 60 Millionen Produkte aus, von einfachen mechanischen Schl\u00f6ssern bis hin zu modernsten Elektronikschl\u00f6ssern. Neben einem Standardsortiment bietet <strong>EURO-LOCKS<\/strong> auf Kunden zugeschnittene Speziall\u00f6sungen an. So k\u00f6nnen ganz flexibel die unterschiedlichsten Anforderungen an Schlie\u00dfsysteme erf\u00fcllt werden.<\/span><\/p><div>\u00a0<\/div><div><span style=\"font-family: Raleway; font-size: 14pt;\">Schlie\u00dfsysteme von <strong>EURO-LOCKS<\/strong> finden sich in vielen Produkten und es ist h\u00f6chst wahrscheinlich, dass auch Sie schon einmal ein <strong>EURO-LOCKS<\/strong> Schlie\u00dfsystem verwendet haben, ohne sich dessen bewusst zu sein.<\/span><\/div><div>\u00a0<\/div><div><span style=\"font-family: Raleway; font-size: 14pt;\">Der <strong>EURO-LOCKS<\/strong> Standort in Sulzbach wurde 1983 gegr\u00fcndet und betreut Kunden in Deutschland, \u00d6sterreich, der Schweiz, Ungarn, Tschechien, Slowakei, Slowenien, Rum\u00e4nien, Albanien, Bulgarien, Kroatien, Serbien, Mazedonien, Kosovo und der T\u00fcrkei. Am Standort Sulzbach produziert <strong>EURO-LOCKS<\/strong> eine breite Palette an mechanischen Schl\u00f6ssern, darunter viele kundenspezifische L\u00f6sungen.<\/span><\/div><div>\u00a0<\/div><div><span style=\"font-family: Raleway; font-size: 14pt;\"><strong>EURO-LOCKS<\/strong> ist Teil der Lowe &amp; Fletcher Group, die schon seit 1889 Schl\u00f6sser fertigt. Gegr\u00fcndet wurde das Unternehmen in Willenhall, von John Lowe und Thomas Fletcher. Die Locking Systems Division (Schlosssparte) verf\u00fcgt neben Deutschland \u00fcber weitere Standorte in Gro\u00dfbritannien, Belgien, Frankreich, Polen und den USA. Von dort aus werden die jeweils lokalen M\u00e4rkte bedient.<\/span><\/div><p><span style=\"font-size: 14pt; font-family: Raleway;\">\u00a0<\/span><\/p>\t\t\t\t\t\t\t\t<\/div>\n\t\t\t\t<\/div>\n\t\t\t\t\t<\/div>\n\t\t<\/div>\n\t\t\t\t\t<\/div>\n\t\t<\/section>\n\t\t\t\t<div class=\"elementor-element elementor-element-fab09b4 elementor-widget elementor-widget-spacer\" data-id=\"fab09b4\" data-element_type=\"widget\" data-e-type=\"widget\" data-widget_type=\"spacer.default\">\n\t\t\t\t<div class=\"elementor-widget-container\">\n\t\t\t\t\t\t\t<div class=\"elementor-spacer\">\n\t\t\t<div class=\"elementor-spacer-inner\"><\/div>\n\t\t<\/div>\n\t\t\t\t\t\t<\/div>\n\t\t\t\t<\/div>\n\t\t\t\t<div class=\"elementor-element elementor-element-dad711a elementor-widget elementor-widget-text-editor\" data-id=\"dad711a\" data-element_type=\"widget\" data-e-type=\"widget\" data-widget_type=\"text-editor.default\">\n\t\t\t\t<div class=\"elementor-widget-container\">\n\t\t\t\t\t\t\t\t\t<h2><span style=\"font-size: 18pt;\">Download <strong>EURO-LOCKS <\/strong>Katalog<strong><br \/><\/strong><\/span><\/h2><p>\u00a0<\/p>\t\t\t\t\t\t\t\t<\/div>\n\t\t\t\t<\/div>\n\t\t\t\t<section class=\"elementor-section elementor-inner-section elementor-element elementor-element-14f25da7 elementor-section-boxed elementor-section-height-default elementor-section-height-default\" data-id=\"14f25da7\" data-element_type=\"section\" data-e-type=\"section\">\n\t\t\t\t\t\t<div class=\"elementor-container elementor-column-gap-default\">\n\t\t\t\t\t<div class=\"elementor-column elementor-col-100 elementor-inner-column elementor-element elementor-element-b353e8c\" data-id=\"b353e8c\" data-element_type=\"column\" data-e-type=\"column\" data-settings=\"{&quot;background_background&quot;:&quot;classic&quot;}\">\n\t\t\t<div class=\"elementor-widget-wrap elementor-element-populated\">\n\t\t\t\t\t\t<div class=\"elementor-element elementor-element-4f8ab6f elementor-widget elementor-widget-image\" data-id=\"4f8ab6f\" data-element_type=\"widget\" data-e-type=\"widget\" data-widget_type=\"image.default\">\n\t\t\t\t<div class=\"elementor-widget-container\">\n\t\t\t\t\t\t\t\t\t\t\t\t\t\t\t\t<a href=\"\/wp-content\/uploads\/2020\/09\/GesamtkatalogEL.pdf\" target=\"_blank\">\n\t\t\t\t\t\t\t<img fetchpriority=\"high\" decoding=\"async\" width=\"472\" height=\"510\" src=\"https:\/\/carney-gmbh.com\/wp-content\/uploads\/2020\/09\/Download_EL_GK.png\" class=\"elementor-animation-grow attachment-medium_large size-medium_large wp-image-25395\" alt=\"\" srcset=\"https:\/\/carney-gmbh.com\/wp-content\/uploads\/2020\/09\/Download_EL_GK.png 472w, https:\/\/carney-gmbh.com\/wp-content\/uploads\/2020\/09\/Download_EL_GK-278x300.png 278w\" sizes=\"(max-width: 472px) 100vw, 472px\" \/>\t\t\t\t\t\t\t\t<\/a>\n\t\t\t\t\t\t\t\t\t\t\t\t\t\t\t<\/div>\n\t\t\t\t<\/div>\n\t\t\t\t\t<\/div>\n\t\t<\/div>\n\t\t\t\t\t<\/div>\n\t\t<\/section>\n\t\t\t\t<div class=\"elementor-element elementor-element-885dcc2 elementor-widget elementor-widget-spacer\" data-id=\"885dcc2\" data-element_type=\"widget\" data-e-type=\"widget\" data-widget_type=\"spacer.default\">\n\t\t\t\t<div class=\"elementor-widget-container\">\n\t\t\t\t\t\t\t<div class=\"elementor-spacer\">\n\t\t\t<div class=\"elementor-spacer-inner\"><\/div>\n\t\t<\/div>\n\t\t\t\t\t\t<\/div>\n\t\t\t\t<\/div>\n\t\t\t\t\t<\/div>\n\t\t<\/div>\n\t\t\t\t\t<\/div>\n\t\t<\/section>\n\t\t\t\t<\/div>\n\t\t","protected":false},"excerpt":{"rendered":"<p>EURO-LOCKS ist spezialisiert auf die Entwicklung und Herstellung von Schlie\u00dfsystemen und bietet eine breite Palette an Schl\u00f6ssern f\u00fcr industrielle und OEM-Anwendungen an. EURO-LOCKS liefert jedes Jahr \u00fcber 60 Millionen Produkte aus, von einfachen mechanischen Schl\u00f6ssern bis hin zu modernsten Elektronikschl\u00f6ssern. Neben einem Standardsortiment bietet EURO-LOCKS auf Kunden zugeschnittene Speziall\u00f6sungen an. So k\u00f6nnen ganz flexibel die unterschiedlichsten Anforderungen an Schlie\u00dfsysteme erf\u00fcllt<\/p>\n<p><a class=\"more-link\" href=\"https:\/\/carney-gmbh.com\/?page_id=25051\">Weiterlesen<\/a><\/p>\n","protected":false},"author":1,"featured_media":0,"parent":0,"menu_order":0,"comment_status":"closed","ping_status":"closed","template":"elementor_header_footer","meta":{"footnotes":""},"class_list":["post-25051","page","type-page","status-publish","hentry"],"yoast_head":"<!-- This site is optimized with the Yoast SEO Premium plugin v27.3 (Yoast SEO v27.3) - https:\/\/yoast.com\/product\/yoast-seo-premium-wordpress\/ -->\n<title>EURO-LOCKS Katalog - Download bei CARNEY GmbH<\/title>\n<meta name=\"description\" content=\"EURO-LOCKS Schlie\u00dfsysteme f\u00fcr industrielle und OEM-Anwendungen. Katalog als PDF-Download hier. Kontaktieren Sie uns f\u00fcr ein Angebot!\" \/>\n<meta name=\"robots\" content=\"index, follow, max-snippet:-1, max-image-preview:large, max-video-preview:-1\" \/>\n<link rel=\"canonical\" href=\"https:\/\/carney-gmbh.com\/?page_id=25051\" \/>\n<meta property=\"og:locale\" content=\"de_DE\" \/>\n<meta property=\"og:type\" content=\"article\" \/>\n<meta property=\"og:title\" content=\"EURO-LOCKS Katalog\" \/>\n<meta property=\"og:description\" content=\"EURO-LOCKS Schlie\u00dfsysteme f\u00fcr industrielle und OEM-Anwendungen. Katalog als PDF-Download hier. Kontaktieren Sie uns f\u00fcr ein Angebot!\" \/>\n<meta property=\"og:url\" content=\"https:\/\/carney-gmbh.com\/?page_id=25051\" \/>\n<meta property=\"og:site_name\" content=\"CARNEY GmbH\" \/>\n<meta property=\"article:modified_time\" content=\"2022-03-18T09:54:58+00:00\" \/>\n<meta property=\"og:image\" content=\"https:\/\/carney-gmbh.com\/wp-content\/uploads\/2020\/09\/Download_EL_GK.png\" \/>\n<meta name=\"twitter:card\" content=\"summary_large_image\" \/>\n<meta name=\"twitter:label1\" content=\"Gesch\u00e4tzte Lesezeit\" \/>\n\t<meta name=\"twitter:data1\" content=\"2\u00a0Minuten\" \/>\n<script type=\"application\/ld+json\" class=\"yoast-schema-graph\">{\"@context\":\"https:\\\/\\\/schema.org\",\"@graph\":[{\"@type\":\"WebPage\",\"@id\":\"https:\\\/\\\/carney-gmbh.com\\\/?page_id=25051\",\"url\":\"https:\\\/\\\/carney-gmbh.com\\\/?page_id=25051\",\"name\":\"EURO-LOCKS Katalog - Download bei CARNEY GmbH\",\"isPartOf\":{\"@id\":\"https:\\\/\\\/carney-gmbh.com\\\/#website\"},\"primaryImageOfPage\":{\"@id\":\"https:\\\/\\\/carney-gmbh.com\\\/?page_id=25051#primaryimage\"},\"image\":{\"@id\":\"https:\\\/\\\/carney-gmbh.com\\\/?page_id=25051#primaryimage\"},\"thumbnailUrl\":\"https:\\\/\\\/carney-gmbh.com\\\/wp-content\\\/uploads\\\/2020\\\/09\\\/Download_EL_GK.png\",\"datePublished\":\"2020-05-02T10:48:55+00:00\",\"dateModified\":\"2022-03-18T09:54:58+00:00\",\"description\":\"EURO-LOCKS Schlie\u00dfsysteme f\u00fcr industrielle und OEM-Anwendungen. Katalog als PDF-Download hier. Kontaktieren Sie uns f\u00fcr ein Angebot!\",\"breadcrumb\":{\"@id\":\"https:\\\/\\\/carney-gmbh.com\\\/?page_id=25051#breadcrumb\"},\"inLanguage\":\"de\",\"potentialAction\":[{\"@type\":\"ReadAction\",\"target\":[\"https:\\\/\\\/carney-gmbh.com\\\/?page_id=25051\"]}]},{\"@type\":\"ImageObject\",\"inLanguage\":\"de\",\"@id\":\"https:\\\/\\\/carney-gmbh.com\\\/?page_id=25051#primaryimage\",\"url\":\"https:\\\/\\\/carney-gmbh.com\\\/wp-content\\\/uploads\\\/2020\\\/09\\\/Download_EL_GK.png\",\"contentUrl\":\"https:\\\/\\\/carney-gmbh.com\\\/wp-content\\\/uploads\\\/2020\\\/09\\\/Download_EL_GK.png\",\"width\":472,\"height\":510},{\"@type\":\"BreadcrumbList\",\"@id\":\"https:\\\/\\\/carney-gmbh.com\\\/?page_id=25051#breadcrumb\",\"itemListElement\":[{\"@type\":\"ListItem\",\"position\":1,\"name\":\"Startseite\",\"item\":\"https:\\\/\\\/carney-gmbh.com\\\/\"},{\"@type\":\"ListItem\",\"position\":2,\"name\":\"EURO-LOCKS Katalog\"}]},{\"@type\":\"WebSite\",\"@id\":\"https:\\\/\\\/carney-gmbh.com\\\/#website\",\"url\":\"https:\\\/\\\/carney-gmbh.com\\\/\",\"name\":\"CARNEY GmbH\",\"description\":\"RONIS | DOM | BURG | EURO-LOCKS | TITAN LOCKS | CES | MLM\",\"potentialAction\":[{\"@type\":\"SearchAction\",\"target\":{\"@type\":\"EntryPoint\",\"urlTemplate\":\"https:\\\/\\\/carney-gmbh.com\\\/?s={search_term_string}\"},\"query-input\":{\"@type\":\"PropertyValueSpecification\",\"valueRequired\":true,\"valueName\":\"search_term_string\"}}],\"inLanguage\":\"de\"}]}<\/script>\n<!-- \/ Yoast SEO Premium plugin. -->","yoast_head_json":{"title":"EURO-LOCKS Katalog - Download bei CARNEY GmbH","description":"EURO-LOCKS Schlie\u00dfsysteme f\u00fcr industrielle und OEM-Anwendungen. Katalog als PDF-Download hier. Kontaktieren Sie uns f\u00fcr ein Angebot!","robots":{"index":"index","follow":"follow","max-snippet":"max-snippet:-1","max-image-preview":"max-image-preview:large","max-video-preview":"max-video-preview:-1"},"canonical":"https:\/\/carney-gmbh.com\/?page_id=25051","og_locale":"de_DE","og_type":"article","og_title":"EURO-LOCKS Katalog","og_description":"EURO-LOCKS Schlie\u00dfsysteme f\u00fcr industrielle und OEM-Anwendungen. Katalog als PDF-Download hier. Kontaktieren Sie uns f\u00fcr ein Angebot!","og_url":"https:\/\/carney-gmbh.com\/?page_id=25051","og_site_name":"CARNEY GmbH","article_modified_time":"2022-03-18T09:54:58+00:00","og_image":[{"url":"https:\/\/carney-gmbh.com\/wp-content\/uploads\/2020\/09\/Download_EL_GK.png","type":"","width":"","height":""}],"twitter_card":"summary_large_image","twitter_misc":{"Gesch\u00e4tzte Lesezeit":"2\u00a0Minuten"},"schema":{"@context":"https:\/\/schema.org","@graph":[{"@type":"WebPage","@id":"https:\/\/carney-gmbh.com\/?page_id=25051","url":"https:\/\/carney-gmbh.com\/?page_id=25051","name":"EURO-LOCKS Katalog - Download bei CARNEY GmbH","isPartOf":{"@id":"https:\/\/carney-gmbh.com\/#website"},"primaryImageOfPage":{"@id":"https:\/\/carney-gmbh.com\/?page_id=25051#primaryimage"},"image":{"@id":"https:\/\/carney-gmbh.com\/?page_id=25051#primaryimage"},"thumbnailUrl":"https:\/\/carney-gmbh.com\/wp-content\/uploads\/2020\/09\/Download_EL_GK.png","datePublished":"2020-05-02T10:48:55+00:00","dateModified":"2022-03-18T09:54:58+00:00","description":"EURO-LOCKS Schlie\u00dfsysteme f\u00fcr industrielle und OEM-Anwendungen. Katalog als PDF-Download hier. Kontaktieren Sie uns f\u00fcr ein Angebot!","breadcrumb":{"@id":"https:\/\/carney-gmbh.com\/?page_id=25051#breadcrumb"},"inLanguage":"de","potentialAction":[{"@type":"ReadAction","target":["https:\/\/carney-gmbh.com\/?page_id=25051"]}]},{"@type":"ImageObject","inLanguage":"de","@id":"https:\/\/carney-gmbh.com\/?page_id=25051#primaryimage","url":"https:\/\/carney-gmbh.com\/wp-content\/uploads\/2020\/09\/Download_EL_GK.png","contentUrl":"https:\/\/carney-gmbh.com\/wp-content\/uploads\/2020\/09\/Download_EL_GK.png","width":472,"height":510},{"@type":"BreadcrumbList","@id":"https:\/\/carney-gmbh.com\/?page_id=25051#breadcrumb","itemListElement":[{"@type":"ListItem","position":1,"name":"Startseite","item":"https:\/\/carney-gmbh.com\/"},{"@type":"ListItem","position":2,"name":"EURO-LOCKS Katalog"}]},{"@type":"WebSite","@id":"https:\/\/carney-gmbh.com\/#website","url":"https:\/\/carney-gmbh.com\/","name":"CARNEY GmbH","description":"RONIS | DOM | BURG | EURO-LOCKS | TITAN LOCKS | CES | MLM","potentialAction":[{"@type":"SearchAction","target":{"@type":"EntryPoint","urlTemplate":"https:\/\/carney-gmbh.com\/?s={search_term_string}"},"query-input":{"@type":"PropertyValueSpecification","valueRequired":true,"valueName":"search_term_string"}}],"inLanguage":"de"}]}},"_links":{"self":[{"href":"https:\/\/carney-gmbh.com\/index.php?rest_route=\/wp\/v2\/pages\/25051","targetHints":{"allow":["GET"]}}],"collection":[{"href":"https:\/\/carney-gmbh.com\/index.php?rest_route=\/wp\/v2\/pages"}],"about":[{"href":"https:\/\/carney-gmbh.com\/index.php?rest_route=\/wp\/v2\/types\/page"}],"author":[{"embeddable":true,"href":"https:\/\/carney-gmbh.com\/index.php?rest_route=\/wp\/v2\/users\/1"}],"replies":[{"embeddable":true,"href":"https:\/\/carney-gmbh.com\/index.php?rest_route=%2Fwp%2Fv2%2Fcomments&post=25051"}],"version-history":[{"count":0,"href":"https:\/\/carney-gmbh.com\/index.php?rest_route=\/wp\/v2\/pages\/25051\/revisions"}],"wp:attachment":[{"href":"https:\/\/carney-gmbh.com\/index.php?rest_route=%2Fwp%2Fv2%2Fmedia&parent=25051"}],"curies":[{"name":"wp","href":"https:\/\/api.w.org\/{rel}","templated":true}]}}