{"id":24249,"date":"2020-02-20T19:13:29","date_gmt":"2020-02-20T19:13:29","guid":{"rendered":"https:\/\/carney-gmbh.com\/?page_id=24249"},"modified":"2020-08-14T06:58:26","modified_gmt":"2020-08-14T06:58:26","slug":"agb","status":"publish","type":"page","link":"https:\/\/carney-gmbh.com\/?page_id=24249","title":{"rendered":"AGB und Kundeninformationen"},"content":{"rendered":"\t\t<div data-elementor-type=\"wp-page\" data-elementor-id=\"24249\" class=\"elementor elementor-24249\">\n\t\t\t\t\t\t<section class=\"elementor-section elementor-top-section elementor-element elementor-element-ff72d70 elementor-section-boxed elementor-section-height-default elementor-section-height-default\" data-id=\"ff72d70\" data-element_type=\"section\" data-e-type=\"section\">\n\t\t\t\t\t\t<div class=\"elementor-container elementor-column-gap-default\">\n\t\t\t\t\t<div class=\"elementor-column elementor-col-100 elementor-top-column elementor-element elementor-element-016dca9\" data-id=\"016dca9\" data-element_type=\"column\" data-e-type=\"column\">\n\t\t\t<div class=\"elementor-widget-wrap elementor-element-populated\">\n\t\t\t\t\t\t<div class=\"elementor-element elementor-element-77f9a97 elementor-widget elementor-widget-text-editor\" data-id=\"77f9a97\" data-element_type=\"widget\" data-e-type=\"widget\" data-widget_type=\"text-editor.default\">\n\t\t\t\t<div class=\"elementor-widget-container\">\n\t\t\t\t\t\t\t\t\t<div class=\"a-section\"><h3 class=\"a-spacing-large\">Allgemeine Gesch\u00e4ftsbedingungen und Kundeninformationen<\/h3><div class=\"default-style\">\u00a0<\/div><div><strong>I. Allgemeine Gesch\u00e4ftsbedingungen<\/strong><\/div><div>\u00a0<\/div><div><strong>\u00a7 1 Grundlegende Bestimmungen<\/strong><\/div><div>\u00a0<\/div><div><strong>(1)<\/strong>\u00a0\u00a0Die nachstehenden Gesch\u00e4ftsbedingungen gelten f\u00fcr alle Vertr\u00e4ge, die Sie mit uns als Anbieter (Carney GmbH) <strong>\u00a0<\/strong>\u00fcber unsere Internetpr\u00e4senz schlie\u00dfen. Soweit nicht anders vereinbart, wird der Einbeziehung gegebenenfalls von Ihnen verwendeter eigener Bedingungen widersprochen. <br \/><strong>(2)<\/strong>\u00a0Verbraucher im Sinne der nachstehenden Regelungen ist jede nat\u00fcrliche Person, die ein Rechtsgesch\u00e4ft zu Zwecken abschlie\u00dft, die \u00fcberwiegend weder ihrer gewerblichen noch ihrer selbst\u00e4ndigen beruflichen T\u00e4tigkeit zugerechnet werden kann. Unternehmer ist jede nat\u00fcrliche oder juristische Person oder eine rechtsf\u00e4hige Personengesellschaft, die bei Abschluss eines Rechtsgesch\u00e4fts in Aus\u00fcbung ihrer selbst\u00e4ndigen beruflichen oder gewerblichen T\u00e4tigkeit handelt.<\/div><div>\u00a0<\/div><div><strong>\u00a7 2 Zustandekommen des Vertrages<\/strong><\/div><div>\u00a0<\/div><div><strong>(1)<\/strong>\u00a0Gegenstand des Vertrages ist der Verkauf von Waren. <br \/><strong>(2)<\/strong>\u00a0Wird ein Artikel von uns auf unserer Internetpr\u00e4senz eingestellt, liegt in der Freischaltung der Angebotsseite bei uns das unverbindliche Angebot zum Abschluss eines Kaufvertrages zu den auf der Artikelseite (Produktbeschreibung) enthaltenen Bedingungen. <br \/><strong>(3)\u00a0<\/strong>Sie k\u00f6nnen ein verbindliches Kaufangebot (Bestellung) \u00fcber das Warenkorbsystem abgeben. <br \/>Beim Warenkorbsystem werden die zum Kauf beabsichtigten Waren in den \u201cEinkaufswagen&#8220; gelegt. <br \/>Nach Bet\u00e4tigen der Schaltfl\u00e4che \u201ezur Kasse gehen\u201c und der nachfolgenden Eingabe aller abgefragten Daten sowie der Auswahl von Zahlungsart und Versandadresse werden abschlie\u00dfend nochmals alle Bestelldaten auf der Bestell\u00fcbersicht angezeigt. Vor Absenden der Bestellung haben Sie die M\u00f6glichkeit, alle Angaben nochmals zu pr\u00fcfen und zu \u00e4ndern bzw. den Kauf \u00fcber die \u201eZur\u00fcck-Funktion\u201c des Browsers abzubrechen. Mit Anklicken der Schaltfl\u00e4che \u201ejetzt kaufen\u201c geben Sie ein verbindliches Angebot bei uns ab. <br \/><strong>(4)<\/strong>\u00a0Sie erhalten nach Absenden Ihrer Bestellung von uns per E-Mail eine automatische Best\u00e4tigung, dass wir das Angebot erhalten haben. Die Bestellbest\u00e4tigung f\u00fchrt noch nicht zum Vertragsschluss. <br \/><strong>(5)<\/strong> Die Annahme des Angebots (und damit der Vertragsabschluss) erfolgt durch E-Mail von uns, in welcher Ihnen der Versand der Ware\u00a0\u00a0durch uns best\u00e4tigt wird. Sollten Sie binnen 8 Tagen keine Versandbest\u00e4tigung erhalten haben, sind Sie nicht mehr an Ihre Bestellung gebunden. Gegebenenfalls bereits erbrachte Leistungen werden in diesem Fall unverz\u00fcglich zur\u00fcckerstattet. <br \/><strong>(6)<\/strong>\u00a0Die Abwicklung der Bestellung und \u00dcbermittlung aller im Zusammenhang mit dem Vertragsschluss erforderlichen Informationen erfolgt per E-Mail zum Teil automatisiert. Sie haben deshalb sicherzustellen, dass die von Ihnen bei uns hinterlegte E-Mail-Adresse zutreffend ist, der Empfang der E-Mails technisch sichergestellt und insbesondere nicht durch SPAM-Filter verhindert wird.<\/div><div>\u00a0<\/div><div><strong>\u00a7 3 Zur\u00fcckbehaltungsrecht<\/strong> <strong>, Eigentumsvorbehalt<\/strong><\/div><div>\u00a0<\/div><div><strong>(1)<\/strong>\u00a0Ein Zur\u00fcckbehaltungsrecht k\u00f6nnen Sie nur aus\u00fcben, soweit es sich um Forderungen aus demselben Vertragsverh\u00e4ltnis handelt. <br \/><strong>(2)<\/strong>\u00a0Die Ware bleibt bis zur vollst\u00e4ndigen Zahlung des Kaufpreises unser Eigentum. <br \/><strong>(3)<\/strong>\u00a0Sind Sie Unternehmer, gilt erg\u00e4nzend Folgendes: <br \/>a) Wir behalten uns das Eigentum an der Ware bis zum vollst\u00e4ndigen Ausgleich aller Forderungen aus der laufenden Gesch\u00e4ftsbeziehung vor. Vor \u00dcbergang des Eigentums an der Vorbehaltsware ist eine Verpf\u00e4ndung oder Sicherheits\u00fcbereignung nicht zul\u00e4ssig. <br \/>b) Sie k\u00f6nnen die Ware im ordentlichen Gesch\u00e4ftsgang weiterverkaufen. F\u00fcr diesen Fall treten Sie bereits jetzt alle Forderungen in H\u00f6he des Rechnungsbetrages, die Ihnen aus dem Weiterverkauf erwachsen, an uns ab, wir nehmen die Abtretung an. Sie sind weiter zur Einziehung der Forderung erm\u00e4chtigt. Soweit Sie Ihren Zahlungsverpflichtungen nicht ordnungsgem\u00e4\u00df nachkommen, behalten wir uns allerdings vor, die Forderung selbst einzuziehen. <br \/>c) Bei Verbindung und Vermischung der Vorbehaltsware erwerben wir Miteigentum an der neuen Sache im Verh\u00e4ltnis des Rechnungswertes der Vorbehaltsware zu den anderen verarbeiteten Gegenst\u00e4nden zum Zeitpunkt der Verarbeitung. <br \/>d) Wir verpflichten uns, die uns zustehenden Sicherheiten auf Ihr Verlangen insoweit freizugeben, als der realisierbare Wert unserer Sicherheiten die zu sichernde Forderung um mehr als 10% \u00fcbersteigt. Die Auswahl der freizugebenden Sicherheiten obliegt uns.<\/div><div>\u00a0<\/div><div><strong>\u00a7 4 Gew\u00e4hrleistung<\/strong><\/div><div>\u00a0<\/div><div><strong>(1)\u00a0<\/strong>Es bestehen die gesetzlichen M\u00e4ngelhaftungsrechte. <br \/><strong>(2)<\/strong>\u00a0Als Verbraucher werden Sie gebeten, die Sache bei Lieferung umgehend auf Vollst\u00e4ndigkeit, offensichtliche M\u00e4ngel und Transportsch\u00e4den zu \u00fcberpr\u00fcfen und uns sowie dem Spediteur Beanstandungen schnellstm\u00f6glich mitzuteilen. Kommen Sie dem nicht nach, hat dies keine Auswirkung auf Ihre gesetzlichen Gew\u00e4hrleistungsanspr\u00fcche. <br \/><strong>(3)<\/strong>\u00a0Soweit Sie Unternehmer sind, gilt abweichend von den vorstehenden Gew\u00e4hrleistungsregelungen: <br \/><strong>a)\u00a0\u00a0<\/strong>Als Beschaffenheit der Sache gelten nur unsere eigenen Angaben und die Produktbeschreibung des Herstellers als vereinbart, nicht jedoch sonstige Werbung, \u00f6ffentliche Anpreisungen und \u00c4u\u00dferungen des Herstellers. <br \/><strong>b)\u00a0\u00a0<\/strong>Bei M\u00e4ngeln leisten wir nach unserer Wahl Gew\u00e4hr durch Nachbesserung oder Nachlieferung.\u00a0Schl\u00e4gt die Mangelbeseitigung fehl, k\u00f6nnen Sie nach Ihrer Wahl Minderung verlangen oder vom Vertrag zur\u00fccktreten. Die M\u00e4ngelbeseitigung gilt nach erfolglosem zweiten Versuch als fehlgeschlagen, wenn sich nicht insbesondere aus der Art der Sache oder des Mangels oder den sonstigen Umst\u00e4nden etwas anderes ergibt. Im Falle der Nachbesserung m\u00fcssen wir nicht die erh\u00f6hten Kosten tragen, die durch die Verbringung der Ware an einen anderen Ort als den Erf\u00fcllungsort entstehen, sofern die Verbringung nicht dem bestimmungsgem\u00e4\u00dfen Gebrauch der Ware entspricht. <br \/><strong>c) \u00a0<\/strong>Die Gew\u00e4hrleistungsfrist betr\u00e4gt ein Jahr ab Ablieferung der Ware. Die Fristverk\u00fcrzung gilt nicht:<\/div><ul><li>f\u00fcr uns zurechenbare schuldhaft verursachte Sch\u00e4den aus der Verletzung des Lebens, des K\u00f6rpers oder der Gesundheit und bei vors\u00e4tzlich oder grob fahrl\u00e4ssig verursachten sonstigen Sch\u00e4den;<\/li><li>soweit wir den Mangel arglistig verschwiegen oder eine Garantie f\u00fcr die Beschaffenheit der Sache \u00fcbernommen haben;<\/li><li>bei Sachen, die entsprechend ihrer \u00fcblichen Verwendungsweise f\u00fcr ein Bauwerk verwendet worden sind und dessen Mangelhaftigkeit verursacht haben;<\/li><li>bei gesetzlichen R\u00fcckgriffsanspr\u00fcchen, die Sie im Zusammenhang mit M\u00e4ngelrechten gegen uns haben.<\/li><\/ul><div><strong>\u00a7 5 Rechtswahl<\/strong><\/div><div>\u00a0<\/div><div><strong>(1)\u00a0<\/strong>\u00a0Es gilt deutsches Recht. Bei Verbrauchern gilt diese Rechtswahl nur, soweit hierdurch der durch zwingende Bestimmungen des Rechts des Staates des gew\u00f6hnlichen Aufenthaltes des Verbrauchers gew\u00e4hrte Schutz nicht entzogen wird (G\u00fcnstigkeitsprinzip). <br \/><strong>(2)<\/strong>\u00a0 Die Bestimmungen des UN-Kaufrechts finden ausdr\u00fccklich keine Anwendung.<\/div><div>\u00a0<\/div><div>\u00a0<\/div><\/div><div class=\"a-section\"><div><p><strong>II. Kundeninformationen\u00a0<\/strong><\/p><p><strong>1. Identit\u00e4t des Verk\u00e4ufers<\/strong><\/p><\/div><div>\u00a0<\/div><div>Carney GmbH <br \/>Westerwaldstra\u00dfe\u00a096 (Eingang Luisenstra\u00dfe) <br \/>57299 Burbach <br \/>Deutschland<\/div><div>\u00a0<\/div><div><p>Telefon: +49 (0)2736 3562 <br \/>Telefax: +49 (0)2736 2150 <br \/>E-Mail:\u00a0info@carney-gmbh.com<\/p><p><strong>2. Informationen zum Zustandekommen des Vertrages<\/strong><\/p><\/div><div>\u00a0<\/div><div><p>Die technischen Schritte zum Vertragsschluss, der Vertragsschluss selbst und die Korrekturm\u00f6glichkeiten erfolgen nach Ma\u00dfgabe der Regelungen &#8222;Zustandekommen des Vertrages&#8220; unserer Allgemeinen Gesch\u00e4ftsbedingungen (Teil I.).<\/p><p><strong>3. Vertragssprache, Vertragstextspeicherung<\/strong><\/p><\/div><div>\u00a0<\/div><div><p>3.1. Vertragssprache ist deutsch. <br \/>3.2. Der vollst\u00e4ndige Vertragstext wird von uns nicht gespeichert. Vor Absenden der Bestellung\u00a0\u00a0k\u00f6nnen die Vertragsdaten \u00fcber die Druckfunktion des Browsers ausgedruckt oder elektronisch gesichert werden. Nach Zugang der Bestellung bei uns werden die Bestelldaten, die gesetzlich vorgeschriebenen Informationen bei Fernabsatzvertr\u00e4gen und die Allgemeinen Gesch\u00e4ftsbedingungen nochmals per E-Mail an Sie \u00fcbersandt.<\/p><p><strong>4. Wesentliche Merkmale der Ware oder Dienstleistung<\/strong><\/p><\/div><div>\u00a0<\/div><div><p>Die wesentlichen Merkmale der Ware und\/oder Dienstleistung finden sich im jeweiligen Angebot.<\/p><p><strong>5. Preise und Zahlungsmodalit\u00e4ten<\/strong><\/p><\/div><div>\u00a0<\/div><div><p>5.1. Die in den jeweiligen Angeboten von uns auf unserer Internetpr\u00e4senz angef\u00fchrten Preise sowie die Versandkosten stellen keine Gesamtpreise dar. Sie beinhalten nicht alle Preisbestandteile wie alle anfallenden Steuern. <br \/>5.2. Die anfallenden Versandkosten sind nicht im Kaufpreis enthalten.\u00a0Sie werden im Laufe des Bestellvorganges gesondert ausgewiesen und sind von Ihnen zus\u00e4tzlich zu tragen, soweit nicht die versandkostenfreie Lieferung zugesagt ist. <br \/>5.3.\u00a0Entstandene Kosten der Geld\u00fcbermittlung\u00a0(\u00dcberweisungs- oder Wechselkursgeb\u00fchren der Kreditinstitute)\u00a0sind von Ihnen\u00a0in den F\u00e4llen zu tragen, in denen die Lieferung in einen EU-Mitgliedsstaat erfolgt, die Zahlung aber au\u00dferhalb der Europ\u00e4ischen Union veranlasst wurde. <br \/>5.4. Die Ihnen zur Verf\u00fcgung stehenden Zahlungsarten sind unter einer entsprechend bezeichneten Schaltfl\u00e4che auf unserer Internetpr\u00e4senz oder im Bestellvorgang ausgewiesen. <br \/>5.5. Soweit bei den einzelnen Zahlungsarten nicht anders angegeben, sind die Zahlungsanspr\u00fcche aus dem geschlossenen Vertrag sofort zur Zahlung f\u00e4llig.<\/p><p><strong>6. Lieferbedingungen<\/strong><\/p><\/div><div>\u00a0<\/div><div><p>6.1. Die Lieferbedingungen, der Liefertermin sowie gegebenenfalls bestehende Lieferbeschr\u00e4nkungen finden sich im jeweiligen Angebot. <br \/>Soweit in der Artikelbeschreibung oder unter \u201eVersandkosten\u201c in der Versandkostentabelle keine andere Frist angegeben ist, erfolgt die Lieferung der Ware innerhalb von 3-5 Tagen nach Vertragsschluss (bei vereinbarter Vorauszahlung jedoch erst nach dem Zeitpunkt Ihrer Zahlungsanweisung). <br \/>6.2. Soweit Sie Verbraucher sind, ist gesetzlich geregelt, dass die Gefahr des zuf\u00e4lligen Untergangs und der zuf\u00e4lligen Verschlechterung der verkauften Sache w\u00e4hrend der Versendung erst mit der \u00dcbergabe der Ware an Sie \u00fcbergeht, unabh\u00e4ngig davon, ob die Versendung versichert oder unversichert erfolgt. Dies gilt nicht, wenn Sie eigenst\u00e4ndig ein nicht vom Unternehmer benanntes Transportunternehmen oder eine sonst zur Ausf\u00fchrung der Versendung bestimmte Person beauftragt haben.\u00a0 <br \/>Sind Sie Unternehmer, erfolgt die Lieferung und Versendung auf Ihre Gefahr.<\/p><p><strong>7. Gesetzliches M\u00e4ngelhaftungsrecht\u00a0<\/strong><\/p><\/div><div>\u00a0<\/div><div>Die M\u00e4ngelhaftung richtet sich nach der Regelung &#8222;Gew\u00e4hrleistung&#8220; in unseren Allgemeinen Gesch\u00e4ftsbedingungen (Teil I).\u00a0<\/div><div>\u00a0<\/div><\/div>\t\t\t\t\t\t\t\t<\/div>\n\t\t\t\t<\/div>\n\t\t\t\t\t<\/div>\n\t\t<\/div>\n\t\t\t\t\t<\/div>\n\t\t<\/section>\n\t\t\t\t<\/div>\n\t\t","protected":false},"excerpt":{"rendered":"<p>Allgemeine Gesch\u00e4ftsbedingungen und Kundeninformationen \u00a0I. Allgemeine Gesch\u00e4ftsbedingungen\u00a0\u00a7 1 Grundlegende Bestimmungen\u00a0(1)\u00a0\u00a0Die nachstehenden Gesch\u00e4ftsbedingungen gelten f\u00fcr alle Vertr\u00e4ge, die Sie mit uns als Anbieter (Carney GmbH) \u00a0\u00fcber unsere Internetpr\u00e4senz schlie\u00dfen. Soweit nicht anders vereinbart, wird der Einbeziehung gegebenenfalls von Ihnen verwendeter eigener Bedingungen widersprochen. (2)\u00a0Verbraucher im Sinne der nachstehenden Regelungen ist jede nat\u00fcrliche Person, die ein Rechtsgesch\u00e4ft zu Zwecken abschlie\u00dft, die \u00fcberwiegend<\/p>\n<p><a class=\"more-link\" href=\"https:\/\/carney-gmbh.com\/?page_id=24249\">Weiterlesen<\/a><\/p>\n","protected":false},"author":1,"featured_media":0,"parent":0,"menu_order":0,"comment_status":"closed","ping_status":"closed","template":"","meta":{"footnotes":""},"class_list":["post-24249","page","type-page","status-publish","hentry"],"yoast_head":"<!-- This site is optimized with the Yoast SEO Premium plugin v27.3 (Yoast SEO v27.3) - https:\/\/yoast.com\/product\/yoast-seo-premium-wordpress\/ -->\n<title>AGB und Kundeninformationen - CARNEY GmbH<\/title>\n<meta name=\"description\" content=\"Allgemeine Gesch\u00e4ftsbedingungen und Kundeninformationen\" \/>\n<meta name=\"robots\" content=\"index, follow, max-snippet:-1, max-image-preview:large, max-video-preview:-1\" \/>\n<link rel=\"canonical\" href=\"https:\/\/carney-gmbh.com\/?page_id=24249\" \/>\n<meta property=\"og:locale\" content=\"de_DE\" \/>\n<meta property=\"og:type\" content=\"article\" \/>\n<meta property=\"og:title\" content=\"AGB und Kundeninformationen\" \/>\n<meta property=\"og:description\" content=\"Allgemeine Gesch\u00e4ftsbedingungen und Kundeninformationen\" \/>\n<meta property=\"og:url\" content=\"https:\/\/carney-gmbh.com\/?page_id=24249\" \/>\n<meta property=\"og:site_name\" content=\"CARNEY GmbH\" \/>\n<meta property=\"article:modified_time\" content=\"2020-08-14T06:58:26+00:00\" \/>\n<meta name=\"twitter:card\" content=\"summary_large_image\" \/>\n<meta name=\"twitter:label1\" content=\"Gesch\u00e4tzte Lesezeit\" \/>\n\t<meta name=\"twitter:data1\" content=\"7\u00a0Minuten\" \/>\n<script type=\"application\/ld+json\" class=\"yoast-schema-graph\">{\"@context\":\"https:\\\/\\\/schema.org\",\"@graph\":[{\"@type\":\"WebPage\",\"@id\":\"https:\\\/\\\/carney-gmbh.com\\\/?page_id=24249\",\"url\":\"https:\\\/\\\/carney-gmbh.com\\\/?page_id=24249\",\"name\":\"AGB und Kundeninformationen - CARNEY GmbH\",\"isPartOf\":{\"@id\":\"https:\\\/\\\/carney-gmbh.com\\\/#website\"},\"datePublished\":\"2020-02-20T19:13:29+00:00\",\"dateModified\":\"2020-08-14T06:58:26+00:00\",\"description\":\"Allgemeine Gesch\u00e4ftsbedingungen und Kundeninformationen\",\"breadcrumb\":{\"@id\":\"https:\\\/\\\/carney-gmbh.com\\\/?page_id=24249#breadcrumb\"},\"inLanguage\":\"de\",\"potentialAction\":[{\"@type\":\"ReadAction\",\"target\":[\"https:\\\/\\\/carney-gmbh.com\\\/?page_id=24249\"]}]},{\"@type\":\"BreadcrumbList\",\"@id\":\"https:\\\/\\\/carney-gmbh.com\\\/?page_id=24249#breadcrumb\",\"itemListElement\":[{\"@type\":\"ListItem\",\"position\":1,\"name\":\"Startseite\",\"item\":\"https:\\\/\\\/carney-gmbh.com\\\/\"},{\"@type\":\"ListItem\",\"position\":2,\"name\":\"AGB und Kundeninformationen\"}]},{\"@type\":\"WebSite\",\"@id\":\"https:\\\/\\\/carney-gmbh.com\\\/#website\",\"url\":\"https:\\\/\\\/carney-gmbh.com\\\/\",\"name\":\"CARNEY GmbH\",\"description\":\"RONIS | DOM | BURG | EURO-LOCKS | TITAN LOCKS | CES | MLM\",\"potentialAction\":[{\"@type\":\"SearchAction\",\"target\":{\"@type\":\"EntryPoint\",\"urlTemplate\":\"https:\\\/\\\/carney-gmbh.com\\\/?s={search_term_string}\"},\"query-input\":{\"@type\":\"PropertyValueSpecification\",\"valueRequired\":true,\"valueName\":\"search_term_string\"}}],\"inLanguage\":\"de\"}]}<\/script>\n<!-- \/ Yoast SEO Premium plugin. -->","yoast_head_json":{"title":"AGB und Kundeninformationen - CARNEY GmbH","description":"Allgemeine Gesch\u00e4ftsbedingungen und Kundeninformationen","robots":{"index":"index","follow":"follow","max-snippet":"max-snippet:-1","max-image-preview":"max-image-preview:large","max-video-preview":"max-video-preview:-1"},"canonical":"https:\/\/carney-gmbh.com\/?page_id=24249","og_locale":"de_DE","og_type":"article","og_title":"AGB und Kundeninformationen","og_description":"Allgemeine Gesch\u00e4ftsbedingungen und Kundeninformationen","og_url":"https:\/\/carney-gmbh.com\/?page_id=24249","og_site_name":"CARNEY GmbH","article_modified_time":"2020-08-14T06:58:26+00:00","twitter_card":"summary_large_image","twitter_misc":{"Gesch\u00e4tzte Lesezeit":"7\u00a0Minuten"},"schema":{"@context":"https:\/\/schema.org","@graph":[{"@type":"WebPage","@id":"https:\/\/carney-gmbh.com\/?page_id=24249","url":"https:\/\/carney-gmbh.com\/?page_id=24249","name":"AGB und Kundeninformationen - CARNEY GmbH","isPartOf":{"@id":"https:\/\/carney-gmbh.com\/#website"},"datePublished":"2020-02-20T19:13:29+00:00","dateModified":"2020-08-14T06:58:26+00:00","description":"Allgemeine Gesch\u00e4ftsbedingungen und Kundeninformationen","breadcrumb":{"@id":"https:\/\/carney-gmbh.com\/?page_id=24249#breadcrumb"},"inLanguage":"de","potentialAction":[{"@type":"ReadAction","target":["https:\/\/carney-gmbh.com\/?page_id=24249"]}]},{"@type":"BreadcrumbList","@id":"https:\/\/carney-gmbh.com\/?page_id=24249#breadcrumb","itemListElement":[{"@type":"ListItem","position":1,"name":"Startseite","item":"https:\/\/carney-gmbh.com\/"},{"@type":"ListItem","position":2,"name":"AGB und Kundeninformationen"}]},{"@type":"WebSite","@id":"https:\/\/carney-gmbh.com\/#website","url":"https:\/\/carney-gmbh.com\/","name":"CARNEY GmbH","description":"RONIS | DOM | BURG | EURO-LOCKS | TITAN LOCKS | CES | MLM","potentialAction":[{"@type":"SearchAction","target":{"@type":"EntryPoint","urlTemplate":"https:\/\/carney-gmbh.com\/?s={search_term_string}"},"query-input":{"@type":"PropertyValueSpecification","valueRequired":true,"valueName":"search_term_string"}}],"inLanguage":"de"}]}},"_links":{"self":[{"href":"https:\/\/carney-gmbh.com\/index.php?rest_route=\/wp\/v2\/pages\/24249","targetHints":{"allow":["GET"]}}],"collection":[{"href":"https:\/\/carney-gmbh.com\/index.php?rest_route=\/wp\/v2\/pages"}],"about":[{"href":"https:\/\/carney-gmbh.com\/index.php?rest_route=\/wp\/v2\/types\/page"}],"author":[{"embeddable":true,"href":"https:\/\/carney-gmbh.com\/index.php?rest_route=\/wp\/v2\/users\/1"}],"replies":[{"embeddable":true,"href":"https:\/\/carney-gmbh.com\/index.php?rest_route=%2Fwp%2Fv2%2Fcomments&post=24249"}],"version-history":[{"count":0,"href":"https:\/\/carney-gmbh.com\/index.php?rest_route=\/wp\/v2\/pages\/24249\/revisions"}],"wp:attachment":[{"href":"https:\/\/carney-gmbh.com\/index.php?rest_route=%2Fwp%2Fv2%2Fmedia&parent=24249"}],"curies":[{"name":"wp","href":"https:\/\/api.w.org\/{rel}","templated":true}]}}