{"id":21509,"date":"2019-11-12T14:37:39","date_gmt":"2019-11-12T14:37:39","guid":{"rendered":"https:\/\/carney-gmbh.com\/?page_id=21509"},"modified":"2026-01-30T13:47:33","modified_gmt":"2026-01-30T13:47:33","slug":"preisliste-industrie","status":"publish","type":"page","link":"https:\/\/carney-gmbh.com\/?page_id=21509","title":{"rendered":"Preisliste Industrie"},"content":{"rendered":"\t\t<div data-elementor-type=\"wp-page\" data-elementor-id=\"21509\" class=\"elementor elementor-21509\">\n\t\t\t\t\t\t<section class=\"elementor-section elementor-top-section elementor-element elementor-element-e2a76cd elementor-section-stretched elementor-section-boxed elementor-section-height-default elementor-section-height-default\" data-id=\"e2a76cd\" data-element_type=\"section\" data-e-type=\"section\" data-settings=\"{&quot;stretch_section&quot;:&quot;section-stretched&quot;,&quot;background_background&quot;:&quot;classic&quot;}\">\n\t\t\t\t\t\t\t<div class=\"elementor-background-overlay\"><\/div>\n\t\t\t\t\t\t\t<div class=\"elementor-container elementor-column-gap-default\">\n\t\t\t\t\t<div class=\"elementor-column elementor-col-100 elementor-top-column elementor-element elementor-element-982c344\" data-id=\"982c344\" data-element_type=\"column\" data-e-type=\"column\" data-settings=\"{&quot;background_background&quot;:&quot;classic&quot;}\">\n\t\t\t<div class=\"elementor-widget-wrap elementor-element-populated\">\n\t\t\t\t\t\t<div class=\"elementor-element elementor-element-1de1bae elementor-widget elementor-widget-spacer\" data-id=\"1de1bae\" data-element_type=\"widget\" data-e-type=\"widget\" data-widget_type=\"spacer.default\">\n\t\t\t\t<div class=\"elementor-widget-container\">\n\t\t\t\t\t\t\t<div class=\"elementor-spacer\">\n\t\t\t<div class=\"elementor-spacer-inner\"><\/div>\n\t\t<\/div>\n\t\t\t\t\t\t<\/div>\n\t\t\t\t<\/div>\n\t\t\t\t<div class=\"elementor-element elementor-element-67e3354 elementor-widget elementor-widget-text-editor\" data-id=\"67e3354\" data-element_type=\"widget\" data-e-type=\"widget\" data-widget_type=\"text-editor.default\">\n\t\t\t\t<div class=\"elementor-widget-container\">\n\t\t\t\t\t\t\t\t\t<p>PREISLISTE INDUSTRIE<br \/>2026<\/p>\t\t\t\t\t\t\t\t<\/div>\n\t\t\t\t<\/div>\n\t\t\t\t<div class=\"elementor-element elementor-element-09eea83 elementor-widget elementor-widget-text-editor\" data-id=\"09eea83\" data-element_type=\"widget\" data-e-type=\"widget\" data-widget_type=\"text-editor.default\">\n\t\t\t\t<div class=\"elementor-widget-container\">\n\t\t\t\t\t\t\t\t\t<p><strong>Preisliste Industrie RONIS-DOM\u00a0<br \/>Nettopreise exkl. MwSt.<\/strong><\/p><p><strong>Klick zum Download<\/strong><\/p>\t\t\t\t\t\t\t\t<\/div>\n\t\t\t\t<\/div>\n\t\t\t\t<div class=\"elementor-element elementor-element-fa33943 elementor-widget elementor-widget-image\" data-id=\"fa33943\" data-element_type=\"widget\" data-e-type=\"widget\" data-widget_type=\"image.default\">\n\t\t\t\t<div class=\"elementor-widget-container\">\n\t\t\t\t\t\t\t\t\t\t\t\t\t\t\t\t<a href=\"\/wp-content\/uploads\/2026\/01\/Carney_DIS_2026_web.pdf\" target=\"_blank\">\n\t\t\t\t\t\t\t<img fetchpriority=\"high\" decoding=\"async\" width=\"472\" height=\"488\" src=\"https:\/\/carney-gmbh.com\/wp-content\/uploads\/2026\/01\/Downloads26.png\" class=\"elementor-animation-grow attachment-medium_large size-medium_large wp-image-31078\" alt=\"\" srcset=\"https:\/\/carney-gmbh.com\/wp-content\/uploads\/2026\/01\/Downloads26.png 472w, https:\/\/carney-gmbh.com\/wp-content\/uploads\/2026\/01\/Downloads26-290x300.png 290w\" sizes=\"(max-width: 472px) 100vw, 472px\" \/>\t\t\t\t\t\t\t\t<\/a>\n\t\t\t\t\t\t\t\t\t\t\t\t\t\t\t<\/div>\n\t\t\t\t<\/div>\n\t\t\t\t<section class=\"elementor-section elementor-inner-section elementor-element elementor-element-b3f9e30 elementor-section-boxed elementor-section-height-default elementor-section-height-default\" data-id=\"b3f9e30\" data-element_type=\"section\" data-e-type=\"section\">\n\t\t\t\t\t\t<div class=\"elementor-container elementor-column-gap-default\">\n\t\t\t\t\t<div class=\"elementor-column elementor-col-50 elementor-inner-column elementor-element elementor-element-6262160\" data-id=\"6262160\" data-element_type=\"column\" data-e-type=\"column\">\n\t\t\t<div class=\"elementor-widget-wrap elementor-element-populated\">\n\t\t\t\t\t\t<div class=\"elementor-element elementor-element-81250c5 elementor-widget elementor-widget-text-editor\" data-id=\"81250c5\" data-element_type=\"widget\" data-e-type=\"widget\" data-widget_type=\"text-editor.default\">\n\t\t\t\t<div class=\"elementor-widget-container\">\n\t\t\t\t\t\t\t\t\t<p>Preisliste Industrie RONIS-DOM<\/p><p>DOM Security ist ein f\u00fchrender und unabh\u00e4ngiger europ\u00e4ischer<br \/>Industriekonzern, der sich auf Schlie\u00dfsysteme und -l\u00f6sungen f\u00fcr<br \/>Bau- und Industrieanwendungen spezialisiert hat. DOM Security hat<br \/>es sich zur Aufgabe gemacht, die folgenden Produkte zu entwerfen,<br \/>herzustellen und zu vertreiben:<br \/>\u2022 Sicherheitssysteme f\u00fcr die Baubranche mit einer gro\u00dfen Bandbreite<br \/>bekannter Produkte f\u00fcr das Baunetzwerk (Gesch\u00e4ftseinheit Geb\u00e4ude<br \/>und Handel).<br \/>\u2022 Schlie\u00dfsysteme f\u00fcr Ger\u00e4te und Anlagen, die im direkten Kontakt zur<br \/>Industrie und deren technischen Abteilungen innovativ und intelligent<br \/>entwickelt werden (Gesch\u00e4ftseinheit Industrie).<br \/>\u2022 Mechanische und elektronische Zutrittskontrolll\u00f6sungen f\u00fcr gro\u00dfe<br \/>Organisationen und Anlagen mit hohem Risiko (Gesch\u00e4ftseinheit<br \/>Projekte).<\/p>\t\t\t\t\t\t\t\t<\/div>\n\t\t\t\t<\/div>\n\t\t\t\t\t<\/div>\n\t\t<\/div>\n\t\t\t\t<div class=\"elementor-column elementor-col-50 elementor-inner-column elementor-element elementor-element-7b6c795\" data-id=\"7b6c795\" data-element_type=\"column\" data-e-type=\"column\">\n\t\t\t<div class=\"elementor-widget-wrap elementor-element-populated\">\n\t\t\t\t\t\t<div class=\"elementor-element elementor-element-45f4e1b elementor-align-center elementor-widget elementor-widget-button\" data-id=\"45f4e1b\" data-element_type=\"widget\" data-e-type=\"widget\" data-widget_type=\"button.default\">\n\t\t\t\t<div class=\"elementor-widget-container\">\n\t\t\t\t\t\t\t\t\t<div class=\"elementor-button-wrapper\">\n\t\t\t\t\t<a class=\"elementor-button elementor-button-link elementor-size-sm\" href=\"\/?page_id=395\">\n\t\t\t\t\t\t<span class=\"elementor-button-content-wrapper\">\n\t\t\t\t\t\t\t\t\t<span class=\"elementor-button-text\">Zum RONIS-DOM Katalog<\/span>\n\t\t\t\t\t<\/span>\n\t\t\t\t\t<\/a>\n\t\t\t\t<\/div>\n\t\t\t\t\t\t\t\t<\/div>\n\t\t\t\t<\/div>\n\t\t\t\t\t<\/div>\n\t\t<\/div>\n\t\t\t\t\t<\/div>\n\t\t<\/section>\n\t\t\t\t\t<\/div>\n\t\t<\/div>\n\t\t\t\t\t<\/div>\n\t\t<\/section>\n\t\t\t\t<\/div>\n\t\t","protected":false},"excerpt":{"rendered":"<p>PREISLISTE INDUSTRIE2026 Preisliste Industrie RONIS-DOM\u00a0Nettopreise exkl. MwSt. Klick zum Download Preisliste Industrie RONIS-DOM DOM Security ist ein f\u00fchrender und unabh\u00e4ngiger europ\u00e4ischerIndustriekonzern, der sich auf Schlie\u00dfsysteme und -l\u00f6sungen f\u00fcrBau- und Industrieanwendungen spezialisiert hat. DOM Security hates sich zur Aufgabe gemacht, die folgenden Produkte zu entwerfen,herzustellen und zu vertreiben:\u2022 Sicherheitssysteme f\u00fcr die Baubranche mit einer gro\u00dfen Bandbreitebekannter Produkte f\u00fcr das Baunetzwerk (Gesch\u00e4ftseinheit<\/p>\n<p><a class=\"more-link\" href=\"https:\/\/carney-gmbh.com\/?page_id=21509\">Weiterlesen<\/a><\/p>\n","protected":false},"author":1,"featured_media":0,"parent":0,"menu_order":0,"comment_status":"closed","ping_status":"closed","template":"elementor_header_footer","meta":{"footnotes":""},"class_list":["post-21509","page","type-page","status-publish","hentry"],"yoast_head":"<!-- This site is optimized with the Yoast SEO Premium plugin v27.3 (Yoast SEO v27.3) - https:\/\/yoast.com\/product\/yoast-seo-premium-wordpress\/ -->\n<title>Preisliste Industrie RONIS-DOM - Download bei CARNEY GmbH<\/title>\n<meta name=\"description\" content=\"Preisliste Industrie RONIS-DOM als PDF-Download bei CARNEY GmbH. Weitere Artikel im Gesamtkatalog. G\u00e4ngige Lagerartikel im Shop sofort lieferbar.\" \/>\n<meta name=\"robots\" content=\"index, follow, max-snippet:-1, max-image-preview:large, max-video-preview:-1\" \/>\n<link rel=\"canonical\" href=\"https:\/\/carney-gmbh.com\/?page_id=21509\" \/>\n<meta property=\"og:locale\" content=\"de_DE\" \/>\n<meta property=\"og:type\" content=\"article\" \/>\n<meta property=\"og:title\" content=\"Preisliste Industrie\" \/>\n<meta property=\"og:description\" content=\"Preisliste Industrie RONIS-DOM als PDF-Download bei CARNEY GmbH. Weitere Artikel im Gesamtkatalog. G\u00e4ngige Lagerartikel im Shop sofort lieferbar.\" \/>\n<meta property=\"og:url\" content=\"https:\/\/carney-gmbh.com\/?page_id=21509\" \/>\n<meta property=\"og:site_name\" content=\"CARNEY GmbH\" \/>\n<meta property=\"article:modified_time\" content=\"2026-01-30T13:47:33+00:00\" \/>\n<meta property=\"og:image\" content=\"https:\/\/carney-gmbh.com\/wp-content\/uploads\/2026\/01\/Downloads26.png\" \/>\n\t<meta property=\"og:image:width\" content=\"472\" \/>\n\t<meta property=\"og:image:height\" content=\"488\" \/>\n\t<meta property=\"og:image:type\" content=\"image\/png\" \/>\n<meta name=\"twitter:card\" content=\"summary_large_image\" \/>\n<meta name=\"twitter:label1\" content=\"Gesch\u00e4tzte Lesezeit\" \/>\n\t<meta name=\"twitter:data1\" content=\"1\u00a0Minute\" \/>\n<script type=\"application\/ld+json\" class=\"yoast-schema-graph\">{\"@context\":\"https:\\\/\\\/schema.org\",\"@graph\":[{\"@type\":\"WebPage\",\"@id\":\"https:\\\/\\\/carney-gmbh.com\\\/?page_id=21509\",\"url\":\"https:\\\/\\\/carney-gmbh.com\\\/?page_id=21509\",\"name\":\"Preisliste Industrie RONIS-DOM - Download bei CARNEY GmbH\",\"isPartOf\":{\"@id\":\"https:\\\/\\\/carney-gmbh.com\\\/#website\"},\"primaryImageOfPage\":{\"@id\":\"https:\\\/\\\/carney-gmbh.com\\\/?page_id=21509#primaryimage\"},\"image\":{\"@id\":\"https:\\\/\\\/carney-gmbh.com\\\/?page_id=21509#primaryimage\"},\"thumbnailUrl\":\"https:\\\/\\\/carney-gmbh.com\\\/wp-content\\\/uploads\\\/2026\\\/01\\\/Downloads26.png\",\"datePublished\":\"2019-11-12T14:37:39+00:00\",\"dateModified\":\"2026-01-30T13:47:33+00:00\",\"description\":\"Preisliste Industrie RONIS-DOM als PDF-Download bei CARNEY GmbH. Weitere Artikel im Gesamtkatalog. G\u00e4ngige Lagerartikel im Shop sofort lieferbar.\",\"breadcrumb\":{\"@id\":\"https:\\\/\\\/carney-gmbh.com\\\/?page_id=21509#breadcrumb\"},\"inLanguage\":\"de\",\"potentialAction\":[{\"@type\":\"ReadAction\",\"target\":[\"https:\\\/\\\/carney-gmbh.com\\\/?page_id=21509\"]}]},{\"@type\":\"ImageObject\",\"inLanguage\":\"de\",\"@id\":\"https:\\\/\\\/carney-gmbh.com\\\/?page_id=21509#primaryimage\",\"url\":\"https:\\\/\\\/carney-gmbh.com\\\/wp-content\\\/uploads\\\/2026\\\/01\\\/Downloads26.png\",\"contentUrl\":\"https:\\\/\\\/carney-gmbh.com\\\/wp-content\\\/uploads\\\/2026\\\/01\\\/Downloads26.png\",\"width\":472,\"height\":488},{\"@type\":\"BreadcrumbList\",\"@id\":\"https:\\\/\\\/carney-gmbh.com\\\/?page_id=21509#breadcrumb\",\"itemListElement\":[{\"@type\":\"ListItem\",\"position\":1,\"name\":\"Startseite\",\"item\":\"https:\\\/\\\/carney-gmbh.com\\\/\"},{\"@type\":\"ListItem\",\"position\":2,\"name\":\"Preisliste Industrie\"}]},{\"@type\":\"WebSite\",\"@id\":\"https:\\\/\\\/carney-gmbh.com\\\/#website\",\"url\":\"https:\\\/\\\/carney-gmbh.com\\\/\",\"name\":\"CARNEY GmbH\",\"description\":\"RONIS | DOM | BURG | EURO-LOCKS | TITAN LOCKS | CES | MLM\",\"potentialAction\":[{\"@type\":\"SearchAction\",\"target\":{\"@type\":\"EntryPoint\",\"urlTemplate\":\"https:\\\/\\\/carney-gmbh.com\\\/?s={search_term_string}\"},\"query-input\":{\"@type\":\"PropertyValueSpecification\",\"valueRequired\":true,\"valueName\":\"search_term_string\"}}],\"inLanguage\":\"de\"}]}<\/script>\n<!-- \/ Yoast SEO Premium plugin. -->","yoast_head_json":{"title":"Preisliste Industrie RONIS-DOM - Download bei CARNEY GmbH","description":"Preisliste Industrie RONIS-DOM als PDF-Download bei CARNEY GmbH. Weitere Artikel im Gesamtkatalog. G\u00e4ngige Lagerartikel im Shop sofort lieferbar.","robots":{"index":"index","follow":"follow","max-snippet":"max-snippet:-1","max-image-preview":"max-image-preview:large","max-video-preview":"max-video-preview:-1"},"canonical":"https:\/\/carney-gmbh.com\/?page_id=21509","og_locale":"de_DE","og_type":"article","og_title":"Preisliste Industrie","og_description":"Preisliste Industrie RONIS-DOM als PDF-Download bei CARNEY GmbH. Weitere Artikel im Gesamtkatalog. G\u00e4ngige Lagerartikel im Shop sofort lieferbar.","og_url":"https:\/\/carney-gmbh.com\/?page_id=21509","og_site_name":"CARNEY GmbH","article_modified_time":"2026-01-30T13:47:33+00:00","og_image":[{"width":472,"height":488,"url":"https:\/\/carney-gmbh.com\/wp-content\/uploads\/2026\/01\/Downloads26.png","type":"image\/png"}],"twitter_card":"summary_large_image","twitter_misc":{"Gesch\u00e4tzte Lesezeit":"1\u00a0Minute"},"schema":{"@context":"https:\/\/schema.org","@graph":[{"@type":"WebPage","@id":"https:\/\/carney-gmbh.com\/?page_id=21509","url":"https:\/\/carney-gmbh.com\/?page_id=21509","name":"Preisliste Industrie RONIS-DOM - Download bei CARNEY GmbH","isPartOf":{"@id":"https:\/\/carney-gmbh.com\/#website"},"primaryImageOfPage":{"@id":"https:\/\/carney-gmbh.com\/?page_id=21509#primaryimage"},"image":{"@id":"https:\/\/carney-gmbh.com\/?page_id=21509#primaryimage"},"thumbnailUrl":"https:\/\/carney-gmbh.com\/wp-content\/uploads\/2026\/01\/Downloads26.png","datePublished":"2019-11-12T14:37:39+00:00","dateModified":"2026-01-30T13:47:33+00:00","description":"Preisliste Industrie RONIS-DOM als PDF-Download bei CARNEY GmbH. Weitere Artikel im Gesamtkatalog. G\u00e4ngige Lagerartikel im Shop sofort lieferbar.","breadcrumb":{"@id":"https:\/\/carney-gmbh.com\/?page_id=21509#breadcrumb"},"inLanguage":"de","potentialAction":[{"@type":"ReadAction","target":["https:\/\/carney-gmbh.com\/?page_id=21509"]}]},{"@type":"ImageObject","inLanguage":"de","@id":"https:\/\/carney-gmbh.com\/?page_id=21509#primaryimage","url":"https:\/\/carney-gmbh.com\/wp-content\/uploads\/2026\/01\/Downloads26.png","contentUrl":"https:\/\/carney-gmbh.com\/wp-content\/uploads\/2026\/01\/Downloads26.png","width":472,"height":488},{"@type":"BreadcrumbList","@id":"https:\/\/carney-gmbh.com\/?page_id=21509#breadcrumb","itemListElement":[{"@type":"ListItem","position":1,"name":"Startseite","item":"https:\/\/carney-gmbh.com\/"},{"@type":"ListItem","position":2,"name":"Preisliste Industrie"}]},{"@type":"WebSite","@id":"https:\/\/carney-gmbh.com\/#website","url":"https:\/\/carney-gmbh.com\/","name":"CARNEY GmbH","description":"RONIS | DOM | BURG | EURO-LOCKS | TITAN LOCKS | CES | MLM","potentialAction":[{"@type":"SearchAction","target":{"@type":"EntryPoint","urlTemplate":"https:\/\/carney-gmbh.com\/?s={search_term_string}"},"query-input":{"@type":"PropertyValueSpecification","valueRequired":true,"valueName":"search_term_string"}}],"inLanguage":"de"}]}},"_links":{"self":[{"href":"https:\/\/carney-gmbh.com\/index.php?rest_route=\/wp\/v2\/pages\/21509","targetHints":{"allow":["GET"]}}],"collection":[{"href":"https:\/\/carney-gmbh.com\/index.php?rest_route=\/wp\/v2\/pages"}],"about":[{"href":"https:\/\/carney-gmbh.com\/index.php?rest_route=\/wp\/v2\/types\/page"}],"author":[{"embeddable":true,"href":"https:\/\/carney-gmbh.com\/index.php?rest_route=\/wp\/v2\/users\/1"}],"replies":[{"embeddable":true,"href":"https:\/\/carney-gmbh.com\/index.php?rest_route=%2Fwp%2Fv2%2Fcomments&post=21509"}],"version-history":[{"count":6,"href":"https:\/\/carney-gmbh.com\/index.php?rest_route=\/wp\/v2\/pages\/21509\/revisions"}],"predecessor-version":[{"id":31084,"href":"https:\/\/carney-gmbh.com\/index.php?rest_route=\/wp\/v2\/pages\/21509\/revisions\/31084"}],"wp:attachment":[{"href":"https:\/\/carney-gmbh.com\/index.php?rest_route=%2Fwp%2Fv2%2Fmedia&parent=21509"}],"curies":[{"name":"wp","href":"https:\/\/api.w.org\/{rel}","templated":true}]}}