{"id":15,"date":"2019-08-12T15:43:21","date_gmt":"2019-08-12T15:43:21","guid":{"rendered":"https:\/\/carney-gmbh.com\/?page_id=15"},"modified":"2020-08-15T17:21:23","modified_gmt":"2020-08-15T17:21:23","slug":"start-carney-gmbh","status":"publish","type":"page","link":"https:\/\/carney-gmbh.com\/?page_id=15","title":{"rendered":"Start"},"content":{"rendered":"<h2>SERVICE CENTER<br \/>\nCARNEY GmbH liefert originale Schl\u00fcssel und Schl\u00f6sser f\u00fcr RONIS, DOM, BURG, EURO-LOCKS, STRENGER-EMKA, CES und MLM preisg\u00fcnstig und postwendend seit 1963.<br \/>\nDer Service steht bei uns im Vordergrund. Z\u00f6gern Sie also nicht, uns bei Fragen zu kontaktieren. Im Zubeh\u00f6r erhalten Sie bei uns Hebel, Schlie\u00dfbleche, Vorreiber, \u00dcberwurfmuttern, Muttern, Klippbefestigungen, Einzelteile, Rosetten, Unterlegscheiben, Halteplatten, Krallenscheiben, Halteklammern, Distanzringe. Montagen auf Anfrage.<\/h2>\n<h2>SCHL\u00dcSSEL<br \/>\nErsatzschl\u00fcssel bzw. Nachschl\u00fcssel nach Schl\u00fcsselnummer, Schl\u00fcsselserien, RONIS-Schl\u00fcssel, RONIS Schl\u00fcssel 405-421 bzw. 455-456, RONIS CC Schl\u00fcssel, RONIS F Schl\u00fcssel, RONIS FH Schl\u00fcssel, RONIS FM Schl\u00fcssel, RONIS KT Schl\u00fcssel, RONIS MR Schl\u00fcssel, RONIS R Schl\u00fcssel, RONIS TK Schl\u00fcssel, BURG-L\u00dcLING, BURG-Schl\u00fcssel, BURG Typ E Schl\u00fcssel, BURG Typ F Schl\u00fcssel, BURG Typ K Schl\u00fcssel, BURG Typ V Schl\u00fcssel, BURG Typ X Schl\u00fcssel, DOM-Schl\u00fcssel, DOM 2H Schl\u00fcssel, DOM 2C Schl\u00fcssel, DOM 2D Schl\u00fcssel, DOM 4A Schl\u00fcssel, DOM 1D Schl\u00fcssel, DOM ix TwinStar, DOM ix Saturn, DOM ix10, DOM HO-Schl\u00fcssel, EURO-LOCKS-Schl\u00fcssel, EURO-LOCKS 25000 Schl\u00fcssel, EURO-LOCKS 45000 Schl\u00fcssel, EURO-LOCKS 800 Schl\u00fcssel, EURO-LOCKS 9000 Schl\u00fcssel, EURO-LOCKS K7001-9000 Schl\u00fcssel, BIOHORT-Schl\u00fcssel, STRENGER-EMKA-Schl\u00fcssel, CES-Schl\u00fcssel, MLM-Schl\u00fcssel, Schlie\u00dfungen, Schl\u00fcsseltypen, Ersatzschl\u00fcssel, Nachschl\u00fcssel, Industrieschl\u00fcssel, Stahlschl\u00fcssel, Neusilberschl\u00fcssel, Buntbartschl\u00fcssel, Spindschl\u00fcssel, Schrankschl\u00fcssel, Geldkassettenschl\u00fcssel, Haust\u00fcrschl\u00fcssel, T\u00fcrschl\u00fcssel, Briefkastenschl\u00fcssel, Wendeschl\u00fcssel, Zylinderschl\u00fcssel, Einsteckschl\u00fcssel, Rohlinge, Schl\u00fcsselrohlinge, Hauptschl\u00fcssel, Schlie\u00dfanlagen, Schlie\u00dfungen, Sonderschl\u00fcssel, Sonderschlie\u00dfungen, Schlie\u00dfserien<\/h2>\n<h2>SCHL\u00d6SSER<br \/>\nGeb\u00e4udesicherheit, Sicherheitstechnik, Schlie\u00dfsysteme, RONIS-Schl\u00f6sser, KESSLER-Schl\u00f6sser, RENZ-Schl\u00f6sser, RONIS Griff 1095, RONIS Griff 1127, RONIS Hebelschloss 1112, RONIS Hebelschloss 25300, RONIS Hebelschloss 32100, RONIS Hebelschloss 33800, RONIS Hebelschloss 6240-01, RONIS Hebelschloss 6240-04, RONIS Hebelschloss 911A, RONIS Hebelschloss 8700, RONIS Hebelschloss 8800, RONIS Hebelschloss 23000, RONIS Hebelschloss 23700, RONIS Hebelschloss 4900, RONIS Hebelschloss 22505, RONIS Holzm\u00f6belschloss 4500-01, RONIS Riegelschloss 23100, RONIS Riegelschloss 23500, RONIS Kombinationsschloss Typ C4, RONIS OMEGA 100, RONIS Zylinder 1328, RONIS Zylinder 1327, BURG-Schl\u00f6sser, BURG-L\u00dcLING, BURG Hebelschloss H2A11, BURG Hebelschloss H4J.20X, BURG Riegelschloss GSC813X, DOM-Schl\u00f6sser, DOM Hebelschloss 225-08-1, DOM Hebelschloss 225-08-2, DOM Hebelschloss 447-020-3, DOM Hebelschloss 447-020-2, DOM Hebelschloss 447-020-1, DOM Hebelschloss 447-010-1, DOM Hebelschloss 447-010-7, DOM Hebelschloss 447-010-3, DOM Hebelschloss 316-02-5, DOM Hebelschloss 316-2-6, DOM Hebelschloss 316-05-1, DOM Hebelschloss 315-01-1, DOM Hebelschloss 315-01-2, DOM Hebelschloss 315-08-1, DOM Hebelschloss 310-01-1, DOM Hebelschloss 310-01-2, DOM Hebelschloss 310-021-2, DOM Hebelschloss 310-021-4, DOM Hebelschloss 310-022-1, DOM Hebelschloss 310-022-2, DOM Hebelschloss 310-021-9, DOM Hebelschloss 310-015-1, DOM Hebelschloss 310-018-5, DOM Hebelschloss 225-019-1, DOM Hebelschloss 225-024-1, DOM Hebelschloss 225-024-2, DOM Hebelschloss 300-022-1, DOM Hebelschloss 300-022-2, DOM Hebelschloss 225-01B-1, DOM Hebelschloss 225-01B-2, DOM Hebelschloss 225-016-1, DOM Hebelschloss 225-036-4, DOM Hebelschloss 447-04-6, DOM Hebelschloss 447-07-1, DOM Hebelschloss 447-05-9, DOM Druckzylinder 369-047-1, DOM Druckzylinder 369-047A-1, DOM Druckzylinder 369-02-1, DOM Druckzylinder 369-040-1, DOM Druckzylinder 369-01-1, DOM Druckzylinder 369-01A-1, DOM Druckzylinder 318-01-1, DOM Druckzylinder 399-02-2, DOM Druckzylinder 369-067-7, DOM Zentralverschluss 339-06U-40, DOM Zentralverschluss 339-011-1, DOM Zentralverschluss 424-03-40, DOM Zentralverschluss 447-08-4, DOM MODULAR V, DOM Modular V 212-01P-1, DOM Modular V 212-010PHT-1, DOM Modular V 225-010-6, DOM Modular V 424-010-2, DOM Modular V 777-014-1, DOM Modular V 379-010-2, DOM Modular V Ausl\u00f6sewerkzeug 101-135, DOM Holzm\u00f6belschloss 3017-03-1, DOM Holzm\u00f6belschloss 3017-03-2, DOM Holzm\u00f6belschloss 312-22Y-31, DOM Holzm\u00f6belschloss 4006-05-7, DOM Holzm\u00f6belschloss 3020-01-1, DOM Holzm\u00f6belschloss 4006-010-1, DOM Holzm\u00f6belschloss 4003-02-5, DOM Holzm\u00f6belschloss 312-08-1, DOM Holzm\u00f6belschloss 3465, DOM Holzm\u00f6belschloss 312-25Z-7, DOM Holzm\u00f6belschloss 313-013U-1, DOM Zylinder, DOM Zylinder 333-404-3, DOM Zylinder 358-020PHT-4, DOM Zylinder 393-05-2, EURO-LOCKS-Schl\u00f6sser, EURO-LOCKS Drehriegel A208, EURO-LOCKS Hebelschloss 0804, EURO-LOCKS Hebelschloss B671, EURO-LOCKS Hebelschloss C330, EURO-LOCKS Riegelschloss C105, STRENGER-EMKA-Schl\u00f6sser, B\u00fcroeinrichtung, Werkstatteinrichtung, Pl\u00e4ttchenzylinder, Stiftzylinder, Halbzylinder, Doppelzylinder, Schlie\u00dfzylinder, Steckzylinder, Einsteckzylinder, Hebelschl\u00f6sser, Hebelschloss 20mm, Hebelzylinder, Riegelschl\u00f6sser, Zylinderschl\u00f6sser, Druckzylinder, Vorh\u00e4ngeschl\u00f6sser, Hangschl\u00f6sser, Drehriegel, Drehgriffe, Griffmulden, T\u00fcr-Oliven, Elektronische Schl\u00f6sser, Elektronisches Schloss E10, Elektronisches Schloss Tronic +, Elektronisches Schloss E-Lock+, T\u00fcrschl\u00f6sser, Haust\u00fcrschl\u00f6sser, Klappschl\u00f6sser, Steckschl\u00f6sser, Briefkastenschl\u00f6sser, Schrankschl\u00f6sser, Geldkassettenschl\u00f6sser, Holzm\u00f6belschl\u00f6sser, Zylinder f\u00fcr Vorh\u00e4ngeschl\u00f6sser, Schlosskerne, Griffe, Griffschalen, Schaltzylinder, M\u00fcnzpfandschl\u00f6sser, Spezialzylinder, Zentralverschl\u00fcsse, Industrie, Schl\u00f6sser verschiedenschlie\u00dfend, Schl\u00f6sser gleichschlie\u00dfend, Schl\u00f6sser stirnseitig nummeriert nach Schl\u00fcsselnummer, Sondernummierung, RONIS DOM Interlocking, RONIS Ultra-Track<\/h2>\n<p><a href=\"\/?page_id=395\">alles bei CARNEY GmbH<\/a><\/p>\n<p>CARNEY GmbH<\/p>\n<p><a href=\"https:\/\/agentur-heinrich.net\">Design by agentur heinrich<\/a><\/p>\n","protected":false},"excerpt":{"rendered":"<p>SERVICE CENTER CARNEY GmbH liefert originale Schl\u00fcssel und Schl\u00f6sser f\u00fcr RONIS, DOM, BURG, EURO-LOCKS, STRENGER-EMKA, CES und MLM preisg\u00fcnstig und postwendend seit 1963. Der Service steht bei uns im Vordergrund. Z\u00f6gern Sie also nicht, uns bei Fragen zu kontaktieren. Im Zubeh\u00f6r erhalten Sie bei uns Hebel, Schlie\u00dfbleche, Vorreiber, \u00dcberwurfmuttern, Muttern, Klippbefestigungen, Einzelteile, Rosetten, Unterlegscheiben, Halteplatten, Krallenscheiben, Halteklammern, Distanzringe. Montagen auf<\/p>\n<p><a class=\"more-link\" href=\"https:\/\/carney-gmbh.com\/?page_id=15\">Weiterlesen<\/a><\/p>\n","protected":false},"author":1,"featured_media":0,"parent":0,"menu_order":0,"comment_status":"closed","ping_status":"closed","template":"","meta":{"footnotes":""},"class_list":["post-15","page","type-page","status-publish","hentry"],"yoast_head":"<!-- This site is optimized with the Yoast SEO Premium plugin v27.3 (Yoast SEO v27.3) - https:\/\/yoast.com\/product\/yoast-seo-premium-wordpress\/ -->\n<title>CARNEY GmbH - Ihr Service-Partner f\u00fcr Schloss und Schl\u00fcssel<\/title>\n<meta name=\"description\" content=\"RONIS | DOM | BURG | EURO-LOCKS | CES | MLM - Schloss und Schl\u00fcssel von CARNEY GmbH. Shop, Preisliste, Katalog. Kontaktieren Sie uns.\" \/>\n<meta name=\"robots\" content=\"index, follow, max-snippet:-1, max-image-preview:large, max-video-preview:-1\" \/>\n<link rel=\"canonical\" href=\"https:\/\/carney-gmbh.com\/?page_id=15\" \/>\n<meta property=\"og:locale\" content=\"de_DE\" \/>\n<meta property=\"og:type\" content=\"article\" \/>\n<meta property=\"og:title\" content=\"Start\" \/>\n<meta property=\"og:description\" content=\"RONIS | DOM | BURG | EURO-LOCKS | CES | MLM - Schloss und Schl\u00fcssel von CARNEY GmbH. Shop, Preisliste, Katalog. Kontaktieren Sie uns.\" \/>\n<meta property=\"og:url\" content=\"https:\/\/carney-gmbh.com\/?page_id=15\" \/>\n<meta property=\"og:site_name\" content=\"CARNEY GmbH\" \/>\n<meta property=\"article:modified_time\" content=\"2020-08-15T17:21:23+00:00\" \/>\n<meta name=\"twitter:card\" content=\"summary_large_image\" \/>\n<meta name=\"twitter:label1\" content=\"Gesch\u00e4tzte Lesezeit\" \/>\n\t<meta name=\"twitter:data1\" content=\"4\u00a0Minuten\" \/>\n<script type=\"application\/ld+json\" class=\"yoast-schema-graph\">{\"@context\":\"https:\\\/\\\/schema.org\",\"@graph\":[{\"@type\":\"WebPage\",\"@id\":\"https:\\\/\\\/carney-gmbh.com\\\/?page_id=15\",\"url\":\"https:\\\/\\\/carney-gmbh.com\\\/?page_id=15\",\"name\":\"CARNEY GmbH - Ihr Service-Partner f\u00fcr Schloss und Schl\u00fcssel\",\"isPartOf\":{\"@id\":\"https:\\\/\\\/carney-gmbh.com\\\/#website\"},\"datePublished\":\"2019-08-12T15:43:21+00:00\",\"dateModified\":\"2020-08-15T17:21:23+00:00\",\"description\":\"RONIS | DOM | BURG | EURO-LOCKS | CES | MLM - Schloss und Schl\u00fcssel von CARNEY GmbH. Shop, Preisliste, Katalog. Kontaktieren Sie uns.\",\"breadcrumb\":{\"@id\":\"https:\\\/\\\/carney-gmbh.com\\\/?page_id=15#breadcrumb\"},\"inLanguage\":\"de\",\"potentialAction\":[{\"@type\":\"ReadAction\",\"target\":[\"https:\\\/\\\/carney-gmbh.com\\\/?page_id=15\"]}]},{\"@type\":\"BreadcrumbList\",\"@id\":\"https:\\\/\\\/carney-gmbh.com\\\/?page_id=15#breadcrumb\",\"itemListElement\":[{\"@type\":\"ListItem\",\"position\":1,\"name\":\"Startseite\",\"item\":\"https:\\\/\\\/carney-gmbh.com\\\/\"},{\"@type\":\"ListItem\",\"position\":2,\"name\":\"Start\"}]},{\"@type\":\"WebSite\",\"@id\":\"https:\\\/\\\/carney-gmbh.com\\\/#website\",\"url\":\"https:\\\/\\\/carney-gmbh.com\\\/\",\"name\":\"CARNEY GmbH\",\"description\":\"RONIS | DOM | BURG | EURO-LOCKS | TITAN LOCKS | CES | MLM\",\"potentialAction\":[{\"@type\":\"SearchAction\",\"target\":{\"@type\":\"EntryPoint\",\"urlTemplate\":\"https:\\\/\\\/carney-gmbh.com\\\/?s={search_term_string}\"},\"query-input\":{\"@type\":\"PropertyValueSpecification\",\"valueRequired\":true,\"valueName\":\"search_term_string\"}}],\"inLanguage\":\"de\"}]}<\/script>\n<!-- \/ Yoast SEO Premium plugin. -->","yoast_head_json":{"title":"CARNEY GmbH - Ihr Service-Partner f\u00fcr Schloss und Schl\u00fcssel","description":"RONIS | DOM | BURG | EURO-LOCKS | CES | MLM - Schloss und Schl\u00fcssel von CARNEY GmbH. Shop, Preisliste, Katalog. Kontaktieren Sie uns.","robots":{"index":"index","follow":"follow","max-snippet":"max-snippet:-1","max-image-preview":"max-image-preview:large","max-video-preview":"max-video-preview:-1"},"canonical":"https:\/\/carney-gmbh.com\/?page_id=15","og_locale":"de_DE","og_type":"article","og_title":"Start","og_description":"RONIS | DOM | BURG | EURO-LOCKS | CES | MLM - Schloss und Schl\u00fcssel von CARNEY GmbH. Shop, Preisliste, Katalog. Kontaktieren Sie uns.","og_url":"https:\/\/carney-gmbh.com\/?page_id=15","og_site_name":"CARNEY GmbH","article_modified_time":"2020-08-15T17:21:23+00:00","twitter_card":"summary_large_image","twitter_misc":{"Gesch\u00e4tzte Lesezeit":"4\u00a0Minuten"},"schema":{"@context":"https:\/\/schema.org","@graph":[{"@type":"WebPage","@id":"https:\/\/carney-gmbh.com\/?page_id=15","url":"https:\/\/carney-gmbh.com\/?page_id=15","name":"CARNEY GmbH - Ihr Service-Partner f\u00fcr Schloss und Schl\u00fcssel","isPartOf":{"@id":"https:\/\/carney-gmbh.com\/#website"},"datePublished":"2019-08-12T15:43:21+00:00","dateModified":"2020-08-15T17:21:23+00:00","description":"RONIS | DOM | BURG | EURO-LOCKS | CES | MLM - Schloss und Schl\u00fcssel von CARNEY GmbH. Shop, Preisliste, Katalog. Kontaktieren Sie uns.","breadcrumb":{"@id":"https:\/\/carney-gmbh.com\/?page_id=15#breadcrumb"},"inLanguage":"de","potentialAction":[{"@type":"ReadAction","target":["https:\/\/carney-gmbh.com\/?page_id=15"]}]},{"@type":"BreadcrumbList","@id":"https:\/\/carney-gmbh.com\/?page_id=15#breadcrumb","itemListElement":[{"@type":"ListItem","position":1,"name":"Startseite","item":"https:\/\/carney-gmbh.com\/"},{"@type":"ListItem","position":2,"name":"Start"}]},{"@type":"WebSite","@id":"https:\/\/carney-gmbh.com\/#website","url":"https:\/\/carney-gmbh.com\/","name":"CARNEY GmbH","description":"RONIS | DOM | BURG | EURO-LOCKS | TITAN LOCKS | CES | MLM","potentialAction":[{"@type":"SearchAction","target":{"@type":"EntryPoint","urlTemplate":"https:\/\/carney-gmbh.com\/?s={search_term_string}"},"query-input":{"@type":"PropertyValueSpecification","valueRequired":true,"valueName":"search_term_string"}}],"inLanguage":"de"}]}},"_links":{"self":[{"href":"https:\/\/carney-gmbh.com\/index.php?rest_route=\/wp\/v2\/pages\/15","targetHints":{"allow":["GET"]}}],"collection":[{"href":"https:\/\/carney-gmbh.com\/index.php?rest_route=\/wp\/v2\/pages"}],"about":[{"href":"https:\/\/carney-gmbh.com\/index.php?rest_route=\/wp\/v2\/types\/page"}],"author":[{"embeddable":true,"href":"https:\/\/carney-gmbh.com\/index.php?rest_route=\/wp\/v2\/users\/1"}],"replies":[{"embeddable":true,"href":"https:\/\/carney-gmbh.com\/index.php?rest_route=%2Fwp%2Fv2%2Fcomments&post=15"}],"version-history":[{"count":0,"href":"https:\/\/carney-gmbh.com\/index.php?rest_route=\/wp\/v2\/pages\/15\/revisions"}],"wp:attachment":[{"href":"https:\/\/carney-gmbh.com\/index.php?rest_route=%2Fwp%2Fv2%2Fmedia&parent=15"}],"curies":[{"name":"wp","href":"https:\/\/api.w.org\/{rel}","templated":true}]}}